{"id":8356,"date":"2025-09-11T19:01:51","date_gmt":"2025-09-11T17:01:51","guid":{"rendered":"https:\/\/moto-parts.eu\/?post_type=product&#038;p=8356"},"modified":"2025-12-31T13:09:54","modified_gmt":"2025-12-31T12:09:54","slug":"honda-crf-1100-africa-predny-svetlomet-64212-mln-e00","status":"publish","type":"product","link":"https:\/\/moto-parts.eu\/sk\/produkt\/honda-crf-1100-africa-oslona-owiewka-lampy-reflektora-przod-64212-mln-e00\/","title":{"rendered":"Honda CRF 1100 Africa predn\u00fd kryt kapot\u00e1\u017ee svetlometu 64212-MLN-E00"},"content":{"rendered":"<section class=\"section\">\n<div class=\"item item-12\">\n<section class=\"text-item\">S\u00fa\u010das\u0165ou predaja s\u00fa nov\u00e9 origin\u00e1lne diely.<\/section>\n<section class=\"text-item\">Whatsapp : English, Deutsch, Italiano, Fran\u00e7ais, Espa\u00f1ol, \u010cesky, Slovensk\u00e1, Magyar<\/section>\n<\/div>\n<\/section>","protected":false},"excerpt":{"rendered":"<p>K\u00f3d produktu: 64212-MLN-E00 64212MLNE00<\/p>\n<table class=\"myre_zn mp7g_oh m7er_k4 q2unx mp0t_0a msts_pt\">\n<tbody>\n<tr class=\"q1fzo mx7m_0 q1fzo qtqri mgn2_14\">\n<td class=\"mg9e_8 mj7a_8 mh36_8 mpof_vs mupj_5k mjyo_6x m09p_40 qfeeh mzmg_7i mgmw_3z mp4t_0 m3h2_0 mryx_0 munh_0 _3c6dd_ipdVK\"><\/td>\n<td class=\"mg9e_8 mj7a_8 mpof_vs mupj_5k mjyo_6x mzmg_7i mh36_16 m09p_40 qfeeh mvrt_8 mgmw_wo m9qz_yp _3c6dd_AYKa3\"><\/td>\n<\/tr>\n<\/tbody>\n<\/table>","protected":false},"featured_media":8357,"template":"","meta":{"site-sidebar-layout":"default","site-content-layout":"","ast-site-content-layout":"default","site-content-style":"default","site-sidebar-style":"default","ast-global-header-display":"","ast-banner-title-visibility":"","ast-main-header-display":"","ast-hfb-above-header-display":"","ast-hfb-below-header-display":"","ast-hfb-mobile-header-display":"","site-post-title":"","ast-breadcrumbs-content":"","ast-featured-img":"","footer-sml-layout":"","ast-disable-related-posts":"","theme-transparent-header-meta":"default","adv-header-id-meta":"","stick-header-meta":"","header-above-stick-meta":"","header-main-stick-meta":"","header-below-stick-meta":"","astra-migrate-meta-layouts":"set","ast-page-background-enabled":"default","ast-page-background-meta":{"desktop":{"background-color":"var(--ast-global-color-5)","background-image":"","background-repeat":"repeat","background-position":"center center","background-size":"auto","background-attachment":"scroll","background-type":"","background-media":"","overlay-type":"","overlay-color":"","overlay-opacity":"","overlay-gradient":""},"tablet":{"background-color":"","background-image":"","background-repeat":"repeat","background-position":"center center","background-size":"auto","background-attachment":"scroll","background-type":"","background-media":"","overlay-type":"","overlay-color":"","overlay-opacity":"","overlay-gradient":""},"mobile":{"background-color":"","background-image":"","background-repeat":"repeat","background-position":"center center","background-size":"auto","background-attachment":"scroll","background-type":"","background-media":"","overlay-type":"","overlay-color":"","overlay-opacity":"","overlay-gradient":""}},"ast-content-background-meta":{"desktop":{"background-color":"var(--ast-global-color-4)","background-image":"","background-repeat":"repeat","background-position":"center center","background-size":"auto","background-attachment":"scroll","background-type":"","background-media":"","overlay-type":"","overlay-color":"","overlay-opacity":"","overlay-gradient":""},"tablet":{"background-color":"var(--ast-global-color-4)","background-image":"","background-repeat":"repeat","background-position":"center center","background-size":"auto","background-attachment":"scroll","background-type":"","background-media":"","overlay-type":"","overlay-color":"","overlay-opacity":"","overlay-gradient":""},"mobile":{"background-color":"var(--ast-global-color-4)","background-image":"","background-repeat":"repeat","background-position":"center center","background-size":"auto","background-attachment":"scroll","background-type":"","background-media":"","overlay-type":"","overlay-color":"","overlay-opacity":"","overlay-gradient":""}}},"product_brand":[],"product_cat":[87],"product_tag":[],"class_list":{"0":"post-8356","1":"product","2":"type-product","3":"status-publish","4":"has-post-thumbnail","6":"product_cat-honda-crf-1100-africa-twin","7":"pa_stan-nowy","8":"desktop-align-center","9":"tablet-align-left","10":"mobile-align-left","12":"first","13":"instock","14":"shipping-taxable","15":"purchasable","16":"product-type-simple"},"_links":{"self":[{"href":"https:\/\/moto-parts.eu\/sk\/wp-json\/wp\/v2\/product\/8356","targetHints":{"allow":["GET"]}}],"collection":[{"href":"https:\/\/moto-parts.eu\/sk\/wp-json\/wp\/v2\/product"}],"about":[{"href":"https:\/\/moto-parts.eu\/sk\/wp-json\/wp\/v2\/types\/product"}],"wp:featuredmedia":[{"embeddable":true,"href":"https:\/\/moto-parts.eu\/sk\/wp-json\/wp\/v2\/media\/8357"}],"wp:attachment":[{"href":"https:\/\/moto-parts.eu\/sk\/wp-json\/wp\/v2\/media?parent=8356"}],"wp:term":[{"taxonomy":"product_brand","embeddable":true,"href":"https:\/\/moto-parts.eu\/sk\/wp-json\/wp\/v2\/product_brand?post=8356"},{"taxonomy":"product_cat","embeddable":true,"href":"https:\/\/moto-parts.eu\/sk\/wp-json\/wp\/v2\/product_cat?post=8356"},{"taxonomy":"product_tag","embeddable":true,"href":"https:\/\/moto-parts.eu\/sk\/wp-json\/wp\/v2\/product_tag?post=8356"}],"curies":[{"name":"wp","href":"https:\/\/api.w.org\/{rel}","templated":true}]}}