{"id":7429,"date":"2025-06-14T09:08:39","date_gmt":"2025-06-14T07:08:39","guid":{"rendered":"https:\/\/www.moto-parts.eu\/?post_type=product&#038;p=7429"},"modified":"2026-02-16T08:21:21","modified_gmt":"2026-02-16T07:21:21","slug":"honda-crf-1100-africa-bocna-kapota-64300-mln-et0za-64311-mln-eq00","status":"publish","type":"product","link":"https:\/\/moto-parts.eu\/sk\/produkt\/honda-crf-1100-africa-owiewka-boczek-64300-mln-et0za-64311-mln-eq00\/","title":{"rendered":"Honda CRF 1100 Africa \u2013 Bo\u010dn\u00fd panel kapot\u00e1\u017ee 64300-MLN-ET0ZA \/ 64311-MLN-EQ00"},"content":{"rendered":"<section class=\"section\">\n<div class=\"item item-12\">\n<section class=\"text-item\">S\u00fa\u010das\u0165ou predaja s\u00fa nov\u00e9 origin\u00e1lne diely.<\/section>\n<section class=\"text-item\">Whatsapp : English, Deutsch, Italiano, Fran\u00e7ais, Espa\u00f1ol, \u010cesky, Slovensk\u00e1, Magyar<\/section>\n<\/div>\n<\/section>","protected":false},"excerpt":{"rendered":"<p>K\u00f3d produktu: 64300-MLN-ET0ZA 64311-MLN-EQ00 64300MLNET0ZA 64311MLNEQ00<\/p>","protected":false},"featured_media":8102,"template":"","meta":{"site-sidebar-layout":"default","site-content-layout":"","ast-site-content-layout":"default","site-content-style":"default","site-sidebar-style":"default","ast-global-header-display":"","ast-banner-title-visibility":"","ast-main-header-display":"","ast-hfb-above-header-display":"","ast-hfb-below-header-display":"","ast-hfb-mobile-header-display":"","site-post-title":"","ast-breadcrumbs-content":"","ast-featured-img":"","footer-sml-layout":"","ast-disable-related-posts":"","theme-transparent-header-meta":"default","adv-header-id-meta":"","stick-header-meta":"","header-above-stick-meta":"","header-main-stick-meta":"","header-below-stick-meta":"","astra-migrate-meta-layouts":"set","ast-page-background-enabled":"default","ast-page-background-meta":{"desktop":{"background-color":"var(--ast-global-color-5)","background-image":"","background-repeat":"repeat","background-position":"center center","background-size":"auto","background-attachment":"scroll","background-type":"","background-media":"","overlay-type":"","overlay-color":"","overlay-opacity":"","overlay-gradient":""},"tablet":{"background-color":"","background-image":"","background-repeat":"repeat","background-position":"center center","background-size":"auto","background-attachment":"scroll","background-type":"","background-media":"","overlay-type":"","overlay-color":"","overlay-opacity":"","overlay-gradient":""},"mobile":{"background-color":"","background-image":"","background-repeat":"repeat","background-position":"center center","background-size":"auto","background-attachment":"scroll","background-type":"","background-media":"","overlay-type":"","overlay-color":"","overlay-opacity":"","overlay-gradient":""}},"ast-content-background-meta":{"desktop":{"background-color":"var(--ast-global-color-4)","background-image":"","background-repeat":"repeat","background-position":"center center","background-size":"auto","background-attachment":"scroll","background-type":"","background-media":"","overlay-type":"","overlay-color":"","overlay-opacity":"","overlay-gradient":""},"tablet":{"background-color":"var(--ast-global-color-4)","background-image":"","background-repeat":"repeat","background-position":"center center","background-size":"auto","background-attachment":"scroll","background-type":"","background-media":"","overlay-type":"","overlay-color":"","overlay-opacity":"","overlay-gradient":""},"mobile":{"background-color":"var(--ast-global-color-4)","background-image":"","background-repeat":"repeat","background-position":"center center","background-size":"auto","background-attachment":"scroll","background-type":"","background-media":"","overlay-type":"","overlay-color":"","overlay-opacity":"","overlay-gradient":""}}},"product_brand":[],"product_cat":[87],"product_tag":[],"class_list":{"0":"post-7429","1":"product","2":"type-product","3":"status-publish","4":"has-post-thumbnail","6":"product_cat-honda-crf-1100-africa-twin","7":"pa_stan-nowy","8":"desktop-align-center","9":"tablet-align-left","10":"mobile-align-left","12":"first","13":"instock","14":"shipping-taxable","15":"purchasable","16":"product-type-simple"},"_links":{"self":[{"href":"https:\/\/moto-parts.eu\/sk\/wp-json\/wp\/v2\/product\/7429","targetHints":{"allow":["GET"]}}],"collection":[{"href":"https:\/\/moto-parts.eu\/sk\/wp-json\/wp\/v2\/product"}],"about":[{"href":"https:\/\/moto-parts.eu\/sk\/wp-json\/wp\/v2\/types\/product"}],"wp:featuredmedia":[{"embeddable":true,"href":"https:\/\/moto-parts.eu\/sk\/wp-json\/wp\/v2\/media\/8102"}],"wp:attachment":[{"href":"https:\/\/moto-parts.eu\/sk\/wp-json\/wp\/v2\/media?parent=7429"}],"wp:term":[{"taxonomy":"product_brand","embeddable":true,"href":"https:\/\/moto-parts.eu\/sk\/wp-json\/wp\/v2\/product_brand?post=7429"},{"taxonomy":"product_cat","embeddable":true,"href":"https:\/\/moto-parts.eu\/sk\/wp-json\/wp\/v2\/product_cat?post=7429"},{"taxonomy":"product_tag","embeddable":true,"href":"https:\/\/moto-parts.eu\/sk\/wp-json\/wp\/v2\/product_tag?post=7429"}],"curies":[{"name":"wp","href":"https:\/\/api.w.org\/{rel}","templated":true}]}}