{"id":329,"date":"2025-05-23T12:54:01","date_gmt":"2025-05-23T12:54:01","guid":{"rendered":"https:\/\/www.moto-parts.eu\/?page_id=329"},"modified":"2025-06-02T08:24:41","modified_gmt":"2025-06-02T08:24:41","slug":"reklamacie","status":"publish","type":"page","link":"https:\/\/moto-parts.eu\/sk\/reklamacje\/","title":{"rendered":"Reklam\u00e1cie"},"content":{"rendered":"<div data-elementor-type=\"wp-page\" data-elementor-id=\"329\" class=\"elementor elementor-329\">\n\t\t\t\t<div class=\"elementor-element elementor-element-9d587ce e-flex e-con-boxed e-con e-parent\" data-id=\"9d587ce\" data-element_type=\"container\" data-e-type=\"container\" data-settings=\"{&quot;background_background&quot;:&quot;classic&quot;}\">\n\t\t\t\t\t<div class=\"e-con-inner\">\n\t\t\t\t<div class=\"elementor-element elementor-element-6cb4282 elementor-widget elementor-widget-heading\" data-id=\"6cb4282\" data-element_type=\"widget\" data-e-type=\"widget\" data-widget_type=\"heading.default\">\n\t\t\t\t<div class=\"elementor-widget-container\">\n\t\t\t\t\t<h1 class=\"elementor-heading-title elementor-size-default\">Reklam\u00e1cie<\/h1>\t\t\t\t<\/div>\n\t\t\t\t<\/div>\n\t\t\t\t\t<\/div>\n\t\t\t\t<\/div>\n\t\t<div class=\"elementor-element elementor-element-e6aa846 e-flex e-con-boxed e-con e-parent\" data-id=\"e6aa846\" data-element_type=\"container\" data-e-type=\"container\">\n\t\t\t\t\t<div class=\"e-con-inner\">\n\t\t\t\t<div class=\"elementor-element elementor-element-4b52202 elementor-widget elementor-widget-text-editor\" data-id=\"4b52202\" data-element_type=\"widget\" data-e-type=\"widget\" data-widget_type=\"text-editor.default\">\n\t\t\t\t<div class=\"elementor-widget-container\">\n\t\t\t\t\t\t\t\t\t<p class=\"translation-block\">Ak ste spotrebite\u013e a tovar zak\u00fapen\u00fd u n\u00e1s je chybn\u00fd, m\u00e1te pr\u00e1vo ho reklamova\u0165 na z\u00e1klade z\u00e1konnej z\u00e1ruky.\nReklam\u00e1ciu m\u00f4\u017eete poda\u0165 e-mailom na info@www.moto-parts.eu, po\u0161tou alebo osobne na adrese: AUTOMOBILE GMBH SP. Z O.O., ul. Grunwaldzka 7, 08-110 Siedlce.<\/p><p>V s\u00favislosti s chybou m\u00f4\u017eete po\u017eadova\u0165:<\/p><ul><li><strong>v\u00fdmenu tovaru za bezchybn\u00fd,<\/strong><\/li><li><strong>odstr\u00e1nenie chyby,<\/strong><\/li><\/ul><p>alebo poda\u0165 vyhl\u00e1senie o:<\/p><ul><li><strong>zn\u00ed\u017een\u00ed ceny,<\/strong><\/li><li><strong>odst\u00fapen\u00ed od zmluvy \u2013 v pr\u00edpade podstatnej chyby.<\/strong><\/li><\/ul><p>Za chyby zodpoved\u00e1me do dvoch rokov od prevzatia tovaru.<\/p><p class=\"translation-block\">Reklam\u00e1ciu m\u00f4\u017eete poda\u0165 do jedn\u00e9ho roka od zistenia chyby, pri\u010dom tento \u010das nesmie uplyn\u00fa\u0165 pred skon\u010den\u00edm zodpovednosti pred\u00e1vaj\u00faceho.<\/p><p><strong>Va\u0161a reklam\u00e1cia bude vybaven\u00e1 do 14 dn\u00ed od doru\u010denia.<\/strong><\/p><p>Viac inform\u00e1ci\u00ed n\u00e1jdete v na\u0161ich Obchodn\u00fdch podmienkach.<\/p>\t\t\t\t\t\t\t\t<\/div>\n\t\t\t\t<\/div>\n\t\t\t\t\t<\/div>\n\t\t\t\t<\/div>\n\t\t\t\t<\/div>","protected":false},"excerpt":{"rendered":"<p>Reklamacje Je\u015bli jeste\u015b Konsumentem, w przypadku gdy zakupiony u nas towar oka\u017ce si\u0119 wadliwy, masz prawo reklamowa\u0107 go w oparciu [&hellip;]<\/p>\n","protected":false},"author":1,"featured_media":0,"parent":0,"menu_order":0,"comment_status":"closed","ping_status":"closed","template":"","meta":{"site-sidebar-layout":"no-sidebar","site-content-layout":"","ast-site-content-layout":"full-width-container","site-content-style":"default","site-sidebar-style":"default","ast-global-header-display":"","ast-banner-title-visibility":"disabled","ast-main-header-display":"","ast-hfb-above-header-display":"","ast-hfb-below-header-display":"","ast-hfb-mobile-header-display":"","site-post-title":"disabled","ast-breadcrumbs-content":"","ast-featured-img":"disabled","footer-sml-layout":"","ast-disable-related-posts":"","theme-transparent-header-meta":"","adv-header-id-meta":"","stick-header-meta":"","header-above-stick-meta":"","header-main-stick-meta":"","header-below-stick-meta":"","astra-migrate-meta-layouts":"default","ast-page-background-enabled":"default","ast-page-background-meta":{"desktop":{"background-color":"var(--ast-global-color-5)","background-image":"","background-repeat":"repeat","background-position":"center center","background-size":"auto","background-attachment":"scroll","background-type":"","background-media":"","overlay-type":"","overlay-color":"","overlay-opacity":"","overlay-gradient":""},"tablet":{"background-color":"","background-image":"","background-repeat":"repeat","background-position":"center center","background-size":"auto","background-attachment":"scroll","background-type":"","background-media":"","overlay-type":"","overlay-color":"","overlay-opacity":"","overlay-gradient":""},"mobile":{"background-color":"","background-image":"","background-repeat":"repeat","background-position":"center center","background-size":"auto","background-attachment":"scroll","background-type":"","background-media":"","overlay-type":"","overlay-color":"","overlay-opacity":"","overlay-gradient":""}},"ast-content-background-meta":{"desktop":{"background-color":"var(--ast-global-color-4)","background-image":"","background-repeat":"repeat","background-position":"center center","background-size":"auto","background-attachment":"scroll","background-type":"","background-media":"","overlay-type":"","overlay-color":"","overlay-opacity":"","overlay-gradient":""},"tablet":{"background-color":"var(--ast-global-color-4)","background-image":"","background-repeat":"repeat","background-position":"center center","background-size":"auto","background-attachment":"scroll","background-type":"","background-media":"","overlay-type":"","overlay-color":"","overlay-opacity":"","overlay-gradient":""},"mobile":{"background-color":"var(--ast-global-color-4)","background-image":"","background-repeat":"repeat","background-position":"center center","background-size":"auto","background-attachment":"scroll","background-type":"","background-media":"","overlay-type":"","overlay-color":"","overlay-opacity":"","overlay-gradient":""}},"footnotes":""},"class_list":["post-329","page","type-page","status-publish","hentry"],"_links":{"self":[{"href":"https:\/\/moto-parts.eu\/sk\/wp-json\/wp\/v2\/pages\/329","targetHints":{"allow":["GET"]}}],"collection":[{"href":"https:\/\/moto-parts.eu\/sk\/wp-json\/wp\/v2\/pages"}],"about":[{"href":"https:\/\/moto-parts.eu\/sk\/wp-json\/wp\/v2\/types\/page"}],"author":[{"embeddable":true,"href":"https:\/\/moto-parts.eu\/sk\/wp-json\/wp\/v2\/users\/1"}],"replies":[{"embeddable":true,"href":"https:\/\/moto-parts.eu\/sk\/wp-json\/wp\/v2\/comments?post=329"}],"version-history":[{"count":0,"href":"https:\/\/moto-parts.eu\/sk\/wp-json\/wp\/v2\/pages\/329\/revisions"}],"wp:attachment":[{"href":"https:\/\/moto-parts.eu\/sk\/wp-json\/wp\/v2\/media?parent=329"}],"curies":[{"name":"wp","href":"https:\/\/api.w.org\/{rel}","templated":true}]}}