{"id":257,"date":"2025-05-23T11:01:25","date_gmt":"2025-05-23T11:01:25","guid":{"rendered":"https:\/\/www.moto-parts.eu\/?page_id=257"},"modified":"2025-06-23T08:54:53","modified_gmt":"2025-06-23T06:54:53","slug":"zasady-vratenia","status":"publish","type":"page","link":"https:\/\/moto-parts.eu\/sk\/polityka-zwrotow\/","title":{"rendered":"Z\u00e1sady vr\u00e1tenia tovaru"},"content":{"rendered":"<div data-elementor-type=\"wp-page\" data-elementor-id=\"257\" class=\"elementor elementor-257\">\n\t\t\t\t<div class=\"elementor-element elementor-element-8fa4558 e-flex e-con-boxed e-con e-parent\" data-id=\"8fa4558\" data-element_type=\"container\" data-e-type=\"container\" data-settings=\"{&quot;background_background&quot;:&quot;classic&quot;}\">\n\t\t\t\t\t<div class=\"e-con-inner\">\n\t\t\t\t<div class=\"elementor-element elementor-element-804d0f4 elementor-widget elementor-widget-heading\" data-id=\"804d0f4\" data-element_type=\"widget\" data-e-type=\"widget\" data-widget_type=\"heading.default\">\n\t\t\t\t<div class=\"elementor-widget-container\">\n\t\t\t\t\t<h1 class=\"elementor-heading-title elementor-size-default\">Z\u00e1sady vr\u00e1tenia tovaru<\/h1>\t\t\t\t<\/div>\n\t\t\t\t<\/div>\n\t\t\t\t\t<\/div>\n\t\t\t\t<\/div>\n\t\t<div class=\"elementor-element elementor-element-403013c e-flex e-con-boxed e-con e-parent\" data-id=\"403013c\" data-element_type=\"container\" data-e-type=\"container\">\n\t\t\t\t\t<div class=\"e-con-inner\">\n\t\t\t\t<div class=\"elementor-element elementor-element-7c83923 elementor-widget elementor-widget-text-editor\" data-id=\"7c83923\" data-element_type=\"widget\" data-e-type=\"widget\" data-widget_type=\"text-editor.default\">\n\t\t\t\t<div class=\"elementor-widget-container\">\n\t\t\t\t\t\t\t\t\t<p data-pm-slice=\"1 1 []\"><strong>1. Vr\u00e1tenie pe\u0148az\u00ed a preplatkov<\/strong>\u00a0<\/p><p data-pm-slice=\"1 1 []\" class=\"translation-block\">1.1. V pr\u00edpade okolnost\u00ed, ktor\u00e9 zav\u00e4zuj\u00fa Obchod k vr\u00e1teniu finan\u010dn\u00fdch prostriedkov uhraden\u00fdch Z\u00e1kazn\u00edkom na \u00fa\u010det Obchodu, bude vr\u00e1tenie vykonan\u00e9 najnesk\u00f4r do 7 pracovn\u00fdch dn\u00ed.<\/p><p data-pm-slice=\"1 1 []\">1.2. Ak Z\u00e1kazn\u00edk uskuto\u010dnil platbu bankov\u00fdm prevodom, vr\u00e1tenie pe\u0148az\u00ed sa uskuto\u010dn\u00ed na bankov\u00fd \u00fa\u010det, z ktor\u00e9ho bola platba vykonan\u00e1, alebo na in\u00fd \u00fa\u010det uveden\u00fd Z\u00e1kazn\u00edkom.<\/p><p><strong>2. Odst\u00fapenie od zmluvy<\/strong>\u00a0<\/p><p class=\"translation-block\">2.1. V s\u00falade so z\u00e1konom z 2. marca 2000 o ochrane niektor\u00fdch pr\u00e1v spotrebite\u013eov a zodpovednosti za \u0161kodu sp\u00f4soben\u00fa nebezpe\u010dn\u00fdm v\u00fdrobkom m\u00e1 z\u00e1kazn\u00edk, ktor\u00fd je fyzickou osobou a nakupuje na \u00fa\u010dely nes\u00favisiace s jeho podnikate\u013eskou alebo profesion\u00e1lnou \u010dinnos\u0165ou, pr\u00e1vo odst\u00fapi\u0165 od zmluvy bez uvedenia d\u00f4vodu do 14 dn\u00ed od prijatia z\u00e1sielky.<\/p><p>2.2. Na uplatnenie pr\u00e1va na odst\u00fapenie od zmluvy mus\u00ed z\u00e1kazn\u00edk predlo\u017ei\u0165 vyhl\u00e1senie o odst\u00fapen\u00ed a vr\u00e1ti\u0165 tovar obchodu. Vzorov\u00e9 vyhl\u00e1senie je dostupn\u00e9 na webovej str\u00e1nke obchodu.\u00a0<\/p><p>2.3. Vr\u00e1ten\u00fd tovar mus\u00ed by\u0165 kompletn\u00fd a v nezmenenom stave, pokia\u013e zmena nebola nevyhnutn\u00e1 v r\u00e1mci be\u017en\u00e9ho pou\u017e\u00edvania. Z\u00e1kazn\u00edk by mal s tovarom zaobch\u00e1dza\u0165 tak, aby bol umo\u017enen\u00fd jeho pr\u00edpadn\u00fd n\u00e1vrat.\u00a0<\/p><p>2.4. Vr\u00e1ten\u00fd tovar mus\u00ed by\u0165 odoslan\u00fd na adresu Obchodu najnesk\u00f4r do 14 dn\u00ed odo d\u0148a podania vyhl\u00e1senia o odst\u00fapen\u00ed od zmluvy.\u00a0<strong>14 dn\u00ed<\/strong>\u00a0odo d\u0148a ozn\u00e1menia o odst\u00fapen\u00ed od zmluvy.\u00a0<\/p><p>2.5. N\u00e1klady na vr\u00e1tenie tovaru sa nevracaj\u00fa.\u00a0<\/p><p>2.6. Obchod vr\u00e1ti sumu za vr\u00e1ten\u00fd tovar do 7 pracovn\u00fdch dn\u00ed odo d\u0148a prijatia vr\u00e1tenia.\u00a0<strong>7 pracovn\u00fdch dn\u00ed<\/strong>\u00a0odo d\u0148a prijatia da\u0148ov\u00e9ho priznania.<\/p><p><strong>3. Podmienky reklam\u00e1cie<\/strong><\/p><h4>3.1. Tovar pred\u00e1van\u00fd v Obchode m\u00f4\u017ee by\u0165 kryt\u00fd z\u00e1rukou v\u00fdrobcu alebo distrib\u00fatora. Podmienky a doba trvania z\u00e1ruky s\u00fa uveden\u00e9 v z\u00e1ru\u010dnom liste prilo\u017eenom k produktu.<\/h4><div><p>3.2. V pr\u00edpade zistenia vady tovaru m\u00f4\u017ee z\u00e1kazn\u00edk uplatni\u0165 z\u00e1ru\u010dn\u00e9 pr\u00e1va u garanta (v\u00fdrobcu alebo distrib\u00fatora) alebo uplatni\u0165 pr\u00e1va vypl\u00fdvaj\u00face z nes\u00faladu tovaru so zmluvou.<\/p><p>3.3. V pr\u00edpade reklam\u00e1cie tovaru by mal z\u00e1kazn\u00edk zasla\u0165 produkt na adresu Obchodu spolu s dokladom o k\u00fape a popisom reklam\u00e1cie (reklama\u010dn\u00fd formul\u00e1r je dostupn\u00fd na webovej str\u00e1nke Obchodu).\u00a0<\/p><p>3.4. Obchod vybav\u00ed reklam\u00e1ciu do 14 dn\u00ed od prijatia ozn\u00e1menia. Z\u00e1kazn\u00edk bude o v\u00fdsledku informovan\u00fd e-mailom.\u00a0<strong>14 dn\u00ed<\/strong>\u00a0od d\u00e1tumu prijatia s\u0165a\u017enosti. Z\u00e1kazn\u00edk bude o v\u00fdsledku s\u0165a\u017enosti informovan\u00fd e-mailom.\u00a0<\/p><p>3.5. Ak je reklam\u00e1cia uznan\u00e1, Obchod v\u00fdrobok oprav\u00ed, vymen\u00ed za nov\u00fd alebo vr\u00e1ti z\u00e1kazn\u00edkovi k\u00fapnu cenu. N\u00e1klady na vr\u00e1tenie tovaru bud\u00fa preplaten\u00e9 po kladnom vybaven\u00ed reklam\u00e1cie.\u00a0<\/p><p><strong>4 Kontakt pre vr\u00e1tenie tovaru a s\u0165a\u017enosti<\/strong>\u00a0Ak\u00e9ko\u013evek ot\u00e1zky t\u00fdkaj\u00face sa vr\u00e1tenia tovaru a s\u0165a\u017enost\u00ed m\u00f4\u017eete adresova\u0165 z\u00e1kazn\u00edckemu servisu:<br \/><strong>Podrobnosti o spolo\u010dnosti:\u00a0<\/strong>AUTOMOBILE GMBH SP. Z O.O. , ul. Grunwaldzka 7 08-110 Siedlce;<br \/><strong>E-mail:<\/strong>\u00a0info@www.moto-parts.eu<br \/><strong>Telef\u00f3n:<\/strong> +48 503 062 914.<\/p><p class=\"translation-block\">T\u00e1to <strong>Politika vr\u00e1tenia tovaru<\/strong> je platn\u00e1 od <strong>2. j\u00fana 2025<\/strong> a je neoddelite\u013enou s\u00fa\u010das\u0165ou Obchodn\u00fdch podmienok obchodu.<\/p><\/div>\t\t\t\t\t\t\t\t<\/div>\n\t\t\t\t<\/div>\n\t\t\t\t\t<\/div>\n\t\t\t\t<\/div>\n\t\t\t\t<\/div>","protected":false},"excerpt":{"rendered":"<p>Polityka zwrot\u00f3w 1. Zwrot nale\u017cno\u015bci Klientom i nadp\u0142aty\u00a0 1.1. W przypadku zaistnienia okoliczno\u015bci zobowi\u0105zuj\u0105cych Sklep do zwrotu nale\u017cno\u015bci wp\u0142aconych przez [&hellip;]<\/p>\n","protected":false},"author":1,"featured_media":0,"parent":0,"menu_order":0,"comment_status":"closed","ping_status":"closed","template":"","meta":{"site-sidebar-layout":"no-sidebar","site-content-layout":"","ast-site-content-layout":"full-width-container","site-content-style":"default","site-sidebar-style":"default","ast-global-header-display":"","ast-banner-title-visibility":"disabled","ast-main-header-display":"","ast-hfb-above-header-display":"","ast-hfb-below-header-display":"","ast-hfb-mobile-header-display":"","site-post-title":"disabled","ast-breadcrumbs-content":"","ast-featured-img":"disabled","footer-sml-layout":"","ast-disable-related-posts":"","theme-transparent-header-meta":"","adv-header-id-meta":"","stick-header-meta":"","header-above-stick-meta":"","header-main-stick-meta":"","header-below-stick-meta":"","astra-migrate-meta-layouts":"default","ast-page-background-enabled":"default","ast-page-background-meta":{"desktop":{"background-color":"var(--ast-global-color-5)","background-image":"","background-repeat":"repeat","background-position":"center center","background-size":"auto","background-attachment":"scroll","background-type":"","background-media":"","overlay-type":"","overlay-color":"","overlay-opacity":"","overlay-gradient":""},"tablet":{"background-color":"","background-image":"","background-repeat":"repeat","background-position":"center center","background-size":"auto","background-attachment":"scroll","background-type":"","background-media":"","overlay-type":"","overlay-color":"","overlay-opacity":"","overlay-gradient":""},"mobile":{"background-color":"","background-image":"","background-repeat":"repeat","background-position":"center center","background-size":"auto","background-attachment":"scroll","background-type":"","background-media":"","overlay-type":"","overlay-color":"","overlay-opacity":"","overlay-gradient":""}},"ast-content-background-meta":{"desktop":{"background-color":"var(--ast-global-color-4)","background-image":"","background-repeat":"repeat","background-position":"center center","background-size":"auto","background-attachment":"scroll","background-type":"","background-media":"","overlay-type":"","overlay-color":"","overlay-opacity":"","overlay-gradient":""},"tablet":{"background-color":"var(--ast-global-color-4)","background-image":"","background-repeat":"repeat","background-position":"center center","background-size":"auto","background-attachment":"scroll","background-type":"","background-media":"","overlay-type":"","overlay-color":"","overlay-opacity":"","overlay-gradient":""},"mobile":{"background-color":"var(--ast-global-color-4)","background-image":"","background-repeat":"repeat","background-position":"center center","background-size":"auto","background-attachment":"scroll","background-type":"","background-media":"","overlay-type":"","overlay-color":"","overlay-opacity":"","overlay-gradient":""}},"footnotes":""},"class_list":["post-257","page","type-page","status-publish","hentry"],"_links":{"self":[{"href":"https:\/\/moto-parts.eu\/sk\/wp-json\/wp\/v2\/pages\/257","targetHints":{"allow":["GET"]}}],"collection":[{"href":"https:\/\/moto-parts.eu\/sk\/wp-json\/wp\/v2\/pages"}],"about":[{"href":"https:\/\/moto-parts.eu\/sk\/wp-json\/wp\/v2\/types\/page"}],"author":[{"embeddable":true,"href":"https:\/\/moto-parts.eu\/sk\/wp-json\/wp\/v2\/users\/1"}],"replies":[{"embeddable":true,"href":"https:\/\/moto-parts.eu\/sk\/wp-json\/wp\/v2\/comments?post=257"}],"version-history":[{"count":0,"href":"https:\/\/moto-parts.eu\/sk\/wp-json\/wp\/v2\/pages\/257\/revisions"}],"wp:attachment":[{"href":"https:\/\/moto-parts.eu\/sk\/wp-json\/wp\/v2\/media?parent=257"}],"curies":[{"name":"wp","href":"https:\/\/api.w.org\/{rel}","templated":true}]}}