{"id":255,"date":"2025-05-23T11:01:16","date_gmt":"2025-05-23T11:01:16","guid":{"rendered":"https:\/\/www.moto-parts.eu\/?page_id=255"},"modified":"2025-06-20T20:44:42","modified_gmt":"2025-06-20T18:44:42","slug":"dorucenie-a-naklady","status":"publish","type":"page","link":"https:\/\/moto-parts.eu\/sk\/dostawa-i-koszty\/","title":{"rendered":"Doru\u010denie a n\u00e1klady"},"content":{"rendered":"<div data-elementor-type=\"wp-page\" data-elementor-id=\"255\" class=\"elementor elementor-255\">\n\t\t\t\t<div class=\"elementor-element elementor-element-940de7a e-flex e-con-boxed e-con e-parent\" data-id=\"940de7a\" data-element_type=\"container\" data-e-type=\"container\">\n\t\t\t\t\t<div class=\"e-con-inner\">\n\t\t\t\t<div class=\"elementor-element elementor-element-1f64d88 elementor-widget elementor-widget-heading\" data-id=\"1f64d88\" data-element_type=\"widget\" data-e-type=\"widget\" data-widget_type=\"heading.default\">\n\t\t\t\t<div class=\"elementor-widget-container\">\n\t\t\t\t\t<h1 class=\"elementor-heading-title elementor-size-default\">Doru\u010denie a n\u00e1klady<\/h1>\t\t\t\t<\/div>\n\t\t\t\t<\/div>\n\t\t\t\t\t<\/div>\n\t\t\t\t<\/div>\n\t\t<div class=\"elementor-element elementor-element-c820ee8 e-flex e-con-boxed e-con e-parent\" data-id=\"c820ee8\" data-element_type=\"container\" data-e-type=\"container\">\n\t\t\t\t\t<div class=\"e-con-inner\">\n\t\t\t\t<div class=\"elementor-element elementor-element-bb6cd8f elementor-widget elementor-widget-text-editor\" data-id=\"bb6cd8f\" data-element_type=\"widget\" data-e-type=\"widget\" data-widget_type=\"text-editor.default\">\n\t\t\t\t<div class=\"elementor-widget-container\">\n\t\t\t\t\t\t\t\t\t<h4>DOBA SPRACOVANIA OBJEDN\u00c1VKY<\/h4><p class=\"translation-block\">Ihne\u010f po odoslan\u00ed objedn\u00e1vky dostanete e-mail s potvrden\u00edm a odkazom, na ktor\u00fd je potrebn\u00e9 klikn\u00fa\u0165. Po prijat\u00ed potvrdenia objedn\u00e1vky za\u010d\u00edname s jej spracovan\u00edm a o priebehu V\u00e1s budeme priebe\u017ene informova\u0165.\nD\u00e1tum doru\u010denia bal\u00edka = d\u00e1tum odoslania + doba doru\u010denia\nD\u00e1tum odoslania z\u00e1vis\u00ed od dostupnosti produktov a zvolenej formy platby, zatia\u013e \u010do doba doru\u010denia z\u00e1vis\u00ed od zvolen\u00e9ho sp\u00f4sobu dopravy.<\/p><h5>\u00a0<\/h5><h4>DOSTUPNOS\u0164 PRODUKTOV<\/h4><p>Pri ka\u017edom produkte je uveden\u00fd odhadovan\u00fd \u010das, kedy m\u00f4\u017ee by\u0165 produkt odoslan\u00fd. Rob\u00edme v\u0161etko pre to, aby ponuka na str\u00e1nke zodpovedala skuto\u010dn\u00e9mu stavu skladu, m\u00f4\u017ee sa v\u0161ak sta\u0165, \u017ee sa skuto\u010dn\u00e1 doba dodania pred\u013a\u017ei \u2013 v takom pr\u00edpade V\u00e1s budeme okam\u017eite informova\u0165.\nAk objedn\u00e1vate viacero produktov, \u010das odoslania celej objedn\u00e1vky sa riadi produktom s najdlh\u0161ou dobou odoslania. Objedn\u00e1vku je mo\u017en\u00e9 rozdeli\u0165 na viac \u010dast\u00ed \u2013 v takom pr\u00edpade n\u00e1s kontaktujte alebo nap\u00ed\u0161te pozn\u00e1mku do objedn\u00e1vky.<\/p><h5>\u00a0<\/h5><h4>SP\u00d4SOB PLATBY<\/h4><p class=\"translation-block\"><b>Platba prevodom<\/b> \u2013 doba spracovania objedn\u00e1vky z\u00e1vis\u00ed od okamihu prip\u00edsania platby na n\u00e1\u0161 \u00fa\u010det. V z\u00e1vislosti od banky to trv\u00e1 zvy\u010dajne a\u017e dva pracovn\u00e9 dni.<\/p><p class=\"translation-block\"><b>Przelewy24<\/b> \u2013 najpohodlnej\u0161\u00ed a ve\u013emi r\u00fdchly sp\u00f4sob spracovania objedn\u00e1vky. V pracovn\u00fdch hodin\u00e1ch s\u00fa peniaze na n\u00e1\u0161 \u00fa\u010det prip\u00edsan\u00e9 zvy\u010dajne okam\u017eite.<\/p><h5>\u00a0<\/h5><h4>SP\u00d4SOB DORU\u010cENIA<\/h4><p>V Po\u013esku z\u00e1sielky zaslan\u00e9 kuri\u00e9rom zvy\u010dajne dorazia do 1\u20132 pracovn\u00fdch dn\u00ed od odoslania.\u00a0<\/p><p>V r\u00e1mci Eur\u00f3pskej \u00fanie je doba doru\u010denia 4\u20135 pracovn\u00fdch dn\u00ed od odoslania.<\/p><div data-id=\"b58160d\" data-element_type=\"widget\" data-widget_type=\"text-editor.default\"><table><tbody><tr><td><strong>Prepravca<\/strong><\/td><td><strong>Cena dopravy<\/strong><\/td><td><strong>Sp\u00f4sob platby<\/strong><\/td><\/tr><tr><td>Po\u013esko<\/td><td>20 z\u0142<\/td><td>Kuri\u00e9r \u2013 platba vopred<\/td><\/tr><tr><td>Po\u013esko<\/td><td>25 z\u0142<\/td><td>Kuri\u00e9r \u2013 dobierka<\/td><\/tr><tr><td>Eur\u00f3pska \u00fania\u00a0<\/td><td>15 eur<\/td><td>Kuri\u00e9r \u2013 platba vopred<\/td><\/tr><tr><td>Ostatn\u00e9 krajiny\u00a0<\/td><td>Individu\u00e1lne ceny<\/td><td>Kuri\u00e9r \u2013 platba vopred<\/td><\/tr><\/tbody><\/table><\/div>\t\t\t\t\t\t\t\t<\/div>\n\t\t\t\t<\/div>\n\t\t\t\t\t<\/div>\n\t\t\t\t<\/div>\n\t\t\t\t<\/div>","protected":false},"excerpt":{"rendered":"<p>Dostawa i koszty CZAS REALIZACJI ZAM\u00d3WIENIA Natychmiast po z\u0142o\u017ceniu przez Ciebie zam\u00f3wienia otrzymasz e-mail z potwierdzeniem z\u0142o\u017conego zam\u00f3wienia i linkiem, [&hellip;]<\/p>\n","protected":false},"author":1,"featured_media":0,"parent":0,"menu_order":0,"comment_status":"closed","ping_status":"closed","template":"","meta":{"site-sidebar-layout":"no-sidebar","site-content-layout":"","ast-site-content-layout":"full-width-container","site-content-style":"default","site-sidebar-style":"default","ast-global-header-display":"","ast-banner-title-visibility":"disabled","ast-main-header-display":"","ast-hfb-above-header-display":"","ast-hfb-below-header-display":"","ast-hfb-mobile-header-display":"","site-post-title":"disabled","ast-breadcrumbs-content":"","ast-featured-img":"disabled","footer-sml-layout":"","ast-disable-related-posts":"","theme-transparent-header-meta":"","adv-header-id-meta":"","stick-header-meta":"","header-above-stick-meta":"","header-main-stick-meta":"","header-below-stick-meta":"","astra-migrate-meta-layouts":"default","ast-page-background-enabled":"default","ast-page-background-meta":{"desktop":{"background-color":"var(--ast-global-color-5)","background-image":"","background-repeat":"repeat","background-position":"center center","background-size":"auto","background-attachment":"scroll","background-type":"","background-media":"","overlay-type":"","overlay-color":"","overlay-opacity":"","overlay-gradient":""},"tablet":{"background-color":"","background-image":"","background-repeat":"repeat","background-position":"center center","background-size":"auto","background-attachment":"scroll","background-type":"","background-media":"","overlay-type":"","overlay-color":"","overlay-opacity":"","overlay-gradient":""},"mobile":{"background-color":"","background-image":"","background-repeat":"repeat","background-position":"center center","background-size":"auto","background-attachment":"scroll","background-type":"","background-media":"","overlay-type":"","overlay-color":"","overlay-opacity":"","overlay-gradient":""}},"ast-content-background-meta":{"desktop":{"background-color":"var(--ast-global-color-4)","background-image":"","background-repeat":"repeat","background-position":"center center","background-size":"auto","background-attachment":"scroll","background-type":"","background-media":"","overlay-type":"","overlay-color":"","overlay-opacity":"","overlay-gradient":""},"tablet":{"background-color":"var(--ast-global-color-4)","background-image":"","background-repeat":"repeat","background-position":"center center","background-size":"auto","background-attachment":"scroll","background-type":"","background-media":"","overlay-type":"","overlay-color":"","overlay-opacity":"","overlay-gradient":""},"mobile":{"background-color":"var(--ast-global-color-4)","background-image":"","background-repeat":"repeat","background-position":"center center","background-size":"auto","background-attachment":"scroll","background-type":"","background-media":"","overlay-type":"","overlay-color":"","overlay-opacity":"","overlay-gradient":""}},"footnotes":""},"class_list":["post-255","page","type-page","status-publish","hentry"],"_links":{"self":[{"href":"https:\/\/moto-parts.eu\/sk\/wp-json\/wp\/v2\/pages\/255","targetHints":{"allow":["GET"]}}],"collection":[{"href":"https:\/\/moto-parts.eu\/sk\/wp-json\/wp\/v2\/pages"}],"about":[{"href":"https:\/\/moto-parts.eu\/sk\/wp-json\/wp\/v2\/types\/page"}],"author":[{"embeddable":true,"href":"https:\/\/moto-parts.eu\/sk\/wp-json\/wp\/v2\/users\/1"}],"replies":[{"embeddable":true,"href":"https:\/\/moto-parts.eu\/sk\/wp-json\/wp\/v2\/comments?post=255"}],"version-history":[{"count":0,"href":"https:\/\/moto-parts.eu\/sk\/wp-json\/wp\/v2\/pages\/255\/revisions"}],"wp:attachment":[{"href":"https:\/\/moto-parts.eu\/sk\/wp-json\/wp\/v2\/media?parent=255"}],"curies":[{"name":"wp","href":"https:\/\/api.w.org\/{rel}","templated":true}]}}