{"id":2604,"date":"2025-05-29T14:37:37","date_gmt":"2025-05-29T12:37:37","guid":{"rendered":"https:\/\/www.moto-parts.eu\/produkt\/honda-xl-750-transalp-2023-2024-nowa-stacyjka-kluczyki-35100-mlb-d01\/"},"modified":"2026-04-23T10:09:16","modified_gmt":"2026-04-23T09:09:16","slug":"honda-xl-750-transalp-2023-2024-chiavi-di-accensione-nuove-35100-mlb-d01","status":"publish","type":"product","link":"https:\/\/moto-parts.eu\/it\/produkt\/honda-xl-750-transalp-2023-2024-nowa-stacyjka-kluczyki-35100-mlb-d01\/","title":{"rendered":"Honda XL 750 Transalp 2023 2024 Nuovo Blocco Accensione + Chiavi 35100-MLB-D01"},"content":{"rendered":"<section class=\"section\">\n<div class=\"item item-12\">\n<section class=\"text-item\">Nella vendita sono inclusi i pezzi nuovi originali.<\/section>\n<section class=\"text-item\">Whatsapp : English, Deutsch, Italiano, Fran\u00e7ais, Espa\u00f1ol, \u010cesky, Slovensk\u00e1, Magyar<\/section>\n<\/div>\n<\/section>","protected":false},"excerpt":{"rendered":"<p>Codice prodotto: 35100-MLB-D01, 35100MLBD01<\/p>","protected":false},"featured_media":7822,"template":"","meta":{"site-sidebar-layout":"default","site-content-layout":"","ast-site-content-layout":"default","site-content-style":"default","site-sidebar-style":"default","ast-global-header-display":"","ast-banner-title-visibility":"","ast-main-header-display":"","ast-hfb-above-header-display":"","ast-hfb-below-header-display":"","ast-hfb-mobile-header-display":"","site-post-title":"","ast-breadcrumbs-content":"","ast-featured-img":"","footer-sml-layout":"","ast-disable-related-posts":"","theme-transparent-header-meta":"default","adv-header-id-meta":"","stick-header-meta":"","header-above-stick-meta":"","header-main-stick-meta":"","header-below-stick-meta":"","astra-migrate-meta-layouts":"default","ast-page-background-enabled":"default","ast-page-background-meta":{"desktop":{"background-color":"var(--ast-global-color-5)","background-image":"","background-repeat":"repeat","background-position":"center center","background-size":"auto","background-attachment":"scroll","background-type":"","background-media":"","overlay-type":"","overlay-color":"","overlay-opacity":"","overlay-gradient":""},"tablet":{"background-color":"","background-image":"","background-repeat":"repeat","background-position":"center center","background-size":"auto","background-attachment":"scroll","background-type":"","background-media":"","overlay-type":"","overlay-color":"","overlay-opacity":"","overlay-gradient":""},"mobile":{"background-color":"","background-image":"","background-repeat":"repeat","background-position":"center center","background-size":"auto","background-attachment":"scroll","background-type":"","background-media":"","overlay-type":"","overlay-color":"","overlay-opacity":"","overlay-gradient":""}},"ast-content-background-meta":{"desktop":{"background-color":"var(--ast-global-color-4)","background-image":"","background-repeat":"repeat","background-position":"center center","background-size":"auto","background-attachment":"scroll","background-type":"","background-media":"","overlay-type":"","overlay-color":"","overlay-opacity":"","overlay-gradient":""},"tablet":{"background-color":"var(--ast-global-color-4)","background-image":"","background-repeat":"repeat","background-position":"center center","background-size":"auto","background-attachment":"scroll","background-type":"","background-media":"","overlay-type":"","overlay-color":"","overlay-opacity":"","overlay-gradient":""},"mobile":{"background-color":"var(--ast-global-color-4)","background-image":"","background-repeat":"repeat","background-position":"center center","background-size":"auto","background-attachment":"scroll","background-type":"","background-media":"","overlay-type":"","overlay-color":"","overlay-opacity":"","overlay-gradient":""}}},"product_brand":[],"product_cat":[93],"product_tag":[],"class_list":{"0":"post-2604","1":"product","2":"type-product","3":"status-publish","4":"has-post-thumbnail","6":"product_cat-honda-xl-750-transalp","7":"pa_stan-nowy","8":"desktop-align-center","9":"tablet-align-left","10":"mobile-align-left","12":"first","13":"instock","14":"shipping-taxable","15":"purchasable","16":"product-type-simple"},"_links":{"self":[{"href":"https:\/\/moto-parts.eu\/it\/wp-json\/wp\/v2\/product\/2604","targetHints":{"allow":["GET"]}}],"collection":[{"href":"https:\/\/moto-parts.eu\/it\/wp-json\/wp\/v2\/product"}],"about":[{"href":"https:\/\/moto-parts.eu\/it\/wp-json\/wp\/v2\/types\/product"}],"wp:featuredmedia":[{"embeddable":true,"href":"https:\/\/moto-parts.eu\/it\/wp-json\/wp\/v2\/media\/7822"}],"wp:attachment":[{"href":"https:\/\/moto-parts.eu\/it\/wp-json\/wp\/v2\/media?parent=2604"}],"wp:term":[{"taxonomy":"product_brand","embeddable":true,"href":"https:\/\/moto-parts.eu\/it\/wp-json\/wp\/v2\/product_brand?post=2604"},{"taxonomy":"product_cat","embeddable":true,"href":"https:\/\/moto-parts.eu\/it\/wp-json\/wp\/v2\/product_cat?post=2604"},{"taxonomy":"product_tag","embeddable":true,"href":"https:\/\/moto-parts.eu\/it\/wp-json\/wp\/v2\/product_tag?post=2604"}],"curies":[{"name":"wp","href":"https:\/\/api.w.org\/{rel}","templated":true}]}}