{"id":261,"date":"2025-05-23T11:01:43","date_gmt":"2025-05-23T11:01:43","guid":{"rendered":"https:\/\/www.moto-parts.eu\/?page_id=261"},"modified":"2025-06-02T08:25:31","modified_gmt":"2025-06-02T08:25:31","slug":"politica-sulla-privacy","status":"publish","type":"page","link":"https:\/\/moto-parts.eu\/it\/polityka-prywatnosci\/","title":{"rendered":"Politica sulla riservatezza"},"content":{"rendered":"<div data-elementor-type=\"wp-page\" data-elementor-id=\"261\" class=\"elementor elementor-261\">\n\t\t\t\t<div class=\"elementor-element elementor-element-d59091a e-flex e-con-boxed e-con e-parent\" data-id=\"d59091a\" data-element_type=\"container\" data-e-type=\"container\" data-settings=\"{&quot;background_background&quot;:&quot;classic&quot;}\">\n\t\t\t\t\t<div class=\"e-con-inner\">\n\t\t\t\t<div class=\"elementor-element elementor-element-035de4d elementor-widget elementor-widget-heading\" data-id=\"035de4d\" data-element_type=\"widget\" data-e-type=\"widget\" data-widget_type=\"heading.default\">\n\t\t\t\t<div class=\"elementor-widget-container\">\n\t\t\t\t\t<h1 class=\"elementor-heading-title elementor-size-default\">Politica sulla riservatezza<\/h1>\t\t\t\t<\/div>\n\t\t\t\t<\/div>\n\t\t\t\t\t<\/div>\n\t\t\t\t<\/div>\n\t\t<div class=\"elementor-element elementor-element-7bc9799 e-flex e-con-boxed e-con e-parent\" data-id=\"7bc9799\" data-element_type=\"container\" data-e-type=\"container\">\n\t\t\t\t\t<div class=\"e-con-inner\">\n\t\t\t\t<div class=\"elementor-element elementor-element-d4cda03 elementor-widget elementor-widget-text-editor\" data-id=\"d4cda03\" data-element_type=\"widget\" data-e-type=\"widget\" data-widget_type=\"text-editor.default\">\n\t\t\t\t<div class=\"elementor-widget-container\">\n\t\t\t\t\t\t\t\t\t<p>Protezione dei dati personali presso AUTOMOBILE GMBH SP. Z O.O.<\/p>\n<p>Gentili Signore e Signori,<\/p>\n<p>In relazione all\u2019entrata in vigore del Regolamento (UE) 2016\/679 del Parlamento Europeo e del Consiglio del 27 aprile 2016 relativo alla protezione delle persone fisiche con riguardo al trattamento dei dati personali e alla libera circolazione di tali dati, e che abroga la direttiva 95\/46\/CE (Regolamento generale sulla protezione dei dati), informiamo cortesemente che ogni richiesta relativa all\u2019esercizio dei diritti degli interessati pu\u00f2 essere inviata all\u2019indirizzo email: info@www.moto-parts.eu oppure presentata direttamente presso la sede dell\u2019organizzazione in forma scritta.<\/p>\n<ul>\n<li>Il Titolare del trattamento dei dati \u00e8: AUTOMOBILE GMBH SP. Z O.O., ul. Grunwaldzka 7, 08-110 Siedlce.&nbsp;<\/li>\n<li>NIP: 8212672688, Regon: 388957444, numero KRS: 0000900392.<\/li>\n<li>Contatto per la protezione dei dati personali: info@www.moto-parts.eu<\/li>\n<li>I dati personali sono trattati ai sensi dell\u2019art. 6 par. 1 lett. f del GDPR, ovvero sulla base della necessit\u00e0 del trattamento per il perseguimento degli interessi legittimi del Titolare;<\/li>\n<li>Gli interessi legittimi perseguiti dal Titolare consistono nell\u2019offrire prodotti e servizi ai clienti;<\/li>\n<li>I dati personali sono trattati sia manualmente che automaticamente;<\/li>\n<li>Il Titolare tratta i dati personali nei limiti necessari alla conclusione del contratto. Questi dati includono: nome, cognome, luogo di residenza, luogo di prestazione del servizio, indirizzo postale, indirizzo di consegna e numeri di telefono di contatto. L'indirizzo email non \u00e8 richiesto e non costituisce una condizione per la stipula o l\u2019esecuzione del contratto. Il conferimento di tutti i dati \u00e8 volontario.<\/li>\n<li>I dati non saranno comunicati a soggetti diversi da quelli autorizzati dalla legge;<\/li>\n<li>I dati personali non saranno trasferiti a un paese terzo o a un\u2019organizzazione internazionale;<\/li>\n<li>Il Titolare adotta tutte le misure necessarie per garantire la protezione fisica, tecnica e organizzativa dei dati personali conservati contro distruzione accidentale o intenzionale, perdita accidentale, modifica, divulgazione, utilizzo o accesso non autorizzato, in conformit\u00e0 a tutte le normative applicabili;<\/li>\n<\/ul>\n<p>In relazione al trattamento dei Suoi dati personali, Lei ha il diritto di:<\/p>\n<ul>\n<li>richiedere al Titolare l\u2019accesso ai Suoi dati personali;<\/li>\n<li>richiedere al Titolare la rettifica dei Suoi dati personali;<\/li>\n<li>richiedere al Titolare la cancellazione dei Suoi dati personali;<\/li>\n<li>richiedere al Titolare la limitazione del trattamento dei Suoi dati personali;<\/li>\n<li>opporsi al trattamento dei Suoi dati personali;<\/li>\n<li>la portabilit\u00e0 dei Suoi dati personali;<\/li>\n<li>presentare un reclamo all'autorit\u00e0 di controllo;<\/li>\n<\/ul>\n<p>Tali diritti possono essere esercitati contattandoci via e-mail all'indirizzo info@www.moto-parts.eu oppure direttamente presso la sede dell'organizzazione presentando una richiesta scritta.<\/p>\n<p><strong>Biscotto<\/strong><\/p>\n<p>L'Amministratore si impegna a seguire le migliori pratiche e a trattare tutti gli Utenti in modo corretto e trasparente. Utilizzando il sito, acconsenti all\u2019uso dei cookie da parte nostra per garantire una navigazione agevole. Nessun cookie utilizzato sui nostri siti raccoglie informazioni che consentano di identificare l\u2019utente. I cookie sono utilizzati a fini statistici tramite il servizio Google Analytics. I dati sono memorizzati sui dispositivi degli utenti.<\/p>\n<p>L\u2019Utente pu\u00f2 modificare in qualsiasi momento le impostazioni relative ai cookie e cancellare i cookie gi\u00e0 salvati dal browser sul proprio dispositivo. Le modalit\u00e0 di gestione e cancellazione dei cookie variano a seconda del browser utilizzato. Tutte le informazioni necessarie sono disponibili nella sezione Aiuto del browser. Il blocco totale dei cookie pu\u00f2 causare malfunzionamenti o impedire completamente l\u2019uso di alcune funzionalit\u00e0 su altri siti web.<\/p>\t\t\t\t\t\t\t\t<\/div>\n\t\t\t\t<\/div>\n\t\t\t\t\t<\/div>\n\t\t\t\t<\/div>\n\t\t\t\t<\/div>","protected":false},"excerpt":{"rendered":"<p>Polityka prywatno\u015bci Ochrona danych osobowych w firmie AUTOMOBILE GMBH SP. Z O.O. Szanowni Pa\u0144stwo, w zwi\u0105zku z rozpocz\u0119ciem obowi\u0105zywania przepis\u00f3w [&hellip;]<\/p>\n","protected":false},"author":1,"featured_media":0,"parent":0,"menu_order":0,"comment_status":"closed","ping_status":"closed","template":"","meta":{"site-sidebar-layout":"no-sidebar","site-content-layout":"","ast-site-content-layout":"full-width-container","site-content-style":"default","site-sidebar-style":"default","ast-global-header-display":"","ast-banner-title-visibility":"disabled","ast-main-header-display":"","ast-hfb-above-header-display":"","ast-hfb-below-header-display":"","ast-hfb-mobile-header-display":"","site-post-title":"disabled","ast-breadcrumbs-content":"","ast-featured-img":"disabled","footer-sml-layout":"","ast-disable-related-posts":"","theme-transparent-header-meta":"","adv-header-id-meta":"","stick-header-meta":"","header-above-stick-meta":"","header-main-stick-meta":"","header-below-stick-meta":"","astra-migrate-meta-layouts":"default","ast-page-background-enabled":"default","ast-page-background-meta":{"desktop":{"background-color":"var(--ast-global-color-5)","background-image":"","background-repeat":"repeat","background-position":"center center","background-size":"auto","background-attachment":"scroll","background-type":"","background-media":"","overlay-type":"","overlay-color":"","overlay-opacity":"","overlay-gradient":""},"tablet":{"background-color":"","background-image":"","background-repeat":"repeat","background-position":"center center","background-size":"auto","background-attachment":"scroll","background-type":"","background-media":"","overlay-type":"","overlay-color":"","overlay-opacity":"","overlay-gradient":""},"mobile":{"background-color":"","background-image":"","background-repeat":"repeat","background-position":"center center","background-size":"auto","background-attachment":"scroll","background-type":"","background-media":"","overlay-type":"","overlay-color":"","overlay-opacity":"","overlay-gradient":""}},"ast-content-background-meta":{"desktop":{"background-color":"var(--ast-global-color-4)","background-image":"","background-repeat":"repeat","background-position":"center center","background-size":"auto","background-attachment":"scroll","background-type":"","background-media":"","overlay-type":"","overlay-color":"","overlay-opacity":"","overlay-gradient":""},"tablet":{"background-color":"var(--ast-global-color-4)","background-image":"","background-repeat":"repeat","background-position":"center center","background-size":"auto","background-attachment":"scroll","background-type":"","background-media":"","overlay-type":"","overlay-color":"","overlay-opacity":"","overlay-gradient":""},"mobile":{"background-color":"var(--ast-global-color-4)","background-image":"","background-repeat":"repeat","background-position":"center center","background-size":"auto","background-attachment":"scroll","background-type":"","background-media":"","overlay-type":"","overlay-color":"","overlay-opacity":"","overlay-gradient":""}},"footnotes":""},"class_list":["post-261","page","type-page","status-publish","hentry"],"_links":{"self":[{"href":"https:\/\/moto-parts.eu\/it\/wp-json\/wp\/v2\/pages\/261","targetHints":{"allow":["GET"]}}],"collection":[{"href":"https:\/\/moto-parts.eu\/it\/wp-json\/wp\/v2\/pages"}],"about":[{"href":"https:\/\/moto-parts.eu\/it\/wp-json\/wp\/v2\/types\/page"}],"author":[{"embeddable":true,"href":"https:\/\/moto-parts.eu\/it\/wp-json\/wp\/v2\/users\/1"}],"replies":[{"embeddable":true,"href":"https:\/\/moto-parts.eu\/it\/wp-json\/wp\/v2\/comments?post=261"}],"version-history":[{"count":0,"href":"https:\/\/moto-parts.eu\/it\/wp-json\/wp\/v2\/pages\/261\/revisions"}],"wp:attachment":[{"href":"https:\/\/moto-parts.eu\/it\/wp-json\/wp\/v2\/media?parent=261"}],"curies":[{"name":"wp","href":"https:\/\/api.w.org\/{rel}","templated":true}]}}