{"id":259,"date":"2025-05-23T11:01:34","date_gmt":"2025-05-23T11:01:34","guid":{"rendered":"https:\/\/www.moto-parts.eu\/?page_id=259"},"modified":"2025-06-02T08:25:18","modified_gmt":"2025-06-02T08:25:18","slug":"termini-e-condizioni","status":"publish","type":"page","link":"https:\/\/moto-parts.eu\/it\/regulamin\/","title":{"rendered":"Statuto"},"content":{"rendered":"<div data-elementor-type=\"wp-page\" data-elementor-id=\"259\" class=\"elementor elementor-259\">\n\t\t\t\t<div class=\"elementor-element elementor-element-80f6468 e-flex e-con-boxed e-con e-parent\" data-id=\"80f6468\" data-element_type=\"container\" data-e-type=\"container\" data-settings=\"{&quot;background_background&quot;:&quot;classic&quot;}\">\n\t\t\t\t\t<div class=\"e-con-inner\">\n\t\t\t\t<div class=\"elementor-element elementor-element-e0d26f9 elementor-widget elementor-widget-heading\" data-id=\"e0d26f9\" data-element_type=\"widget\" data-e-type=\"widget\" data-widget_type=\"heading.default\">\n\t\t\t\t<div class=\"elementor-widget-container\">\n\t\t\t\t\t<h1 class=\"elementor-heading-title elementor-size-default\">Statuto<\/h1>\t\t\t\t<\/div>\n\t\t\t\t<\/div>\n\t\t\t\t\t<\/div>\n\t\t\t\t<\/div>\n\t\t<div class=\"elementor-element elementor-element-8734f6c e-flex e-con-boxed e-con e-parent\" data-id=\"8734f6c\" data-element_type=\"container\" data-e-type=\"container\">\n\t\t\t\t\t<div class=\"e-con-inner\">\n\t\t\t\t<div class=\"elementor-element elementor-element-dc501eb elementor-widget elementor-widget-text-editor\" data-id=\"dc501eb\" data-element_type=\"widget\" data-e-type=\"widget\" data-widget_type=\"text-editor.default\">\n\t\t\t\t<div class=\"elementor-widget-container\">\n\t\t\t\t\t\t\t\t\t<p>Negozio online moto-parts.eu<\/strong>, disponibile all\u2019indirizzo https:\/\/www.moto-parts.eu, \u00e8 gestito da:<\/p><p>AUTOMOBILE GMBH SP. Z O.O.<\/strong>, ul.\u202fGrunwaldzka\u202f7, 08\u2011110\u202fSiedlce, Polonia.<\/p><p class=\"translation-block\"><strong>Partita IVA (NIP):<\/strong> 8212672688, <strong>Regon:<\/strong> 388957444, <strong>Numero KRS:<\/strong> 0000900392<br><br><\/p><div><p>Glossario:<\/p><p>Negozio<\/strong> \u2013 il negozio online attivo all\u2019indirizzo https:\/\/www.moto-parts.eu\/ che vende beni tramite Internet;\u00a0<\/p><p>Giorni lavorativi<\/strong> \u2013 tutti i giorni dal luned\u00ec al venerd\u00ec, esclusi i festivi;<\/p><p class=\"translation-block\"><b>I. Accettazione ed evasione degli ordini.<\/b><br>\n1. Il negozio vende beni e servizi nel territorio della Polonia tramite Internet. Le informazioni su prodotti e servizi sono pubblicate sul sito moto-parts.eu.<br>\n2. Il cliente del negozio pu\u00f2 essere una persona fisica con piena o limitata capacit\u00e0 giuridica, una persona giuridica o un'entit\u00e0 organizzativa priva di personalit\u00e0 giuridica.<br>\n3. Gli ordini dei clienti vengono accettati tramite il sito moto-parts.eu, 7 giorni su 7, 24 ore su 24. Gli ordini vengono elaborati nei giorni lavorativi durante l'orario di apertura del negozio.<br>\n4. Per effettuare acquisti nel negozio, \u00e8 necessario avere un account di posta elettronica attivo. Per effettuare un ordine, \u00e8 necessario accedere al sito moto-parts.eu, compilare il modulo e accettare il regolamento o registrare un account cliente.<br>\n5. Gli annunci, le pubblicit\u00e0, i listini prezzi e le altre informazioni presenti sul sito non costituiscono un'offerta ai sensi dell'art. 66 del Codice Civile, ma sono solo un invito a concludere un contratto. Il venditore si riserva il diritto di modificare i prezzi dei beni o servizi.<br>\n6. Inviando un ordine al negozio, il cliente fa un'offerta per concludere un contratto di compravendita dei beni o servizi ordinati. Il cliente ricever\u00e0 un'e-mail con la richiesta di conferma dell'ordine. Dopo la conferma e l'accettazione da parte del negozio, l'ordine verr\u00e0 accettato per l'evasione.<br>\n7. Per effettuare un ordine, il cliente \u00e8 tenuto a:<br>\n\u2013 selezionare i prodotti o servizi ordinati,<br>\n\u2013 selezionare il metodo di consegna, l'indirizzo di consegna e l'indirizzo per la fattura (possono essere differenti),<br>\n\u2013 selezionare il metodo di pagamento.<br>\n8. In caso di indisponibilit\u00e0 dei prodotti ordinati nel magazzino, presso i fornitori del negozio o per altri motivi che rendono impossibile l'evasione dell'ordine, il negozio informer\u00e0 il cliente entro e non oltre 30 (trenta) giorni dalla conclusione del contratto e restituir\u00e0 l'importo pagato. La notifica verr\u00e0 inviata all'indirizzo e-mail fornito dal cliente nel modulo d'ordine.<br>\n9. In caso di indisponibilit\u00e0 parziale dei prodotti ordinati, il cliente sar\u00e0 informato dello stato dell'ordine e prender\u00e0 una decisione su come procedere.<br>\n10. Il cliente ha le seguenti opzioni:<br>\n\u2013 evasione parziale \u2013 l'evasione riguarda solo i prodotti disponibili, il negozio \u00e8 esonerato dall'obbligo di completare l'ordine,<br>\n\u2013 annullamento totale \u2013 l'intero ordine viene annullato. Se il cliente ha gi\u00e0 effettuato un pagamento, il negozio rimborser\u00e0 l'importo secondo le presenti condizioni.<br>\n11. Il numero di prodotti disponibili per la vendita promozionale o in saldo \u00e8 limitato.<br>\n12. L'evasione degli ordini avviene in base all'ordine di ricezione degli ordini confermati, fino all'esaurimento delle scorte presso il magazzino del negozio o dei suoi fornitori.<\/p><p class=\"translation-block\"><b>II. Modifiche agli ordini.<\/b><br>\n1. Il cliente pu\u00f2 apportare modifiche all'ordine o annullarlo fino al momento in cui l'ordine viene affidato alla spedizione. Le modifiche possono essere effettuate contattando il Servizio Clienti tramite il modulo di contatto sulle pagine di assistenza o telefonicamente.<br>\n2. Le modifiche richieste in modi diversi dal modulo di contatto verranno apportate solo dopo la verifica dell'identit\u00e0 del cliente.<br>\n3. Le modifiche riguardanti: indirizzo del cliente, indirizzo di consegna e istruzioni per il rimborso saranno accettate solo tramite il modulo di contatto.<\/p><p class=\"translation-block\"><b>III. Prezzi dei prodotti.<\/b><br>\n1. Tutti i prezzi dei prodotti indicati sul sito del Negozio:<br>\n\u2013 sono espressi in z\u0142oty polacchi,<br>\n\u2013 includono l'IVA,<br>\n\u2013 non includono eventuali dazi doganali,<br>\n\u2013 non includono i costi di spedizione.<br>\n2. Il prezzo indicato per ogni prodotto \u00e8 vincolante al momento della conferma dell\u2019ordine da parte del Cliente e dell'accettazione da parte del Negozio.<br>\n3. Il Negozio si riserva il diritto di avviare, annullare o modificare promozioni e saldi. Questo diritto non influisce sui prezzi dei prodotti negli ordini effettuati prima della modifica.<br>\n4. Le promozioni non sono cumulabili, salvo diversa indicazione nei termini della promozione.<br>\n5. La consegna avviene secondo il metodo scelto dal Cliente e indicato nell\u2019ordine. La tabella aggiornata dei costi di spedizione \u00e8 disponibile sul sito del Negozio.<\/p><p class=\"translation-block\"><b>IV. Tempi di evasione dell'ordine.<\/b><br>\n1. Ogni prodotto ha indicato un tempo stimato di preparazione per la spedizione. \u00c8 il tempo che intercorre tra l'accettazione dell'ordine e la consegna del pacco al corriere. Si considerano solo i giorni lavorativi. Gli ordini con prodotti che hanno tempi diversi saranno spediti solo quando l\u2019ordine sar\u00e0 completo. Il tempo di spedizione \u00e8 determinato dal prodotto con il tempo pi\u00f9 lungo.<br>\n2. In Polonia, la consegna pu\u00f2 avvenire, a scelta del Cliente:<br>\n\u2013 tramite corriere,<br>\n3. Per determinati prodotti, il Negozio si riserva il diritto di escludere alcune modalit\u00e0 di consegna.<br>\n4. Il Cliente, al momento del ricevimento del pacco, deve controllarne le condizioni alla presenza del corriere.<br>\n5. In caso di danni o manomissioni, \u00e8 necessario redigere un verbale di danno con il corriere. Inviare il verbale con il reclamo faciliter\u00e0 l'elaborazione.<\/p><p class=\"translation-block\"><b>V. Metodi di pagamento. Inizio dell'elaborazione dell'ordine.<\/b><br>\n1. Il Cliente pu\u00f2 scegliere i seguenti metodi di pagamento per gli ordini con consegna in Polonia:<br>\u2013 bonifico bancario,<br>\n2. L'elaborazione dell'ordine inizia dopo il completamento del processo di ordinazione.<br>\n3. L'elaborazione dell'ordine inizia dopo che il Negozio ha ricevuto la conferma del pagamento da parte dell\u2019operatore o, nel caso di bonifico, dopo l\u2019accredito sul conto del Negozio.<br>\n4. Per alcuni prodotti, il Negozio si riserva il diritto di escludere alcune modalit\u00e0 di pagamento.<\/p><p class=\"translation-block\"><b>VI. Reclami<\/b>.<br>1. I prodotti possono essere coperti da garanzia del produttore o del distributore. Le condizioni dettagliate e la durata della garanzia sono specificate nella scheda di garanzia rilasciata dal garante.<br>2. Se il prodotto ricevuto \u00e8 difettoso, il Cliente pu\u00f2, a sua scelta, avvalersi della garanzia direttamente presso il garante (produttore o distributore) nei centri indicati oppure dei diritti nei confronti del venditore per la non conformit\u00e0 del prodotto al contratto. I diritti di garanzia e quelli derivanti dalla non conformit\u00e0 sono indipendenti tra loro.<br>3. In caso di non conformit\u00e0 del prodotto, il Cliente ha diritto a presentare un reclamo presso il Negozio entro 2 (due) anni dalla consegna, a condizione che informi il Negozio entro 2 (due) mesi dalla scoperta. In tal caso, il Cliente deve restituire il prodotto all\u2019indirizzo del Negozio.<br>4. Alla merce restituita deve essere allegata la prova d\u2019acquisto con una descrizione del reclamo (modulo disponibile sul sito del negozio).<br>5. Il Negozio risponder\u00e0 al reclamo e informer\u00e0 il Cliente sui successivi passi senza indugio, entro e non oltre 14 giorni dal ricevimento della merce.<br>6. In caso di accoglimento del reclamo, il prodotto danneggiato sar\u00e0 riparato o sostituito con uno nuovo e funzionante. Se ci\u00f2 non fosse possibile, il Negozio rimborser\u00e0 il valore del prodotto. Le spese di spedizione saranno rimborsate dopo l\u2019approvazione del reclamo.<\/p><p class=\"translation-block\"><b>VII. Recesso dal contratto.<\/b><br>1. In conformit\u00e0 con la legge del 2 marzo 2000 \"Sulla tutela di alcuni diritti dei consumatori e sulla responsabilit\u00e0 per danni causati da prodotti pericolosi\", il Cliente, persona fisica che effettua un acquisto per scopi non legati all\u2019attivit\u00e0 professionale o commerciale, pu\u00f2 recedere dal contratto entro 14 giorni dalla ricezione della merce, senza fornire alcuna motivazione.<br>2. Il Cliente deve presentare una dichiarazione di recesso e restituire il prodotto al Negozio.<br>3. I prodotti restituiti devono essere completi. I prodotti devono essere restituiti nello stato originale, salvo che la modifica sia stata necessaria nell\u2019ambito dell\u2019uso normale, ovvero il Cliente deve aver trattato i prodotti pensando a un possibile reso.<br>4. Il prodotto restituito deve essere inviato entro 14 giorni dal recesso, insieme alla dichiarazione di recesso (modulo disponibile sul sito del Negozio).<br>5. Le spese di restituzione non sono rimborsabili.<br>6. Il Negozio effettuer\u00e0 il rimborso dell\u2019importo entro 7 (sette) giorni lavorativi.<\/p><p class=\"translation-block\"><b>VIII. Rimborsi ai Clienti. Pagamenti in eccesso.<\/b><br>1. In caso di circostanze che obbligano il Negozio a rimborsare le somme versate dal Cliente sul conto del Negozio, il rimborso verr\u00e0 effettuato entro un massimo di 7 giorni lavorativi.<br>2. Se il Cliente ha effettuato il pagamento tramite bonifico, il rimborso sar\u00e0 effettuato sul conto da cui \u00e8 stato effettuato il pagamento o su un altro conto indicato dal Cliente.<\/p><p class=\"translation-block\"><b>Dati personali.<\/b><br>1. Effettuando un ordine nel Negozio, il Cliente acconsente all\u2019inserimento dei propri dati personali nel database di AUTOMOBILE GMBH SP. Z O.O., ul. Grunwaldzka 7, 08-110 Siedlce; e al loro trattamento ai fini dell\u2019esecuzione del contratto. Il conferimento dei dati personali \u00e8 volontario, ma la mancata autorizzazione al trattamento impedisce al Negozio di completare l\u2019ordine. Il Cliente \u00e8 responsabile dei dati falsi forniti.<br>2. I dati personali sono protetti secondo la Legge sulla protezione dei dati personali del 29.08.1997 (G.U. n. 101 del 2002, voce 926 e successive modifiche), in modo da impedirne l\u2019accesso a terzi.<br>3. Con il consenso aggiuntivo del Cliente, i dati personali potranno essere trattati dal Negozio per informarlo su nuovi prodotti, promozioni e servizi disponibili.<br>4. I Clienti del Negozio hanno il diritto di accedere ai propri dati personali, modificarli e richiederne la cancellazione.<\/p><p class=\"translation-block\"><b>Disposizioni finali.<\/b><br>1. Il contratto di vendita \u00e8 stipulato tra il Cliente e AUTOMOBILE GMBH SP. Z O.O., ul. Grunwaldzka 7, 08-110 Siedlce.<br>2. I prodotti presentati sul sito del Negozio non costituiscono un\u2019offerta ai sensi del Codice Civile. Le informazioni non garantiscono la disponibilit\u00e0 in magazzino o presso i fornitori.<br>3. Il Negozio non \u00e8 responsabile per il blocco o l\u2019eliminazione delle email da parte dei server di posta o dei software del Cliente.<br>4. Il Negozio non \u00e8 responsabile per errori nell\u2019evasione dell\u2019ordine dovuti a dati errati forniti dal Cliente.<br>5. Il Negozio utilizza cookie per monitorare l\u2019utilizzo del sito moto-parts.eu.<br>6. Il Cliente pu\u00f2 navigare senza accettare i cookie, ma ci\u00f2 pu\u00f2 limitare alcune funzionalit\u00e0. In tal caso, deve configurare il browser per rifiutare o segnalare i cookie.<br>7. Eventuali controversie saranno risolte dal tribunale competente secondo il Codice di Procedura Civile del 17 novembre 1964 (G.U. n. 43, voce 296, con modifiche).<br>8. Per le questioni non disciplinate si applicano le leggi polacche, in particolare il Codice Civile, la Legge sulle vendite ai consumatori (G.U. n. 141\/2002, voce 1176) e la Legge sulla tutela dei diritti dei consumatori (G.U. n. 22\/2000, voce 271).<br>9. Il presente Regolamento \u00e8 in vigore dal 1 gennaio 2014.<br>10. Il Negozio si riserva il diritto di modificare il Regolamento. Le modifiche entreranno in vigore non prima di 7 giorni dalla loro pubblicazione sul sito moto-parts.eu.<\/p><p>Gli ordini effettuati prima della data di entrata in vigore delle modifiche al presente Regolamento saranno evasi secondo le disposizioni in vigore alla data dell\u2019ordine.<\/p><p class=\"translation-block\"><b>Tempo di evasione dell\u2019ordine<\/b> \u2013 tempo necessario al Negozio per completare l\u2019ordine e consegnarlo al corriere scelto dal Cliente;<br>\n<b>Cliente<\/b> \u2013 persona fisica o azienda che effettua acquisti nel Negozio;<br>\n<b>Consulente<\/b> \u2013 persona incaricata del servizio clienti;<br>\n<b>Account Cliente<\/b> \u2013 database contenente i dati del Cliente utilizzati per evadere gli ordini, cronologia acquisti, preferenze sulle funzionalit\u00e0 del sito, e informazioni su pagamenti e rimborsi;<br>\n<b>Bonifico tradizionale<\/b> \u2013 pagamento effettuato dal Cliente tramite banca (online, allo sportello o tramite ufficio postale);<br>\n<b>Bonifico elettronico<\/b> \u2013 pagamento online effettuato tramite conto corrente bancario, usando il sistema di <b>pagamento online Przelewy24<\/b>;<\/p><\/div>\t\t\t\t\t\t\t\t<\/div>\n\t\t\t\t<\/div>\n\t\t\t\t\t<\/div>\n\t\t\t\t<\/div>\n\t\t\t\t<\/div>","protected":false},"excerpt":{"rendered":"<p>Regulamin Sklep internetowy moto-parts.eu, dzia\u0142aj\u0105cy pod adresem https:\/\/www.moto-parts.eu prowadzony jest przez: AUTOMOBILE GMBH SP. Z O.O.\u00a0, ul. Grunwaldzka 7 08-110 [&hellip;]<\/p>\n","protected":false},"author":1,"featured_media":0,"parent":0,"menu_order":0,"comment_status":"closed","ping_status":"closed","template":"","meta":{"site-sidebar-layout":"no-sidebar","site-content-layout":"","ast-site-content-layout":"full-width-container","site-content-style":"default","site-sidebar-style":"default","ast-global-header-display":"","ast-banner-title-visibility":"disabled","ast-main-header-display":"","ast-hfb-above-header-display":"","ast-hfb-below-header-display":"","ast-hfb-mobile-header-display":"","site-post-title":"disabled","ast-breadcrumbs-content":"","ast-featured-img":"disabled","footer-sml-layout":"","ast-disable-related-posts":"","theme-transparent-header-meta":"","adv-header-id-meta":"","stick-header-meta":"","header-above-stick-meta":"","header-main-stick-meta":"","header-below-stick-meta":"","astra-migrate-meta-layouts":"default","ast-page-background-enabled":"default","ast-page-background-meta":{"desktop":{"background-color":"var(--ast-global-color-5)","background-image":"","background-repeat":"repeat","background-position":"center center","background-size":"auto","background-attachment":"scroll","background-type":"","background-media":"","overlay-type":"","overlay-color":"","overlay-opacity":"","overlay-gradient":""},"tablet":{"background-color":"","background-image":"","background-repeat":"repeat","background-position":"center center","background-size":"auto","background-attachment":"scroll","background-type":"","background-media":"","overlay-type":"","overlay-color":"","overlay-opacity":"","overlay-gradient":""},"mobile":{"background-color":"","background-image":"","background-repeat":"repeat","background-position":"center center","background-size":"auto","background-attachment":"scroll","background-type":"","background-media":"","overlay-type":"","overlay-color":"","overlay-opacity":"","overlay-gradient":""}},"ast-content-background-meta":{"desktop":{"background-color":"var(--ast-global-color-4)","background-image":"","background-repeat":"repeat","background-position":"center center","background-size":"auto","background-attachment":"scroll","background-type":"","background-media":"","overlay-type":"","overlay-color":"","overlay-opacity":"","overlay-gradient":""},"tablet":{"background-color":"var(--ast-global-color-4)","background-image":"","background-repeat":"repeat","background-position":"center center","background-size":"auto","background-attachment":"scroll","background-type":"","background-media":"","overlay-type":"","overlay-color":"","overlay-opacity":"","overlay-gradient":""},"mobile":{"background-color":"var(--ast-global-color-4)","background-image":"","background-repeat":"repeat","background-position":"center center","background-size":"auto","background-attachment":"scroll","background-type":"","background-media":"","overlay-type":"","overlay-color":"","overlay-opacity":"","overlay-gradient":""}},"footnotes":""},"class_list":["post-259","page","type-page","status-publish","hentry"],"_links":{"self":[{"href":"https:\/\/moto-parts.eu\/it\/wp-json\/wp\/v2\/pages\/259","targetHints":{"allow":["GET"]}}],"collection":[{"href":"https:\/\/moto-parts.eu\/it\/wp-json\/wp\/v2\/pages"}],"about":[{"href":"https:\/\/moto-parts.eu\/it\/wp-json\/wp\/v2\/types\/page"}],"author":[{"embeddable":true,"href":"https:\/\/moto-parts.eu\/it\/wp-json\/wp\/v2\/users\/1"}],"replies":[{"embeddable":true,"href":"https:\/\/moto-parts.eu\/it\/wp-json\/wp\/v2\/comments?post=259"}],"version-history":[{"count":0,"href":"https:\/\/moto-parts.eu\/it\/wp-json\/wp\/v2\/pages\/259\/revisions"}],"wp:attachment":[{"href":"https:\/\/moto-parts.eu\/it\/wp-json\/wp\/v2\/media?parent=259"}],"curies":[{"name":"wp","href":"https:\/\/api.w.org\/{rel}","templated":true}]}}