{"id":257,"date":"2025-05-23T11:01:25","date_gmt":"2025-05-23T11:01:25","guid":{"rendered":"https:\/\/www.moto-parts.eu\/?page_id=257"},"modified":"2025-06-23T08:54:53","modified_gmt":"2025-06-23T06:54:53","slug":"politica-di-reso","status":"publish","type":"page","link":"https:\/\/moto-parts.eu\/it\/polityka-zwrotow\/","title":{"rendered":"Politica di reso"},"content":{"rendered":"<div data-elementor-type=\"wp-page\" data-elementor-id=\"257\" class=\"elementor elementor-257\">\n\t\t\t\t<div class=\"elementor-element elementor-element-8fa4558 e-flex e-con-boxed e-con e-parent\" data-id=\"8fa4558\" data-element_type=\"container\" data-e-type=\"container\" data-settings=\"{&quot;background_background&quot;:&quot;classic&quot;}\">\n\t\t\t\t\t<div class=\"e-con-inner\">\n\t\t\t\t<div class=\"elementor-element elementor-element-804d0f4 elementor-widget elementor-widget-heading\" data-id=\"804d0f4\" data-element_type=\"widget\" data-e-type=\"widget\" data-widget_type=\"heading.default\">\n\t\t\t\t<div class=\"elementor-widget-container\">\n\t\t\t\t\t<h1 class=\"elementor-heading-title elementor-size-default\">Politica di reso<\/h1>\t\t\t\t<\/div>\n\t\t\t\t<\/div>\n\t\t\t\t\t<\/div>\n\t\t\t\t<\/div>\n\t\t<div class=\"elementor-element elementor-element-403013c e-flex e-con-boxed e-con e-parent\" data-id=\"403013c\" data-element_type=\"container\" data-e-type=\"container\">\n\t\t\t\t\t<div class=\"e-con-inner\">\n\t\t\t\t<div class=\"elementor-element elementor-element-7c83923 elementor-widget elementor-widget-text-editor\" data-id=\"7c83923\" data-element_type=\"widget\" data-e-type=\"widget\" data-widget_type=\"text-editor.default\">\n\t\t\t\t<div class=\"elementor-widget-container\">\n\t\t\t\t\t\t\t\t\t<p data-pm-slice=\"1 1 []\"><strong>1. Rimborsi e pagamenti in eccesso<\/strong>\u00a0<\/p><p data-pm-slice=\"1 1 []\" class=\"translation-block\">1.1. In caso di circostanze che obbligano il Negozio a rimborsare gli importi versati dal Cliente sul conto del Negozio, il rimborso avverr\u00e0 entro un massimo di 7 giorni lavorativi.<\/p><p data-pm-slice=\"1 1 []\">1.2. Se il Cliente ha effettuato il pagamento tramite bonifico, il rimborso verr\u00e0 effettuato sul conto corrente da cui \u00e8 stato effettuato il pagamento oppure su un altro conto indicato dal Cliente.<\/p><p><strong>2. Recesso dal contratto<\/strong>\u00a0<\/p><p class=\"translation-block\">2.1. In conformit\u00e0 con la legge del 2 marzo 2000 sulla tutela di alcuni diritti dei consumatori e sulla responsabilit\u00e0 per danni causati da prodotti pericolosi, il Cliente che \u00e8 una persona fisica che effettua un acquisto per scopi non legati alla propria attivit\u00e0 professionale o commerciale ha il diritto di recedere dal contratto senza indicarne il motivo entro 14 giorni dal ricevimento della spedizione.<\/p><p>2.2. Per esercitare il diritto di recesso, il Cliente deve inviare una dichiarazione di recesso e restituire il prodotto al Negozio. Un modello di dichiarazione \u00e8 disponibile sul sito del Negozio.\u00a0<\/p><p>2.3. I prodotti restituiti devono essere completi e in condizioni inalterate, salvo che il cambiamento sia stato necessario nell\u2019ambito della normale gestione. Il Cliente deve trattare il prodotto in modo da consentirne l\u2019eventuale restituzione.\u00a0<\/p><p>2.4. Il prodotto restituito deve essere rispedito all\u2019indirizzo del Negozio entro e non oltre 14 giorni dalla data di invio della dichiarazione di recesso.\u00a0<strong>14 giorni<\/strong>\u00a0dalla data di comunicazione del recesso.\u00a0<\/p><p>2.5. Il costo della restituzione del prodotto non \u00e8 rimborsabile.\u00a0<\/p><p>2.6. Il Negozio rimborser\u00e0 l'importo dovuto per il prodotto restituito entro 7 giorni lavorativi dalla ricezione del reso.\u00a0<strong>7 giorni lavorativi<\/strong>\u00a0dalla data di ricevimento della restituzione.<\/p><p><strong>3. Condizioni per i reclami<\/strong><\/p><h4>3.1. I prodotti venduti nel Negozio possono essere coperti da garanzia del produttore o del distributore. Le condizioni e la durata della garanzia sono indicate nel certificato di garanzia allegato al prodotto.<\/h4><div><p>3.2. In caso di difetto del prodotto, il Cliente pu\u00f2 avvalersi dei diritti di garanzia presso il garante (produttore o distributore) oppure far valere i propri diritti per difformit\u00e0 del prodotto rispetto al contratto.<\/p><p>3.3. In caso di reclamo, il Cliente deve restituire il prodotto all\u2019indirizzo del Negozio insieme alla prova d\u2019acquisto e a una descrizione del reclamo (il modulo di reclamo \u00e8 disponibile sul sito del Negozio).\u00a0<\/p><p>3.4. Il Negozio esaminer\u00e0 il reclamo entro 14 giorni dalla ricezione della segnalazione. Il Cliente sar\u00e0 informato dell\u2019esito via e-mail.\u00a0<strong>14 giorni<\/strong>\u00a0dalla data di ricevimento del reclamo. Il cliente sar\u00e0 informato dell'esito del reclamo via e-mail.\u00a0<\/p><p>3.5. Se il reclamo viene accettato, il Negozio riparer\u00e0 il prodotto, lo sostituir\u00e0 con uno nuovo oppure rimborser\u00e0 al Cliente il prezzo d'acquisto. Le spese di spedizione per la restituzione saranno rimborsate dopo l'accettazione del reclamo.\u00a0<\/p><p><strong>4 Contatti per resi e reclami<\/strong>\u00a0Qualsiasi domanda relativa a restituzioni e reclami pu\u00f2 essere rivolta al Servizio Clienti:<br \/><strong>Dettagli dell'azienda:\u00a0<\/strong>AUTOMOBILE GMBH SP. Z O.O. , ul. Grunwaldzka 7 08-110 Siedlce;<br \/><strong>E-mail:<\/strong>\u00a0info@www.moto-parts.eu<br \/><strong>Telefono:<\/strong> +48 503 062 914.<\/p><p class=\"translation-block\">La presente <strong>Politica di Reso<\/strong> \u00e8 in vigore a partire dal <strong>2 giugno 2025<\/strong> e costituisce parte integrante del Regolamento del Negozio.<\/p><\/div>\t\t\t\t\t\t\t\t<\/div>\n\t\t\t\t<\/div>\n\t\t\t\t\t<\/div>\n\t\t\t\t<\/div>\n\t\t\t\t<\/div>","protected":false},"excerpt":{"rendered":"<p>Polityka zwrot\u00f3w 1. Zwrot nale\u017cno\u015bci Klientom i nadp\u0142aty\u00a0 1.1. W przypadku zaistnienia okoliczno\u015bci zobowi\u0105zuj\u0105cych Sklep do zwrotu nale\u017cno\u015bci wp\u0142aconych przez [&hellip;]<\/p>\n","protected":false},"author":1,"featured_media":0,"parent":0,"menu_order":0,"comment_status":"closed","ping_status":"closed","template":"","meta":{"site-sidebar-layout":"no-sidebar","site-content-layout":"","ast-site-content-layout":"full-width-container","site-content-style":"default","site-sidebar-style":"default","ast-global-header-display":"","ast-banner-title-visibility":"disabled","ast-main-header-display":"","ast-hfb-above-header-display":"","ast-hfb-below-header-display":"","ast-hfb-mobile-header-display":"","site-post-title":"disabled","ast-breadcrumbs-content":"","ast-featured-img":"disabled","footer-sml-layout":"","ast-disable-related-posts":"","theme-transparent-header-meta":"","adv-header-id-meta":"","stick-header-meta":"","header-above-stick-meta":"","header-main-stick-meta":"","header-below-stick-meta":"","astra-migrate-meta-layouts":"default","ast-page-background-enabled":"default","ast-page-background-meta":{"desktop":{"background-color":"var(--ast-global-color-5)","background-image":"","background-repeat":"repeat","background-position":"center center","background-size":"auto","background-attachment":"scroll","background-type":"","background-media":"","overlay-type":"","overlay-color":"","overlay-opacity":"","overlay-gradient":""},"tablet":{"background-color":"","background-image":"","background-repeat":"repeat","background-position":"center center","background-size":"auto","background-attachment":"scroll","background-type":"","background-media":"","overlay-type":"","overlay-color":"","overlay-opacity":"","overlay-gradient":""},"mobile":{"background-color":"","background-image":"","background-repeat":"repeat","background-position":"center center","background-size":"auto","background-attachment":"scroll","background-type":"","background-media":"","overlay-type":"","overlay-color":"","overlay-opacity":"","overlay-gradient":""}},"ast-content-background-meta":{"desktop":{"background-color":"var(--ast-global-color-4)","background-image":"","background-repeat":"repeat","background-position":"center center","background-size":"auto","background-attachment":"scroll","background-type":"","background-media":"","overlay-type":"","overlay-color":"","overlay-opacity":"","overlay-gradient":""},"tablet":{"background-color":"var(--ast-global-color-4)","background-image":"","background-repeat":"repeat","background-position":"center center","background-size":"auto","background-attachment":"scroll","background-type":"","background-media":"","overlay-type":"","overlay-color":"","overlay-opacity":"","overlay-gradient":""},"mobile":{"background-color":"var(--ast-global-color-4)","background-image":"","background-repeat":"repeat","background-position":"center center","background-size":"auto","background-attachment":"scroll","background-type":"","background-media":"","overlay-type":"","overlay-color":"","overlay-opacity":"","overlay-gradient":""}},"footnotes":""},"class_list":["post-257","page","type-page","status-publish","hentry"],"_links":{"self":[{"href":"https:\/\/moto-parts.eu\/it\/wp-json\/wp\/v2\/pages\/257","targetHints":{"allow":["GET"]}}],"collection":[{"href":"https:\/\/moto-parts.eu\/it\/wp-json\/wp\/v2\/pages"}],"about":[{"href":"https:\/\/moto-parts.eu\/it\/wp-json\/wp\/v2\/types\/page"}],"author":[{"embeddable":true,"href":"https:\/\/moto-parts.eu\/it\/wp-json\/wp\/v2\/users\/1"}],"replies":[{"embeddable":true,"href":"https:\/\/moto-parts.eu\/it\/wp-json\/wp\/v2\/comments?post=257"}],"version-history":[{"count":0,"href":"https:\/\/moto-parts.eu\/it\/wp-json\/wp\/v2\/pages\/257\/revisions"}],"wp:attachment":[{"href":"https:\/\/moto-parts.eu\/it\/wp-json\/wp\/v2\/media?parent=257"}],"curies":[{"name":"wp","href":"https:\/\/api.w.org\/{rel}","templated":true}]}}