{"id":255,"date":"2025-05-23T11:01:16","date_gmt":"2025-05-23T11:01:16","guid":{"rendered":"https:\/\/www.moto-parts.eu\/?page_id=255"},"modified":"2025-06-20T20:44:42","modified_gmt":"2025-06-20T18:44:42","slug":"spedizione-e-costi","status":"publish","type":"page","link":"https:\/\/moto-parts.eu\/it\/dostawa-i-koszty\/","title":{"rendered":"Consegna e costi"},"content":{"rendered":"<div data-elementor-type=\"wp-page\" data-elementor-id=\"255\" class=\"elementor elementor-255\">\n\t\t\t\t<div class=\"elementor-element elementor-element-940de7a e-flex e-con-boxed e-con e-parent\" data-id=\"940de7a\" data-element_type=\"container\" data-e-type=\"container\">\n\t\t\t\t\t<div class=\"e-con-inner\">\n\t\t\t\t<div class=\"elementor-element elementor-element-1f64d88 elementor-widget elementor-widget-heading\" data-id=\"1f64d88\" data-element_type=\"widget\" data-e-type=\"widget\" data-widget_type=\"heading.default\">\n\t\t\t\t<div class=\"elementor-widget-container\">\n\t\t\t\t\t<h1 class=\"elementor-heading-title elementor-size-default\">Consegna e costi<\/h1>\t\t\t\t<\/div>\n\t\t\t\t<\/div>\n\t\t\t\t\t<\/div>\n\t\t\t\t<\/div>\n\t\t<div class=\"elementor-element elementor-element-c820ee8 e-flex e-con-boxed e-con e-parent\" data-id=\"c820ee8\" data-element_type=\"container\" data-e-type=\"container\">\n\t\t\t\t\t<div class=\"e-con-inner\">\n\t\t\t\t<div class=\"elementor-element elementor-element-bb6cd8f elementor-widget elementor-widget-text-editor\" data-id=\"bb6cd8f\" data-element_type=\"widget\" data-e-type=\"widget\" data-widget_type=\"text-editor.default\">\n\t\t\t\t<div class=\"elementor-widget-container\">\n\t\t\t\t\t\t\t\t\t<h4>TEMPI DI EVASIONE DELL\u2019ORDINE<\/h4><p class=\"translation-block\">Subito dopo aver effettuato l\u2019ordine, riceverai un\u2019e-mail di conferma con un link da cliccare. Una volta ricevuta la conferma dell\u2019ordine, inizieremo l\u2019elaborazione e verrai aggiornato regolarmente sullo stato del tuo ordine.\nData di consegna = data di spedizione + tempi di consegna\nLa data di spedizione dipende dalla disponibilit\u00e0 dei prodotti e dal metodo di pagamento scelto, mentre i tempi di consegna dipendono dal metodo di spedizione selezionato.<\/p><h5>\u00a0<\/h5><h4>DISPONIBILIT\u00c0 DEI PRODOTTI<\/h4><p>Per ogni prodotto \u00e8 indicato il termine entro il quale pu\u00f2 essere spedito. Facciamo del nostro meglio affinch\u00e9 le informazioni sul sito riflettano le reali disponibilit\u00e0 di magazzino. Tuttavia, potrebbe capitare che i tempi di consegna si allunghino \u2014 in tal caso ti informeremo immediatamente.\nSe ordini pi\u00f9 prodotti, il tempo di spedizione dell\u2019intero ordine sar\u00e0 adeguato al prodotto con il tempo di spedizione pi\u00f9 lungo.\n\u00c8 possibile richiedere una spedizione parziale dell\u2019ordine \u2014 per farlo, contattaci oppure lascia un messaggio nelle note dell\u2019ordine.<\/p><h5>\u00a0<\/h5><h4>METODI DI PAGAMENTO<\/h4><p class=\"translation-block\"><b>Bonifico bancario <\/b> \u2013 I tempi di evasione dell\u2019ordine dipendono dalla data di ricezione del pagamento. In base alla banca, l\u2019operazione pu\u00f2 richiedere fino a due giorni lavorativi.<\/p><p class=\"translation-block\"><b>Przelewy24 <\/b>\u2013 Il metodo di pagamento pi\u00f9 comodo e veloce. Durante l\u2019orario lavorativo, i fondi vengono solitamente trasferiti sul nostro conto in modo immediato.<\/p><h5>\u00a0<\/h5><h4>METODI DI CONSEGNA<\/h4><p>In Polonia, la consegna tramite corriere avviene solitamente entro 1\u20132 giorni lavorativi dalla spedizione.\u00a0<\/p><p>All\u2019interno dell\u2019Unione Europea, la consegna avviene entro 4\u20135 giorni lavorativi dalla spedizione.<\/p><div data-id=\"b58160d\" data-element_type=\"widget\" data-widget_type=\"text-editor.default\"><table><tbody><tr><td><strong>Corriere<\/strong><\/td><td><strong>Costo di spedizione<\/strong><\/td><td><strong>Metodo di pagamento<\/strong><\/td><\/tr><tr><td>Polonia<\/td><td>20 z\u0142<\/td><td>Corriere \u2013 pagamento anticipato<\/td><\/tr><tr><td>Polonia<\/td><td>25 z\u0142<\/td><td>Corriere \u2013 contrassegno<\/td><\/tr><tr><td>Unione Europea\u00a0<\/td><td>15 euro<\/td><td>Corriere \u2013 pagamento anticipato<\/td><\/tr><tr><td>Altri Paesi\u00a0<\/td><td>Preventivo personalizzato<\/td><td>Corriere \u2013 pagamento anticipato<\/td><\/tr><\/tbody><\/table><\/div>\t\t\t\t\t\t\t\t<\/div>\n\t\t\t\t<\/div>\n\t\t\t\t\t<\/div>\n\t\t\t\t<\/div>\n\t\t\t\t<\/div>","protected":false},"excerpt":{"rendered":"<p>Dostawa i koszty CZAS REALIZACJI ZAM\u00d3WIENIA Natychmiast po z\u0142o\u017ceniu przez Ciebie zam\u00f3wienia otrzymasz e-mail z potwierdzeniem z\u0142o\u017conego zam\u00f3wienia i linkiem, [&hellip;]<\/p>\n","protected":false},"author":1,"featured_media":0,"parent":0,"menu_order":0,"comment_status":"closed","ping_status":"closed","template":"","meta":{"site-sidebar-layout":"no-sidebar","site-content-layout":"","ast-site-content-layout":"full-width-container","site-content-style":"default","site-sidebar-style":"default","ast-global-header-display":"","ast-banner-title-visibility":"disabled","ast-main-header-display":"","ast-hfb-above-header-display":"","ast-hfb-below-header-display":"","ast-hfb-mobile-header-display":"","site-post-title":"disabled","ast-breadcrumbs-content":"","ast-featured-img":"disabled","footer-sml-layout":"","ast-disable-related-posts":"","theme-transparent-header-meta":"","adv-header-id-meta":"","stick-header-meta":"","header-above-stick-meta":"","header-main-stick-meta":"","header-below-stick-meta":"","astra-migrate-meta-layouts":"default","ast-page-background-enabled":"default","ast-page-background-meta":{"desktop":{"background-color":"var(--ast-global-color-5)","background-image":"","background-repeat":"repeat","background-position":"center center","background-size":"auto","background-attachment":"scroll","background-type":"","background-media":"","overlay-type":"","overlay-color":"","overlay-opacity":"","overlay-gradient":""},"tablet":{"background-color":"","background-image":"","background-repeat":"repeat","background-position":"center center","background-size":"auto","background-attachment":"scroll","background-type":"","background-media":"","overlay-type":"","overlay-color":"","overlay-opacity":"","overlay-gradient":""},"mobile":{"background-color":"","background-image":"","background-repeat":"repeat","background-position":"center center","background-size":"auto","background-attachment":"scroll","background-type":"","background-media":"","overlay-type":"","overlay-color":"","overlay-opacity":"","overlay-gradient":""}},"ast-content-background-meta":{"desktop":{"background-color":"var(--ast-global-color-4)","background-image":"","background-repeat":"repeat","background-position":"center center","background-size":"auto","background-attachment":"scroll","background-type":"","background-media":"","overlay-type":"","overlay-color":"","overlay-opacity":"","overlay-gradient":""},"tablet":{"background-color":"var(--ast-global-color-4)","background-image":"","background-repeat":"repeat","background-position":"center center","background-size":"auto","background-attachment":"scroll","background-type":"","background-media":"","overlay-type":"","overlay-color":"","overlay-opacity":"","overlay-gradient":""},"mobile":{"background-color":"var(--ast-global-color-4)","background-image":"","background-repeat":"repeat","background-position":"center center","background-size":"auto","background-attachment":"scroll","background-type":"","background-media":"","overlay-type":"","overlay-color":"","overlay-opacity":"","overlay-gradient":""}},"footnotes":""},"class_list":["post-255","page","type-page","status-publish","hentry"],"_links":{"self":[{"href":"https:\/\/moto-parts.eu\/it\/wp-json\/wp\/v2\/pages\/255","targetHints":{"allow":["GET"]}}],"collection":[{"href":"https:\/\/moto-parts.eu\/it\/wp-json\/wp\/v2\/pages"}],"about":[{"href":"https:\/\/moto-parts.eu\/it\/wp-json\/wp\/v2\/types\/page"}],"author":[{"embeddable":true,"href":"https:\/\/moto-parts.eu\/it\/wp-json\/wp\/v2\/users\/1"}],"replies":[{"embeddable":true,"href":"https:\/\/moto-parts.eu\/it\/wp-json\/wp\/v2\/comments?post=255"}],"version-history":[{"count":0,"href":"https:\/\/moto-parts.eu\/it\/wp-json\/wp\/v2\/pages\/255\/revisions"}],"wp:attachment":[{"href":"https:\/\/moto-parts.eu\/it\/wp-json\/wp\/v2\/media?parent=255"}],"curies":[{"name":"wp","href":"https:\/\/api.w.org\/{rel}","templated":true}]}}