{"id":2466,"date":"2025-05-29T14:33:38","date_gmt":"2025-05-29T12:33:38","guid":{"rendered":"https:\/\/www.moto-parts.eu\/produkt\/honda-xrv-750-africa-xl-600-fmx-650-transalp-lancuch-rozrzadu-14401-mn1-671\/"},"modified":"2026-04-23T10:12:13","modified_gmt":"2026-04-23T09:12:13","slug":"honda-xrv-750-africa-xl-600-fmx-650-transzalp-vezermulanc-14401-mn1-671","status":"publish","type":"product","link":"https:\/\/moto-parts.eu\/hu\/produkt\/honda-xrv-750-africa-xl-600-fmx-650-transalp-lancuch-rozrzadu-14401-mn1-671\/","title":{"rendered":"Honda XRV 750 Africa XL 600 FMX 650 Transalp vez\u00e9rm\u0171l\u00e1nc 14401-MN1-671"},"content":{"rendered":"<section class=\"section\">\n<div class=\"item item-12\">\n<section class=\"text-item\">Az elad\u00e1s \u00faj, eredeti alkatr\u00e9szeket is tartalmaz.<\/section>\n<section class=\"text-item\">Whatsapp : English, Deutsch, Italiano, Fran\u00e7ais, Espa\u00f1ol, \u010cesky, Slovensk\u00e1, Magyar, \u010cesky, Slovensk\u00e1, Magyar<\/section>\n<\/div>\n<\/section>","protected":false},"excerpt":{"rendered":"<p>Term\u00e9kk\u00f3d: 14401-MN1-671,, 14401-MAW-630,, 14401MN1671,, 14401MAW630, 14401-MN1-671, 14401-MN1671, 14401MAW630<\/p>","protected":false},"featured_media":7814,"template":"","meta":{"site-sidebar-layout":"default","site-content-layout":"","ast-site-content-layout":"default","site-content-style":"default","site-sidebar-style":"default","ast-global-header-display":"","ast-banner-title-visibility":"","ast-main-header-display":"","ast-hfb-above-header-display":"","ast-hfb-below-header-display":"","ast-hfb-mobile-header-display":"","site-post-title":"","ast-breadcrumbs-content":"","ast-featured-img":"","footer-sml-layout":"","ast-disable-related-posts":"","theme-transparent-header-meta":"default","adv-header-id-meta":"","stick-header-meta":"","header-above-stick-meta":"","header-main-stick-meta":"","header-below-stick-meta":"","astra-migrate-meta-layouts":"default","ast-page-background-enabled":"default","ast-page-background-meta":{"desktop":{"background-color":"var(--ast-global-color-5)","background-image":"","background-repeat":"repeat","background-position":"center center","background-size":"auto","background-attachment":"scroll","background-type":"","background-media":"","overlay-type":"","overlay-color":"","overlay-opacity":"","overlay-gradient":""},"tablet":{"background-color":"","background-image":"","background-repeat":"repeat","background-position":"center center","background-size":"auto","background-attachment":"scroll","background-type":"","background-media":"","overlay-type":"","overlay-color":"","overlay-opacity":"","overlay-gradient":""},"mobile":{"background-color":"","background-image":"","background-repeat":"repeat","background-position":"center center","background-size":"auto","background-attachment":"scroll","background-type":"","background-media":"","overlay-type":"","overlay-color":"","overlay-opacity":"","overlay-gradient":""}},"ast-content-background-meta":{"desktop":{"background-color":"var(--ast-global-color-4)","background-image":"","background-repeat":"repeat","background-position":"center center","background-size":"auto","background-attachment":"scroll","background-type":"","background-media":"","overlay-type":"","overlay-color":"","overlay-opacity":"","overlay-gradient":""},"tablet":{"background-color":"var(--ast-global-color-4)","background-image":"","background-repeat":"repeat","background-position":"center center","background-size":"auto","background-attachment":"scroll","background-type":"","background-media":"","overlay-type":"","overlay-color":"","overlay-opacity":"","overlay-gradient":""},"mobile":{"background-color":"var(--ast-global-color-4)","background-image":"","background-repeat":"repeat","background-position":"center center","background-size":"auto","background-attachment":"scroll","background-type":"","background-media":"","overlay-type":"","overlay-color":"","overlay-opacity":"","overlay-gradient":""}}},"product_brand":[],"product_cat":[514],"product_tag":[],"class_list":{"0":"post-2466","1":"product","2":"type-product","3":"status-publish","4":"has-post-thumbnail","6":"product_cat-pozostale","7":"pa_stan-nowy","8":"desktop-align-center","9":"tablet-align-left","10":"mobile-align-left","12":"first","13":"instock","14":"shipping-taxable","15":"purchasable","16":"product-type-simple"},"_links":{"self":[{"href":"https:\/\/moto-parts.eu\/hu\/wp-json\/wp\/v2\/product\/2466","targetHints":{"allow":["GET"]}}],"collection":[{"href":"https:\/\/moto-parts.eu\/hu\/wp-json\/wp\/v2\/product"}],"about":[{"href":"https:\/\/moto-parts.eu\/hu\/wp-json\/wp\/v2\/types\/product"}],"wp:featuredmedia":[{"embeddable":true,"href":"https:\/\/moto-parts.eu\/hu\/wp-json\/wp\/v2\/media\/7814"}],"wp:attachment":[{"href":"https:\/\/moto-parts.eu\/hu\/wp-json\/wp\/v2\/media?parent=2466"}],"wp:term":[{"taxonomy":"product_brand","embeddable":true,"href":"https:\/\/moto-parts.eu\/hu\/wp-json\/wp\/v2\/product_brand?post=2466"},{"taxonomy":"product_cat","embeddable":true,"href":"https:\/\/moto-parts.eu\/hu\/wp-json\/wp\/v2\/product_cat?post=2466"},{"taxonomy":"product_tag","embeddable":true,"href":"https:\/\/moto-parts.eu\/hu\/wp-json\/wp\/v2\/product_tag?post=2466"}],"curies":[{"name":"wp","href":"https:\/\/api.w.org\/{rel}","templated":true}]}}