{"id":329,"date":"2025-05-23T12:54:01","date_gmt":"2025-05-23T12:54:01","guid":{"rendered":"https:\/\/www.moto-parts.eu\/?page_id=329"},"modified":"2025-06-02T08:24:41","modified_gmt":"2025-06-02T08:24:41","slug":"panaszkezeles","status":"publish","type":"page","link":"https:\/\/moto-parts.eu\/hu\/reklamacje\/","title":{"rendered":"Reklam\u00e1ci\u00f3k"},"content":{"rendered":"<div data-elementor-type=\"wp-page\" data-elementor-id=\"329\" class=\"elementor elementor-329\">\n\t\t\t\t<div class=\"elementor-element elementor-element-9d587ce e-flex e-con-boxed e-con e-parent\" data-id=\"9d587ce\" data-element_type=\"container\" data-e-type=\"container\" data-settings=\"{&quot;background_background&quot;:&quot;classic&quot;}\">\n\t\t\t\t\t<div class=\"e-con-inner\">\n\t\t\t\t<div class=\"elementor-element elementor-element-6cb4282 elementor-widget elementor-widget-heading\" data-id=\"6cb4282\" data-element_type=\"widget\" data-e-type=\"widget\" data-widget_type=\"heading.default\">\n\t\t\t\t<div class=\"elementor-widget-container\">\n\t\t\t\t\t<h1 class=\"elementor-heading-title elementor-size-default\">Reklam\u00e1ci\u00f3k<\/h1>\t\t\t\t<\/div>\n\t\t\t\t<\/div>\n\t\t\t\t\t<\/div>\n\t\t\t\t<\/div>\n\t\t<div class=\"elementor-element elementor-element-e6aa846 e-flex e-con-boxed e-con e-parent\" data-id=\"e6aa846\" data-element_type=\"container\" data-e-type=\"container\">\n\t\t\t\t\t<div class=\"e-con-inner\">\n\t\t\t\t<div class=\"elementor-element elementor-element-4b52202 elementor-widget elementor-widget-text-editor\" data-id=\"4b52202\" data-element_type=\"widget\" data-e-type=\"widget\" data-widget_type=\"text-editor.default\">\n\t\t\t\t<div class=\"elementor-widget-container\">\n\t\t\t\t\t\t\t\t\t<p class=\"translation-block\">Ha \u00d6n fogyaszt\u00f3, \u00e9s az \u00e1ltalunk forgalmazott term\u00e9k hib\u00e1snak bizonyul, jogosult panaszt tenni t\u00f6rv\u00e9nyes szavatoss\u00e1g alapj\u00e1n.\nPanasz\u00e1t elk\u00fcldheti e-mailben: info@www.moto-parts.eu, postai \u00faton, vagy szem\u00e9lyesen a k\u00f6vetkez\u0151 c\u00edmre: AUTOMOBILE GMBH SP. Z O.O., ul. Grunwaldzka 7, 08-110 Siedlce.<\/p><p>A hiba miatt k\u00e9rheti:<\/p><ul><li><strong>a term\u00e9k cser\u00e9j\u00e9t hib\u00e1tlanra,<\/strong><\/li><li><strong>a hiba kijav\u00edt\u00e1s\u00e1t,<\/strong><\/li><\/ul><p>vagy nyilatkozhat:<\/p><ul><li><strong>az \u00e1r lesz\u00e1ll\u00edt\u00e1s\u00e1r\u00f3l,<\/strong><\/li><li><strong>az el\u00e1ll\u00e1sr\u00f3l \u2013 l\u00e9nyeges hiba eset\u00e9n.<\/strong><\/li><\/ul><p>A hib\u00e1k\u00e9rt k\u00e9t \u00e9vig v\u00e1llalunk felel\u0151ss\u00e9get a term\u00e9k \u00e1tad\u00e1s\u00e1t\u00f3l sz\u00e1m\u00edtva.<\/p><p class=\"translation-block\">\u00c1ltal\u00e1ban egy \u00e9ven bel\u00fcl tehet panaszt a hiba felfedez\u00e9s\u00e9t\u0151l, de legk\u00e9s\u0151bb a szavatoss\u00e1g lej\u00e1rta el\u0151tt.<\/p><p><strong>A panasz\u00e1t 14 napon bel\u00fcl elb\u00edr\u00e1ljuk.<\/strong><\/p><p>Tov\u00e1bbi inform\u00e1ci\u00f3kat az \u00c1ltal\u00e1nos Szerz\u0151d\u00e9si Felt\u00e9telek k\u00f6z\u00f6tt tal\u00e1l.<\/p>\t\t\t\t\t\t\t\t<\/div>\n\t\t\t\t<\/div>\n\t\t\t\t\t<\/div>\n\t\t\t\t<\/div>\n\t\t\t\t<\/div>","protected":false},"excerpt":{"rendered":"<p>Reklamacje Je\u015bli jeste\u015b Konsumentem, w przypadku gdy zakupiony u nas towar oka\u017ce si\u0119 wadliwy, masz prawo reklamowa\u0107 go w oparciu [&hellip;]<\/p>\n","protected":false},"author":1,"featured_media":0,"parent":0,"menu_order":0,"comment_status":"closed","ping_status":"closed","template":"","meta":{"site-sidebar-layout":"no-sidebar","site-content-layout":"","ast-site-content-layout":"full-width-container","site-content-style":"default","site-sidebar-style":"default","ast-global-header-display":"","ast-banner-title-visibility":"disabled","ast-main-header-display":"","ast-hfb-above-header-display":"","ast-hfb-below-header-display":"","ast-hfb-mobile-header-display":"","site-post-title":"disabled","ast-breadcrumbs-content":"","ast-featured-img":"disabled","footer-sml-layout":"","ast-disable-related-posts":"","theme-transparent-header-meta":"","adv-header-id-meta":"","stick-header-meta":"","header-above-stick-meta":"","header-main-stick-meta":"","header-below-stick-meta":"","astra-migrate-meta-layouts":"default","ast-page-background-enabled":"default","ast-page-background-meta":{"desktop":{"background-color":"var(--ast-global-color-5)","background-image":"","background-repeat":"repeat","background-position":"center center","background-size":"auto","background-attachment":"scroll","background-type":"","background-media":"","overlay-type":"","overlay-color":"","overlay-opacity":"","overlay-gradient":""},"tablet":{"background-color":"","background-image":"","background-repeat":"repeat","background-position":"center center","background-size":"auto","background-attachment":"scroll","background-type":"","background-media":"","overlay-type":"","overlay-color":"","overlay-opacity":"","overlay-gradient":""},"mobile":{"background-color":"","background-image":"","background-repeat":"repeat","background-position":"center center","background-size":"auto","background-attachment":"scroll","background-type":"","background-media":"","overlay-type":"","overlay-color":"","overlay-opacity":"","overlay-gradient":""}},"ast-content-background-meta":{"desktop":{"background-color":"var(--ast-global-color-4)","background-image":"","background-repeat":"repeat","background-position":"center center","background-size":"auto","background-attachment":"scroll","background-type":"","background-media":"","overlay-type":"","overlay-color":"","overlay-opacity":"","overlay-gradient":""},"tablet":{"background-color":"var(--ast-global-color-4)","background-image":"","background-repeat":"repeat","background-position":"center center","background-size":"auto","background-attachment":"scroll","background-type":"","background-media":"","overlay-type":"","overlay-color":"","overlay-opacity":"","overlay-gradient":""},"mobile":{"background-color":"var(--ast-global-color-4)","background-image":"","background-repeat":"repeat","background-position":"center center","background-size":"auto","background-attachment":"scroll","background-type":"","background-media":"","overlay-type":"","overlay-color":"","overlay-opacity":"","overlay-gradient":""}},"footnotes":""},"class_list":["post-329","page","type-page","status-publish","hentry"],"_links":{"self":[{"href":"https:\/\/moto-parts.eu\/hu\/wp-json\/wp\/v2\/pages\/329","targetHints":{"allow":["GET"]}}],"collection":[{"href":"https:\/\/moto-parts.eu\/hu\/wp-json\/wp\/v2\/pages"}],"about":[{"href":"https:\/\/moto-parts.eu\/hu\/wp-json\/wp\/v2\/types\/page"}],"author":[{"embeddable":true,"href":"https:\/\/moto-parts.eu\/hu\/wp-json\/wp\/v2\/users\/1"}],"replies":[{"embeddable":true,"href":"https:\/\/moto-parts.eu\/hu\/wp-json\/wp\/v2\/comments?post=329"}],"version-history":[{"count":0,"href":"https:\/\/moto-parts.eu\/hu\/wp-json\/wp\/v2\/pages\/329\/revisions"}],"wp:attachment":[{"href":"https:\/\/moto-parts.eu\/hu\/wp-json\/wp\/v2\/media?parent=329"}],"curies":[{"name":"wp","href":"https:\/\/api.w.org\/{rel}","templated":true}]}}