{"id":261,"date":"2025-05-23T11:01:43","date_gmt":"2025-05-23T11:01:43","guid":{"rendered":"https:\/\/www.moto-parts.eu\/?page_id=261"},"modified":"2025-06-02T08:25:31","modified_gmt":"2025-06-02T08:25:31","slug":"adatvedelmi-szabalyzat-2","status":"publish","type":"page","link":"https:\/\/moto-parts.eu\/hu\/polityka-prywatnosci\/","title":{"rendered":"Adatv\u00e9delmi szab\u00e1lyzat"},"content":{"rendered":"<div data-elementor-type=\"wp-page\" data-elementor-id=\"261\" class=\"elementor elementor-261\">\n\t\t\t\t<div class=\"elementor-element elementor-element-d59091a e-flex e-con-boxed e-con e-parent\" data-id=\"d59091a\" data-element_type=\"container\" data-e-type=\"container\" data-settings=\"{&quot;background_background&quot;:&quot;classic&quot;}\">\n\t\t\t\t\t<div class=\"e-con-inner\">\n\t\t\t\t<div class=\"elementor-element elementor-element-035de4d elementor-widget elementor-widget-heading\" data-id=\"035de4d\" data-element_type=\"widget\" data-e-type=\"widget\" data-widget_type=\"heading.default\">\n\t\t\t\t<div class=\"elementor-widget-container\">\n\t\t\t\t\t<h1 class=\"elementor-heading-title elementor-size-default\">Adatv\u00e9delmi szab\u00e1lyzat<\/h1>\t\t\t\t<\/div>\n\t\t\t\t<\/div>\n\t\t\t\t\t<\/div>\n\t\t\t\t<\/div>\n\t\t<div class=\"elementor-element elementor-element-7bc9799 e-flex e-con-boxed e-con e-parent\" data-id=\"7bc9799\" data-element_type=\"container\" data-e-type=\"container\">\n\t\t\t\t\t<div class=\"e-con-inner\">\n\t\t\t\t<div class=\"elementor-element elementor-element-d4cda03 elementor-widget elementor-widget-text-editor\" data-id=\"d4cda03\" data-element_type=\"widget\" data-e-type=\"widget\" data-widget_type=\"text-editor.default\">\n\t\t\t\t<div class=\"elementor-widget-container\">\n\t\t\t\t\t\t\t\t\t<p>Szem\u00e9lyes adatok v\u00e9delme az AUTOMOBILE GMBH SP. Z O.O. c\u00e9gn\u00e9l<\/p>\n<p>Tisztelt H\u00f6lgyeim \u00e9s Uraim!<\/p>\n<p>Az Eur\u00f3pai Parlament \u00e9s a Tan\u00e1cs (EU) 2016\/679 rendelet\u00e9nek (2016. \u00e1prilis 27.) \u2013 a term\u00e9szetes szem\u00e9lyek szem\u00e9lyes adatainak kezel\u00e9se \u00e9s az ilyen adatok szabad \u00e1raml\u00e1sa, valamint a 95\/46\/EK ir\u00e1nyelv hat\u00e1lyon k\u00edv\u00fcl helyez\u00e9se (\u00e1ltal\u00e1nos adatv\u00e9delmi rendelet) \u2013 hat\u00e1lybal\u00e9p\u00e9s\u00e9vel \u00f6sszef\u00fcgg\u00e9sben ez\u00faton t\u00e1j\u00e9koztatjuk, hogy az \u00e9rintettek jogainak gyakorl\u00e1s\u00e1val kapcsolatos k\u00e9relmeket az al\u00e1bbi e-mail c\u00edmen fogadjuk: info@www.moto-parts.eu vagy szem\u00e9lyesen a szervezet sz\u00e9khely\u00e9n \u00edr\u00e1sban lehet beny\u00fajtani.<\/p>\n<ul>\n<li>Az adatkezel\u0151: AUTOMOBILE GMBH SP. Z O.O., ul. Grunwaldzka 7, 08-110 Siedlce.&nbsp;<\/li>\n<li>NIP: 8212672688, Regon: 388957444, KRS sz\u00e1m: 0000900392.<\/li>\n<li>Kapcsolat szem\u00e9lyes adatok v\u00e9delm\u00e9vel kapcsolatban: info@www.moto-parts.eu<\/li>\n<li>A szem\u00e9lyes adatok kezel\u00e9se a GDPR 6. cikk (1) bekezd\u00e9s f) pontja alapj\u00e1n t\u00f6rt\u00e9nik, vagyis az Adatkezel\u0151 jogos \u00e9rdekeinek \u00e9rv\u00e9nyes\u00edt\u00e9s\u00e9hez sz\u00fcks\u00e9ges adatkezel\u00e9s alapj\u00e1n;<\/li>\n<li>Az Adatkezel\u0151 jogos \u00e9rdekei a term\u00e9kek \u00e9s szolg\u00e1ltat\u00e1sok \u00fcgyfeleknek t\u00f6rt\u00e9n\u0151 k\u00edn\u00e1l\u00e1s\u00e1ban \u00e1llnak;<\/li>\n<li>A szem\u00e9lyes adatok k\u00e9zi \u00e9s automatikus m\u00f3don ker\u00fclnek feldolgoz\u00e1sra;<\/li>\n<li>Az Adatkezel\u0151 a szem\u00e9lyes adatokat a szerz\u0151d\u00e9s megk\u00f6t\u00e9s\u00e9hez sz\u00fcks\u00e9ges m\u00e9rt\u00e9kben kezeli. Ezek a k\u00f6vetkez\u0151k: keresztn\u00e9v, vezet\u00e9kn\u00e9v, lak\u00f3hely, szolg\u00e1ltat\u00e1sny\u00fajt\u00e1s helye, levelez\u00e9si c\u00edm, sz\u00e1ll\u00edt\u00e1si c\u00edm \u00e9s kapcsolattart\u00e1si telefonsz\u00e1mok. Az e-mail c\u00edm megad\u00e1sa nem k\u00f6telez\u0151, \u00e9s nem felt\u00e9tele a szerz\u0151d\u00e9s megk\u00f6t\u00e9s\u00e9nek vagy teljes\u00edt\u00e9s\u00e9nek. Az adatszolg\u00e1ltat\u00e1s minden esetben \u00f6nk\u00e9ntes.<\/li>\n<li>Az adatokat nem adjuk \u00e1t m\u00e1s szervezeteknek, csak a t\u00f6rv\u00e9ny \u00e1ltal felhatalmazottaknak;<\/li>\n<li>A szem\u00e9lyes adatok nem ker\u00fclnek tov\u00e1bb\u00edt\u00e1sra harmadik orsz\u00e1gba vagy nemzetk\u00f6zi szervezethez;<\/li>\n<li>Az Adatkezel\u0151 minden t\u0151le telhet\u0151t megtesz annak \u00e9rdek\u00e9ben, hogy a t\u00e1rolt szem\u00e9lyes adatokat fizikai, technikai \u00e9s szervez\u00e9si int\u00e9zked\u00e9sekkel megv\u00e9dje a v\u00e9letlen vagy sz\u00e1nd\u00e9kos megsemmis\u00edt\u00e9st\u0151l, v\u00e9letlen elveszt\u00e9st\u0151l, m\u00f3dos\u00edt\u00e1st\u00f3l, jogosulatlan nyilv\u00e1noss\u00e1gra hozatalt\u00f3l, felhaszn\u00e1l\u00e1st\u00f3l vagy hozz\u00e1f\u00e9r\u00e9st\u0151l, az \u00f6sszes vonatkoz\u00f3 jogszab\u00e1lynak megfelel\u0151en;<\/li>\n<\/ul>\n<p>Szem\u00e9lyes adatainak kezel\u00e9se kapcs\u00e1n \u00d6n jogosult:<\/p>\n<ul>\n<li>k\u00e9relmezni az Adatkezel\u0151t\u0151l a szem\u00e9lyes adataihoz val\u00f3 hozz\u00e1f\u00e9r\u00e9st;<\/li>\n<li>k\u00e9relmezni az Adatkezel\u0151t\u0151l szem\u00e9lyes adatainak helyesb\u00edt\u00e9s\u00e9t;<\/li>\n<li>k\u00e9relmezni az Adatkezel\u0151t\u0151l szem\u00e9lyes adatainak t\u00f6rl\u00e9s\u00e9t;<\/li>\n<li>k\u00e9relmezni az Adatkezel\u0151t\u0151l szem\u00e9lyes adatainak kezel\u00e9s\u00e9nek korl\u00e1toz\u00e1s\u00e1t;<\/li>\n<li>tiltakozni szem\u00e9lyes adatainak kezel\u00e9se ellen;<\/li>\n<li>szem\u00e9lyes adatai tov\u00e1bb\u00edt\u00e1s\u00e1hoz val\u00f3 jog;<\/li>\n<li>panaszt tenni a fel\u00fcgyeleti hat\u00f3s\u00e1gn\u00e1l;<\/li>\n<\/ul>\n<p>Ezen jogok az info@www.moto-parts.eu e-mail c\u00edmen vagy az int\u00e9zm\u00e9ny sz\u00e9khely\u00e9n \u00edr\u00e1sbeli k\u00e9relem beny\u00fajt\u00e1s\u00e1val gyakorolhat\u00f3k.<\/p>\n<p><strong>Cookie<\/strong><\/p>\n<p>Az Adminisztr\u00e1tor t\u00f6rekszik a legjobb gyakorlatokat k\u00f6vetni, \u00e9s minden Felhaszn\u00e1l\u00f3t tisztess\u00e9gesen \u00e9s \u00e1tl\u00e1that\u00f3an kezelni. A weboldal haszn\u00e1lat\u00e1val hozz\u00e1j\u00e1rulsz a cookie-k haszn\u00e1lat\u00e1hoz, hogy k\u00e9nyelmes b\u00f6ng\u00e9sz\u00e9si \u00e9lm\u00e9nyt biztos\u00edtsunk. Az oldalainkon haszn\u00e1lt cookie-k egyike sem gy\u0171jt olyan inform\u00e1ci\u00f3t, amely alapj\u00e1n a felhaszn\u00e1l\u00f3 azonos\u00edthat\u00f3 lenne. A cookie-k statisztikai c\u00e9lokat szolg\u00e1lnak a Google Analytics szolg\u00e1ltat\u00e1son kereszt\u00fcl. Az adatok a felhaszn\u00e1l\u00f3k eszk\u00f6zein ker\u00fclnek t\u00e1rol\u00e1sra.<\/p>\n<p>A Felhaszn\u00e1l\u00f3 b\u00e1rmikor megv\u00e1ltoztathatja a cookie-k haszn\u00e1lat\u00e1nak m\u00f3dj\u00e1t, \u00e9s t\u00f6r\u00f6lheti azokat a cookie-kat, amelyeket a b\u00f6ng\u00e9sz\u0151 m\u00e1r elmentett az eszk\u00f6z\u00e9re. A cookie-k kezel\u00e9si \u00e9s t\u00f6rl\u00e9si lehet\u0151s\u00e9gei b\u00f6ng\u00e9sz\u0151nk\u00e9nt elt\u00e9rnek. Minden sz\u00fcks\u00e9ges inform\u00e1ci\u00f3 megtal\u00e1lhat\u00f3 a b\u00f6ng\u00e9sz\u0151 S\u00fag\u00f3 funkci\u00f3j\u00e1ban. Az \u00f6sszes cookie blokkol\u00e1sa m\u0171k\u00f6d\u00e9si probl\u00e9m\u00e1kat okozhat, vagy teljesen lehetetlenn\u00e9 teheti m\u00e1s weboldalak egyes funkci\u00f3inak haszn\u00e1lat\u00e1t.<\/p>\t\t\t\t\t\t\t\t<\/div>\n\t\t\t\t<\/div>\n\t\t\t\t\t<\/div>\n\t\t\t\t<\/div>\n\t\t\t\t<\/div>","protected":false},"excerpt":{"rendered":"<p>Polityka prywatno\u015bci Ochrona danych osobowych w firmie AUTOMOBILE GMBH SP. Z O.O. Szanowni Pa\u0144stwo, w zwi\u0105zku z rozpocz\u0119ciem obowi\u0105zywania przepis\u00f3w [&hellip;]<\/p>\n","protected":false},"author":1,"featured_media":0,"parent":0,"menu_order":0,"comment_status":"closed","ping_status":"closed","template":"","meta":{"site-sidebar-layout":"no-sidebar","site-content-layout":"","ast-site-content-layout":"full-width-container","site-content-style":"default","site-sidebar-style":"default","ast-global-header-display":"","ast-banner-title-visibility":"disabled","ast-main-header-display":"","ast-hfb-above-header-display":"","ast-hfb-below-header-display":"","ast-hfb-mobile-header-display":"","site-post-title":"disabled","ast-breadcrumbs-content":"","ast-featured-img":"disabled","footer-sml-layout":"","ast-disable-related-posts":"","theme-transparent-header-meta":"","adv-header-id-meta":"","stick-header-meta":"","header-above-stick-meta":"","header-main-stick-meta":"","header-below-stick-meta":"","astra-migrate-meta-layouts":"default","ast-page-background-enabled":"default","ast-page-background-meta":{"desktop":{"background-color":"var(--ast-global-color-5)","background-image":"","background-repeat":"repeat","background-position":"center center","background-size":"auto","background-attachment":"scroll","background-type":"","background-media":"","overlay-type":"","overlay-color":"","overlay-opacity":"","overlay-gradient":""},"tablet":{"background-color":"","background-image":"","background-repeat":"repeat","background-position":"center center","background-size":"auto","background-attachment":"scroll","background-type":"","background-media":"","overlay-type":"","overlay-color":"","overlay-opacity":"","overlay-gradient":""},"mobile":{"background-color":"","background-image":"","background-repeat":"repeat","background-position":"center center","background-size":"auto","background-attachment":"scroll","background-type":"","background-media":"","overlay-type":"","overlay-color":"","overlay-opacity":"","overlay-gradient":""}},"ast-content-background-meta":{"desktop":{"background-color":"var(--ast-global-color-4)","background-image":"","background-repeat":"repeat","background-position":"center center","background-size":"auto","background-attachment":"scroll","background-type":"","background-media":"","overlay-type":"","overlay-color":"","overlay-opacity":"","overlay-gradient":""},"tablet":{"background-color":"var(--ast-global-color-4)","background-image":"","background-repeat":"repeat","background-position":"center center","background-size":"auto","background-attachment":"scroll","background-type":"","background-media":"","overlay-type":"","overlay-color":"","overlay-opacity":"","overlay-gradient":""},"mobile":{"background-color":"var(--ast-global-color-4)","background-image":"","background-repeat":"repeat","background-position":"center center","background-size":"auto","background-attachment":"scroll","background-type":"","background-media":"","overlay-type":"","overlay-color":"","overlay-opacity":"","overlay-gradient":""}},"footnotes":""},"class_list":["post-261","page","type-page","status-publish","hentry"],"_links":{"self":[{"href":"https:\/\/moto-parts.eu\/hu\/wp-json\/wp\/v2\/pages\/261","targetHints":{"allow":["GET"]}}],"collection":[{"href":"https:\/\/moto-parts.eu\/hu\/wp-json\/wp\/v2\/pages"}],"about":[{"href":"https:\/\/moto-parts.eu\/hu\/wp-json\/wp\/v2\/types\/page"}],"author":[{"embeddable":true,"href":"https:\/\/moto-parts.eu\/hu\/wp-json\/wp\/v2\/users\/1"}],"replies":[{"embeddable":true,"href":"https:\/\/moto-parts.eu\/hu\/wp-json\/wp\/v2\/comments?post=261"}],"version-history":[{"count":0,"href":"https:\/\/moto-parts.eu\/hu\/wp-json\/wp\/v2\/pages\/261\/revisions"}],"wp:attachment":[{"href":"https:\/\/moto-parts.eu\/hu\/wp-json\/wp\/v2\/media?parent=261"}],"curies":[{"name":"wp","href":"https:\/\/api.w.org\/{rel}","templated":true}]}}