{"id":259,"date":"2025-05-23T11:01:34","date_gmt":"2025-05-23T11:01:34","guid":{"rendered":"https:\/\/www.moto-parts.eu\/?page_id=259"},"modified":"2025-06-02T08:25:18","modified_gmt":"2025-06-02T08:25:18","slug":"altalanos-szerzodesi-feltetelek","status":"publish","type":"page","link":"https:\/\/moto-parts.eu\/hu\/regulamin\/","title":{"rendered":"\u00c1ltal\u00e1nos szerz\u0151d\u00e9si felt\u00e9telek"},"content":{"rendered":"<div data-elementor-type=\"wp-page\" data-elementor-id=\"259\" class=\"elementor elementor-259\">\n\t\t\t\t<div class=\"elementor-element elementor-element-80f6468 e-flex e-con-boxed e-con e-parent\" data-id=\"80f6468\" data-element_type=\"container\" data-e-type=\"container\" data-settings=\"{&quot;background_background&quot;:&quot;classic&quot;}\">\n\t\t\t\t\t<div class=\"e-con-inner\">\n\t\t\t\t<div class=\"elementor-element elementor-element-e0d26f9 elementor-widget elementor-widget-heading\" data-id=\"e0d26f9\" data-element_type=\"widget\" data-e-type=\"widget\" data-widget_type=\"heading.default\">\n\t\t\t\t<div class=\"elementor-widget-container\">\n\t\t\t\t\t<h1 class=\"elementor-heading-title elementor-size-default\">\u00c1ltal\u00e1nos szerz\u0151d\u00e9si felt\u00e9telek<\/h1>\t\t\t\t<\/div>\n\t\t\t\t<\/div>\n\t\t\t\t\t<\/div>\n\t\t\t\t<\/div>\n\t\t<div class=\"elementor-element elementor-element-8734f6c e-flex e-con-boxed e-con e-parent\" data-id=\"8734f6c\" data-element_type=\"container\" data-e-type=\"container\">\n\t\t\t\t\t<div class=\"e-con-inner\">\n\t\t\t\t<div class=\"elementor-element elementor-element-dc501eb elementor-widget elementor-widget-text-editor\" data-id=\"dc501eb\" data-element_type=\"widget\" data-e-type=\"widget\" data-widget_type=\"text-editor.default\">\n\t\t\t\t<div class=\"elementor-widget-container\">\n\t\t\t\t\t\t\t\t\t<p>A moto-parts.eu web\u00e1ruh\u00e1z<\/strong>, amely a https:\/\/www.moto-parts.eu c\u00edmen \u00e9rhet\u0151 el, a k\u00f6vetkez\u0151 c\u00e9g \u00fczemelteti:<\/p><p>AUTOMOBILE GMBH SP. Z O.O.<\/strong>, ul.\u202fGrunwaldzka\u202f7, 08\u2011110\u202fSiedlce, Lengyelorsz\u00e1g.<\/p><p class=\"translation-block\"><strong>Ad\u00f3sz\u00e1m (NIP):<\/strong> 8212672688, <strong>Regon:<\/strong> 388957444, <strong>KRS sz\u00e1m:<\/strong> 0000900392<br><br><\/p><div><p>Sz\u00f3jegyz\u00e9k:<\/p><p>Web\u00e1ruh\u00e1z<\/strong> \u2013 a https:\/\/www.moto-parts.eu webc\u00edmen m\u0171k\u00f6d\u0151 online \u00e1ruh\u00e1z, amely interneten kereszt\u00fcl \u00e9rt\u00e9kes\u00edt;<br>\u00a0<\/p><p>Munkanapok<\/strong> \u2013 a h\u00e9tf\u0151t\u0151l p\u00e9ntekig tart\u00f3 h\u00e9tk\u00f6znapok, kiv\u00e9ve \u00fcnnepnapokat;<\/p><p class=\"translation-block\"><b>I. Rendel\u00e9sek fogad\u00e1sa \u00e9s teljes\u00edt\u00e9se.<\/b><br>\n1. Az \u00e1ruh\u00e1z \u00e1rukat \u00e9s szolg\u00e1ltat\u00e1sokat \u00e9rt\u00e9kes\u00edt Lengyelorsz\u00e1g ter\u00fclet\u00e9n az interneten kereszt\u00fcl. Az \u00e1ruval \u00e9s szolg\u00e1ltat\u00e1sokkal kapcsolatos inform\u00e1ci\u00f3k megtal\u00e1lhat\u00f3k a moto-parts.eu weboldalon.<br>\n2. A bolt \u00fcgyfele lehet term\u00e9szetes szem\u00e9ly teljes vagy korl\u00e1tozott cselekv\u0151k\u00e9pess\u00e9ggel, jogi szem\u00e9ly vagy jogi szem\u00e9lyis\u00e9ggel nem rendelkez\u0151 szervezet.<br>\n3. A megrendel\u00e9sek a moto-parts.eu weboldalon kereszt\u00fcl \u00e9rkeznek be, heti 7 napban, napi 24 \u00f3r\u00e1ban. A megrendel\u00e9sek munkanapokon, az \u00fczlet nyitvatart\u00e1si idej\u00e9ben ker\u00fclnek feldolgoz\u00e1sra.<br>\n4. A v\u00e1s\u00e1rl\u00e1shoz akt\u00edv e-mail fi\u00f3k sz\u00fcks\u00e9ges. A megrendel\u00e9s lead\u00e1s\u00e1hoz nyissa meg a moto-parts.eu weboldalt, t\u00f6ltse ki az \u0171rlapot, \u00e9s fogadja el a szab\u00e1lyzatot vagy regisztr\u00e1ljon fi\u00f3kot.<br>\n5. A weboldalon szerepl\u0151 hirdet\u00e9sek, \u00e1rlist\u00e1k \u00e9s egy\u00e9b inform\u00e1ci\u00f3k nem min\u0151s\u00fclnek aj\u00e1nlatnak a lengyel Polg\u00e1ri T\u00f6rv\u00e9nyk\u00f6nyv 66. cikke \u00e9rtelm\u00e9ben, csak felh\u00edv\u00e1snak szerz\u0151d\u00e9sk\u00f6t\u00e9sre. Az elad\u00f3 fenntartja a jogot az \u00e1rak megv\u00e1ltoztat\u00e1s\u00e1ra.<br>\n6. A megrendel\u00e9s elk\u00fcld\u00e9s\u00e9vel az \u00fcgyf\u00e9l v\u00e9teli aj\u00e1nlatot tesz. A bolt visszaigazol\u00f3 e-mailt k\u00fcld, majd elfogad\u00e1s ut\u00e1n megkezdi a teljes\u00edt\u00e9st.<br>\n7. Megrendel\u00e9shez sz\u00fcks\u00e9ges:<br>\n\u2013 term\u00e9k vagy szolg\u00e1ltat\u00e1s kiv\u00e1laszt\u00e1sa,<br>\n\u2013 sz\u00e1ll\u00edt\u00e1si m\u00f3d, sz\u00e1ll\u00edt\u00e1si c\u00edm \u00e9s sz\u00e1ml\u00e1z\u00e1si c\u00edm megad\u00e1sa (ezek elt\u00e9rhetnek),<br>\n\u2013 fizet\u00e9si m\u00f3d kiv\u00e1laszt\u00e1sa.<br>\n8. Ha a rendelt \u00e1ru nem \u00e1ll rendelkez\u00e9sre, az \u00e1ruh\u00e1z legfeljebb 30 napon bel\u00fcl \u00e9rtes\u00edti az \u00fcgyfelet, \u00e9s visszat\u00e9r\u00edti a befizetett \u00f6sszeget. Az \u00e9rtes\u00edt\u00e9s az \u0171rlapon megadott e-mail c\u00edmre ker\u00fcl kik\u00fcld\u00e9sre.<br>\n9. R\u00e9szleges el\u00e9rhetetlens\u00e9g eset\u00e9n az \u00fcgyf\u00e9l t\u00e1j\u00e9koztat\u00e1st kap \u00e9s d\u00f6nt a tov\u00e1bbiakr\u00f3l.<br>\n10. \u00dcgyf\u00e9l lehet\u0151s\u00e9gei:<br>\n\u2013 r\u00e9szleges teljes\u00edt\u00e9s \u2013 csak az el\u00e9rhet\u0151 t\u00e9teleket k\u00fcldi el az \u00e1ruh\u00e1z, a t\u00f6bbit t\u00f6rli,<br>\n\u2013 teljes megrendel\u00e9s t\u00f6rl\u00e9se \u2013 az \u00e1ruh\u00e1z visszat\u00e9r\u00edti az \u00f6sszeget a szab\u00e1lyzat szerint.<br>\n11. A prom\u00f3ci\u00f3k \u00e9s ki\u00e1rus\u00edt\u00e1sok korl\u00e1tozott mennyis\u00e9gben el\u00e9rhet\u0151ek.<br>\n12. A megrendel\u00e9sek a visszaigazol\u00e1s sorrendj\u00e9ben ker\u00fclnek feldolgoz\u00e1sra a k\u00e9szlet erej\u00e9ig.<\/p><p class=\"translation-block\"><b>II. Rendel\u00e9s m\u00f3dos\u00edt\u00e1sa.<\/b><br>\n1. Az \u00fcgyf\u00e9l m\u00f3dos\u00edthatja vagy t\u00f6r\u00f6lheti a rendel\u00e9st, am\u00edg azt el nem k\u00fcldik a sz\u00e1ll\u00edt\u00f3nak. A m\u00f3dos\u00edt\u00e1sokat az \u00dcgyf\u00e9lszolg\u00e1lattal lehet egyeztetni a kapcsolatfelv\u00e9teli \u0171rlapon vagy telefonon kereszt\u00fcl.<br>\n2. Az \u0171rlapon k\u00edv\u00fcli m\u00f3dos\u00edt\u00e1sokat csak az \u00fcgyf\u00e9l azonos\u00edt\u00e1sa ut\u00e1n hajtj\u00e1k v\u00e9gre.<br>\n3. A k\u00f6vetkez\u0151kre vonatkoz\u00f3 m\u00f3dos\u00edt\u00e1sokat: \u00fcgyf\u00e9l c\u00edme, sz\u00e1ll\u00edt\u00e1si c\u00edm, \u00e9s visszat\u00e9r\u00edt\u00e9si utas\u00edt\u00e1sok \u2013 kiz\u00e1r\u00f3lag a kapcsolatfelv\u00e9teli \u0171rlapon kereszt\u00fcl fogadj\u00e1k el.<\/p><p class=\"translation-block\"><b>III. Term\u00e9k\u00e1rak.<\/b><br>\n1. A web\u00e1ruh\u00e1zban felt\u00fcntetett term\u00e9k\u00e1rak:<br>\n\u2013 lengyel zlotyban (PLN) vannak megadva,<br>\n\u2013 tartalmazz\u00e1k az \u00c1F\u00c1-t,<br>\n\u2013 nem tartalmaznak esetleges v\u00e1mk\u00f6lts\u00e9geket,<br>\n\u2013 nem tartalmazz\u00e1k a sz\u00e1ll\u00edt\u00e1si k\u00f6lts\u00e9get.<br>\n2. A term\u00e9kek mellett felt\u00fcntetett \u00e1r az \u00fcgyf\u00e9l rendel\u00e9s\u00e9nek meger\u0151s\u00edt\u00e9sekor \u00e9s a web\u00e1ruh\u00e1z \u00e1ltali elfogad\u00e1sakor v\u00e1lik k\u00f6telez\u0151 \u00e9rv\u00e9ny\u0171v\u00e9.<br>\n3. Az \u00e1ruh\u00e1z fenntartja a jogot prom\u00f3ci\u00f3k \u00e9s ki\u00e1rus\u00edt\u00e1sok ind\u00edt\u00e1s\u00e1ra, t\u00f6rl\u00e9s\u00e9re vagy m\u00f3dos\u00edt\u00e1s\u00e1ra. Ez nem \u00e9rinti azokat az \u00e1rakat, amelyek a v\u00e1ltoz\u00e1s el\u0151tt leadott megrendel\u00e9sekre vonatkoznak.<br>\n4. A prom\u00f3ci\u00f3k nem \u00f6sszevonhat\u00f3k, kiv\u00e9ve, ha a prom\u00f3ci\u00f3 szab\u00e1lyzata m\u00e1sk\u00e9nt rendelkezik.<br>\n5. A term\u00e9k kisz\u00e1ll\u00edt\u00e1sa a v\u00e1s\u00e1rl\u00f3 \u00e1ltal v\u00e1lasztott \u00e9s a rendel\u00e9sben megadott m\u00f3don t\u00f6rt\u00e9nik. Az aktu\u00e1lis sz\u00e1ll\u00edt\u00e1si k\u00f6lts\u00e9gek a web\u00e1ruh\u00e1z honlapj\u00e1n tal\u00e1lhat\u00f3k.<\/p><p class=\"translation-block\"><b>IV. A rendel\u00e9s teljes\u00edt\u00e9si ideje.<\/b><br>\n1. Minden term\u00e9kn\u00e9l meg van adva a becs\u00fclt sz\u00e1ll\u00edt\u00e1si el\u0151k\u00e9sz\u00edt\u00e9si id\u0151. Ez az az id\u0151, ami a rendel\u00e9s elfogad\u00e1s\u00e1t\u00f3l a fut\u00e1rnak t\u00f6rt\u00e9n\u0151 \u00e1tad\u00e1sig telik el, csak munkanapok sz\u00e1m\u00edtanak. A k\u00fcl\u00f6nb\u00f6z\u0151 sz\u00e1ll\u00edt\u00e1si idej\u0171 term\u00e9keket tartalmaz\u00f3 rendel\u00e9seket akkor k\u00fcldj\u00fck el, amikor minden term\u00e9k el\u00e9rhet\u0151. A sz\u00e1ll\u00edt\u00e1si id\u0151t a leghosszabb teljes\u00edt\u00e9si idej\u0171 term\u00e9k hat\u00e1rozza meg.<br>\n2. Lengyelorsz\u00e1g ter\u00fclet\u00e9n a kisz\u00e1ll\u00edt\u00e1s az \u00dcgyf\u00e9l v\u00e1laszt\u00e1sa szerint t\u00f6rt\u00e9nhet:<br>\n\u2013 fut\u00e1rszolg\u00e1lattal,<br>\n3. Egyes term\u00e9kek eset\u00e9ben az \u00c1ruh\u00e1z fenntartja a jogot bizonyos sz\u00e1ll\u00edt\u00e1si m\u00f3dok kiz\u00e1r\u00e1s\u00e1ra.<br>\n4. Az \u00dcgyf\u00e9l a csomagot a fut\u00e1r jelenl\u00e9t\u00e9ben k\u00f6teles ellen\u0151rizni.<br>\n5. Ha a csomag s\u00e9r\u00fclt vagy fel van bontva, a fut\u00e1r jelenl\u00e9t\u00e9ben k\u00e1rjegyz\u0151k\u00f6nyvet kell felvenni. Ennek megk\u00fcld\u00e9se a reklam\u00e1ci\u00f3val egy\u00fctt megk\u00f6nny\u00edti az \u00fcgyint\u00e9z\u00e9st.<\/p><p class=\"translation-block\"><b>V. Fizet\u00e9si m\u00f3dok. A rendel\u00e9s feldolgoz\u00e1s\u00e1nak megkezd\u00e9se.<\/b><br>\n1. Az \u00dcgyf\u00e9l a k\u00f6vetkez\u0151 fizet\u00e9si m\u00f3dokat v\u00e1laszthatja lengyelorsz\u00e1gi sz\u00e1ll\u00edt\u00e1s eset\u00e9n:<br>\u2013 banki \u00e1tutal\u00e1s,<br>\n2. A rendel\u00e9s feldolgoz\u00e1sa a megrendel\u00e9si folyamat befejez\u00e9se ut\u00e1n kezd\u0151dik.<br>\n3. A feldolgoz\u00e1s akkor indul, amikor az \u00c1ruh\u00e1z megkapja a fizet\u00e9si m\u0171velet visszaigazol\u00e1s\u00e1t a szolg\u00e1ltat\u00f3t\u00f3l, vagy banki \u00e1tutal\u00e1s eset\u00e9n \u2013 amikor a p\u00e9nz be\u00e9rkezik az \u00c1ruh\u00e1z sz\u00e1ml\u00e1j\u00e1ra.<br>\n4. Egyes term\u00e9kek eset\u00e9ben az \u00c1ruh\u00e1z fenntartja a jogot, hogy kiz\u00e1rja bizonyos fizet\u00e9si m\u00f3dok haszn\u00e1lat\u00e1t.<\/p><p class=\"translation-block\"><b>VI. Reklam\u00e1ci\u00f3k<\/b>.<br>1. A term\u00e9keket gy\u00e1rt\u00f3i vagy forgalmaz\u00f3i garancia fedheti. A garancia r\u00e9szletes felt\u00e9telei \u00e9s id\u0151tartama a garanciav\u00e1llal\u00f3 \u00e1ltal kiadott garancialapon tal\u00e1lhat\u00f3k.<br>2. Ha a v\u00e1s\u00e1rl\u00f3 hib\u00e1s term\u00e9ket kap, saj\u00e1t bel\u00e1t\u00e1sa szerint \u00e9lhet a garanci\u00e1val k\u00f6zvetlen\u00fcl a garanciav\u00e1llal\u00f3n\u00e1l (gy\u00e1rt\u00f3 vagy forgalmaz\u00f3) a megadott szervizekben, vagy \u00e9lhet a keresked\u0151vel szembeni jog\u00e1val a szerz\u0151d\u00e9selleness\u00e9g miatt. Ezek a jogok egym\u00e1st\u00f3l f\u00fcggetlenek.<br>3. Ha a term\u00e9k nem felel meg a szerz\u0151d\u00e9snek, a v\u00e1s\u00e1rl\u00f3nak joga van reklam\u00e1ci\u00f3t beny\u00fajtani az \u00dczletn\u00e9l 2 (k\u00e9t) \u00e9ven bel\u00fcl a k\u00e9zbes\u00edt\u00e9st\u0151l sz\u00e1m\u00edtva, felt\u00e9ve hogy a hib\u00e1t 2 (k\u00e9t) h\u00f3napon bel\u00fcl bejelenti. Ebben az esetben a term\u00e9ket vissza kell k\u00fcldeni az \u00dczlet c\u00edm\u00e9re.<br>4. A visszak\u00fcld\u00f6tt term\u00e9khez csatolni kell a v\u00e1s\u00e1rl\u00e1sr\u00f3l sz\u00f3l\u00f3 bizonylatot \u00e9s a reklam\u00e1ci\u00f3 le\u00edr\u00e1s\u00e1t (a minta let\u00f6lthet\u0151 az \u00fczlet weboldal\u00e1r\u00f3l).<br>5. Az \u00dczlet a reklam\u00e1ci\u00f3 be\u00e9rkez\u00e9s\u00e9t\u0151l sz\u00e1m\u00edtott legfeljebb 14 napon bel\u00fcl v\u00e1laszol, \u00e9s t\u00e1j\u00e9koztatja a v\u00e1s\u00e1rl\u00f3t a tov\u00e1bbi l\u00e9p\u00e9sekr\u0151l.<br>6. A reklam\u00e1ci\u00f3 elfogad\u00e1sa eset\u00e9n a hib\u00e1s t<\/p><p class=\"translation-block\"><b>VII. El\u00e1ll\u00e1s a szerz\u0151d\u00e9st\u0151l.<\/b><br>1. A 2000. m\u00e1rcius 2-i t\u00f6rv\u00e9ny \u00e9rtelm\u00e9ben \u201eA fogyaszt\u00f3k egyes jogainak v\u00e9delm\u00e9r\u0151l \u00e9s a vesz\u00e9lyes term\u00e9kek \u00e1ltal okozott k\u00e1r\u00e9rt val\u00f3 felel\u0151ss\u00e9gr\u0151l\u201d, a V\u00e1s\u00e1rl\u00f3, aki term\u00e9szetes szem\u00e9ly \u00e9s nem \u00fczleti vagy szakmai c\u00e9llal v\u00e1s\u00e1rol, 14 napon bel\u00fcl indokl\u00e1s n\u00e9lk\u00fcl el\u00e1llhat a szerz\u0151d\u00e9st\u0151l a csomag \u00e1tv\u00e9tel\u00e9nek napj\u00e1t\u00f3l sz\u00e1m\u00edtva.<br>2. A V\u00e1s\u00e1rl\u00f3nak el\u00e1ll\u00e1si nyilatkozatot kell beny\u00fajtania, \u00e9s vissza kell k\u00fcldenie az \u00e1rut az \u00dczletbe.<br>3. A visszak\u00fcld\u00f6tt term\u00e9knek hi\u00e1nytalan \u00e1llapot\u00fanak kell lennie. A term\u00e9ket v\u00e1ltozatlan \u00e1llapotban kell visszak\u00fcldeni, kiv\u00e9ve, ha a v\u00e1ltoz\u00e1s a rendes haszn\u00e1lat k\u00f6r\u00e9ben sz\u00fcks\u00e9gszer\u0171 volt, azaz a V\u00e1s\u00e1rl\u00f3nak \u00fagy kell b\u00e1nnia a term\u00e9kkel, mintha az esetleg visszaker\u00fclne.<br>4. A visszak\u00fcldend\u0151 term\u00e9ket az el\u00e1ll\u00e1st\u00f3l sz\u00e1m\u00edtott 14 napon bel\u00fcl kell visszak\u00fcldeni az el\u00e1ll\u00e1si nyilatkozattal egy\u00fctt (nyomtatv\u00e1ny el\u00e9rhet\u0151 az \u00dczlet weboldal\u00e1n).<br>5. A visszak\u00fcld\u00e9s k\u00f6lts\u00e9ge nem visszat\u00e9r\u00edtend\u0151.<br>6. Az \u00dczlet a visszak\u00fcld\u00f6tt \u00e1ru \u00e9rt\u00e9k\u00e9t 7 (h\u00e9t) munkanapon bel\u00fcl visszat\u00e9r\u00edti.<\/p><p class=\"translation-block\"><b>VIII. Visszat\u00e9r\u00edt\u00e9sek \u00fcgyfeleknek. T\u00falfizet\u00e9sek.<\/b><br>1. Ha olyan k\u00f6r\u00fclm\u00e9ny \u00e1ll fenn, amely alapj\u00e1n az \u00dczlet k\u00f6teles visszat\u00e9r\u00edteni a V\u00e1s\u00e1rl\u00f3 \u00e1ltal az \u00dczlet sz\u00e1ml\u00e1j\u00e1ra befizetett \u00f6sszeget, a visszat\u00e9r\u00edt\u00e9s legk\u00e9s\u0151bb 7 munkanapon bel\u00fcl megt\u00f6rt\u00e9nik.<br>2. Ha a V\u00e1s\u00e1rl\u00f3 \u00e1tutal\u00e1ssal fizetett, az \u00f6sszeg visszat\u00e9r\u00edt\u00e9se arra a banksz\u00e1ml\u00e1ra t\u00f6rt\u00e9nik, ahonnan az utal\u00e1s \u00e9rkezett, vagy egy m\u00e1sik, a V\u00e1s\u00e1rl\u00f3 \u00e1ltal megadott sz\u00e1ml\u00e1ra.<\/p><p class=\"translation-block\"><b>Szem\u00e9lyes adatok.<\/b><br>1. A Megrendel\u00e9s lead\u00e1s\u00e1val a V\u00e1s\u00e1rl\u00f3 hozz\u00e1j\u00e1rul szem\u00e9lyes adatainak az AUTOMOBILE GMBH SP. Z O.O., ul. Grunwaldzka 7, 08-110 Siedlce adatb\u00e1zis\u00e1ba t\u00f6rt\u00e9n\u0151 felv\u00e9tel\u00e9hez, valamint azok szerz\u0151d\u00e9s teljes\u00edt\u00e9se c\u00e9lj\u00e1b\u00f3l t\u00f6rt\u00e9n\u0151 kezel\u00e9s\u00e9hez. A szem\u00e9lyes adatok megad\u00e1sa \u00f6nk\u00e9ntes, de a hozz\u00e1j\u00e1rul\u00e1s hi\u00e1nya ellehetetlen\u00edti a megrendel\u00e9s teljes\u00edt\u00e9s\u00e9t. A V\u00e1s\u00e1rl\u00f3 felel\u0151s a val\u00f3tlan adatok megad\u00e1s\u00e1\u00e9rt.<br>2. A szem\u00e9lyes adatok v\u00e9delme a 1997.08.29-i adatv\u00e9delmi t\u00f6rv\u00e9ny (2002\/101. sz\u00e1m\u00fa t\u00f6rv\u00e9ny, 926. pont, m\u00f3dos\u00edt\u00e1sokkal) szerint t\u00f6rt\u00e9nik, harmadik f\u00e9l hozz\u00e1f\u00e9r\u00e9se kiz\u00e1rt.<br>3. Amennyiben a V\u00e1s\u00e1rl\u00f3 k\u00fcl\u00f6n hozz\u00e1j\u00e1rul, adatait az \u00dczlet felhaszn\u00e1lhatja arra, hogy \u00faj term\u00e9kekr\u0151l, akci\u00f3kr\u00f3l \u00e9s szolg\u00e1ltat\u00e1sokr\u00f3l t\u00e1j\u00e9koztassa.<br>4. Az \u00dczlet V\u00e1s\u00e1rl\u00f3inak joguk van adataikhoz hozz\u00e1f\u00e9rni, azokat m\u00f3dos\u00edtani \u00e9s t\u00f6rl\u00e9st k\u00e9rni.<\/p><p class=\"translation-block\"><b>Z\u00e1r\u00f3 rendelkez\u00e9sek.<\/b><br>1. Az ad\u00e1sv\u00e9teli szerz\u0151d\u00e9s a V\u00e1s\u00e1rl\u00f3 \u00e9s az AUTOMOBILE GMBH SP. Z O.O., ul. Grunwaldzka 7, 08-110 Siedlce k\u00f6z\u00f6tt j\u00f6n l\u00e9tre.<br>2. A weboldalon bemutatott term\u00e9kek nem min\u0151s\u00fclnek aj\u00e1nlatnak a Polg\u00e1ri T\u00f6rv\u00e9nyk\u00f6nyv \u00e9rtelm\u00e9ben. A term\u00e9kinform\u00e1ci\u00f3 nem garant\u00e1lja azok rakt\u00e1rk\u00e9szlet\u00e9t.<br>3. Az \u00c1ruh\u00e1z nem v\u00e1llal felel\u0151ss\u00e9get az\u00e9rt, ha a levelez\u0151szerver blokkolja az e-maileket, vagy ha azokat a V\u00e1s\u00e1rl\u00f3 eszk\u00f6ze t\u00f6rli vagy blokkolja.<br>4. Az \u00c1ruh\u00e1z nem felel az olyan hib\u00e1k\u00e9rt, amelyek a V\u00e1s\u00e1rl\u00f3 \u00e1ltal megadott hib\u00e1s adatokb\u00f3l erednek.<br>5. Az \u00c1ruh\u00e1z cookie-kat haszn\u00e1l a moto-parts.eu oldalhaszn\u00e1lat\u00e1nak elemz\u00e9s\u00e9re.<br>6. A V\u00e1s\u00e1rl\u00f3 haszn\u00e1lhatja az oldalt cookie-k n\u00e9lk\u00fcl, de ez a funkcionalit\u00e1st korl\u00e1tozhatja. Ha nem \u00e9rt egyet a cookie-haszn\u00e1lattal, \u00e1ll\u00edtsa be a b\u00f6ng\u00e9sz\u0151j\u00e9t a cookie-k blokkol\u00e1s\u00e1ra vagy figyelmeztet\u00e9s\u00e9re.<br>7. Az esetleges vit\u00e1k a Polg\u00e1ri Perrendtart\u00e1sr\u00f3l sz\u00f3l\u00f3 1964. november 17-i t\u00f6rv\u00e9ny (Dz.U. Nr 43, poz. 296) rendelkez\u00e9sei szerint az illet\u00e9kes b\u00edr\u00f3s\u00e1g el\u00e9 ker\u00fclnek.<br>8. A jelen Szab\u00e1lyzatban nem szab\u00e1lyozott k\u00e9rd\u00e9sekben a lengyel jogszab\u00e1lyok ir\u00e1nyad\u00f3ak, k\u00fcl\u00f6n\u00f6sen a Polg\u00e1ri T\u00f6rv\u00e9nyk\u00f6nyv, a fogyaszt\u00f3i elad\u00e1s k\u00fcl\u00f6nleges felt\u00e9teleir\u0151l sz\u00f3l\u00f3 t\u00f6rv\u00e9ny (Dz.U. Nr 141\/2002, poz. 1176), valamint a vesz\u00e9lyes term\u00e9kek \u00e1ltal okozott k\u00e1rok\u00e9rt val\u00f3 felel\u0151ss\u00e9gr\u0151l sz\u00f3l\u00f3 t\u00f6rv\u00e9ny (Dz.U. Nr 22\/2000, poz. 271).<br>9. Ez a Szab\u00e1lyzat 2014. janu\u00e1r 1-j\u00e9n l\u00e9p hat\u00e1lyba.<br>10. Az \u00c1ruh\u00e1z fenntartja a jogot a Szab\u00e1lyzat m\u00f3dos\u00edt\u00e1s\u00e1ra. A m\u00f3dos\u00edt\u00e1sok legkor\u00e1bban a k\u00f6zz\u00e9t\u00e9telt k\u00f6vet\u0151 7. napon l\u00e9pnek hat\u00e1lyba a moto-parts.eu oldalon.<\/p><p>Az ezen Szab\u00e1lyzat m\u00f3dos\u00edt\u00e1s\u00e1nak hat\u00e1lybal\u00e9p\u00e9se el\u0151tt leadott megrendel\u00e9sek teljes\u00edt\u00e9se a megrendel\u00e9s napj\u00e1n \u00e9rv\u00e9nyben l\u00e9v\u0151 felt\u00e9telek szerint t\u00f6rt\u00e9nik.<\/p><p class=\"translation-block\"><b>Megrendel\u00e9s feldolgoz\u00e1si ideje<\/b> \u2013 az az id\u0151, amely alatt az \u00c1ruh\u00e1z el\u0151k\u00e9sz\u00edti a megrendel\u00e9st \u00e9s \u00e1tadja a V\u00e1s\u00e1rl\u00f3 \u00e1ltal v\u00e1lasztott fut\u00e1rszolg\u00e1latnak;<br>\n<b>V\u00e1s\u00e1rl\u00f3<\/b> \u2013 term\u00e9szetes szem\u00e9ly vagy c\u00e9g, aki\/amely az \u00c1ruh\u00e1zban v\u00e1s\u00e1rol;<br>\n<b>\u00dcgyint\u00e9z\u0151<\/b> \u2013 az \u00c1ruh\u00e1z \u00fcgyf\u00e9lszolg\u00e1lat\u00e1t v\u00e9gz\u0151 szem\u00e9ly;<br>\n<b>V\u00e1s\u00e1rl\u00f3i fi\u00f3k<\/b> \u2013 adatb\u00e1zis, amely tartalmazza a V\u00e1s\u00e1rl\u00f3 adatait, rendel\u00e9st\u00f6rt\u00e9net\u00e9t, preferenci\u00e1it, fizet\u00e9si \u00e9s t\u00falfizet\u00e9si inform\u00e1ci\u00f3it;<br>\n<b>Hagyom\u00e1nyos \u00e1tutal\u00e1s<\/b> \u2013 a V\u00e1s\u00e1rl\u00f3 bankon vagy post\u00e1n kereszt\u00fcl v\u00e9grehajtott fizet\u00e9se;<br>\n<b>Elektronikus \u00e1tutal\u00e1s<\/b> \u2013 online banki \u00e1tutal\u00e1s a <b>Przelewy24 online fizet\u00e9si rendszer<\/b>en kereszt\u00fcl;<\/p><\/div>\t\t\t\t\t\t\t\t<\/div>\n\t\t\t\t<\/div>\n\t\t\t\t\t<\/div>\n\t\t\t\t<\/div>\n\t\t\t\t<\/div>","protected":false},"excerpt":{"rendered":"<p>Regulamin Sklep internetowy moto-parts.eu, dzia\u0142aj\u0105cy pod adresem https:\/\/www.moto-parts.eu prowadzony jest przez: AUTOMOBILE GMBH SP. Z O.O.\u00a0, ul. Grunwaldzka 7 08-110 [&hellip;]<\/p>\n","protected":false},"author":1,"featured_media":0,"parent":0,"menu_order":0,"comment_status":"closed","ping_status":"closed","template":"","meta":{"site-sidebar-layout":"no-sidebar","site-content-layout":"","ast-site-content-layout":"full-width-container","site-content-style":"default","site-sidebar-style":"default","ast-global-header-display":"","ast-banner-title-visibility":"disabled","ast-main-header-display":"","ast-hfb-above-header-display":"","ast-hfb-below-header-display":"","ast-hfb-mobile-header-display":"","site-post-title":"disabled","ast-breadcrumbs-content":"","ast-featured-img":"disabled","footer-sml-layout":"","ast-disable-related-posts":"","theme-transparent-header-meta":"","adv-header-id-meta":"","stick-header-meta":"","header-above-stick-meta":"","header-main-stick-meta":"","header-below-stick-meta":"","astra-migrate-meta-layouts":"default","ast-page-background-enabled":"default","ast-page-background-meta":{"desktop":{"background-color":"var(--ast-global-color-5)","background-image":"","background-repeat":"repeat","background-position":"center center","background-size":"auto","background-attachment":"scroll","background-type":"","background-media":"","overlay-type":"","overlay-color":"","overlay-opacity":"","overlay-gradient":""},"tablet":{"background-color":"","background-image":"","background-repeat":"repeat","background-position":"center center","background-size":"auto","background-attachment":"scroll","background-type":"","background-media":"","overlay-type":"","overlay-color":"","overlay-opacity":"","overlay-gradient":""},"mobile":{"background-color":"","background-image":"","background-repeat":"repeat","background-position":"center center","background-size":"auto","background-attachment":"scroll","background-type":"","background-media":"","overlay-type":"","overlay-color":"","overlay-opacity":"","overlay-gradient":""}},"ast-content-background-meta":{"desktop":{"background-color":"var(--ast-global-color-4)","background-image":"","background-repeat":"repeat","background-position":"center center","background-size":"auto","background-attachment":"scroll","background-type":"","background-media":"","overlay-type":"","overlay-color":"","overlay-opacity":"","overlay-gradient":""},"tablet":{"background-color":"var(--ast-global-color-4)","background-image":"","background-repeat":"repeat","background-position":"center center","background-size":"auto","background-attachment":"scroll","background-type":"","background-media":"","overlay-type":"","overlay-color":"","overlay-opacity":"","overlay-gradient":""},"mobile":{"background-color":"var(--ast-global-color-4)","background-image":"","background-repeat":"repeat","background-position":"center center","background-size":"auto","background-attachment":"scroll","background-type":"","background-media":"","overlay-type":"","overlay-color":"","overlay-opacity":"","overlay-gradient":""}},"footnotes":""},"class_list":["post-259","page","type-page","status-publish","hentry"],"_links":{"self":[{"href":"https:\/\/moto-parts.eu\/hu\/wp-json\/wp\/v2\/pages\/259","targetHints":{"allow":["GET"]}}],"collection":[{"href":"https:\/\/moto-parts.eu\/hu\/wp-json\/wp\/v2\/pages"}],"about":[{"href":"https:\/\/moto-parts.eu\/hu\/wp-json\/wp\/v2\/types\/page"}],"author":[{"embeddable":true,"href":"https:\/\/moto-parts.eu\/hu\/wp-json\/wp\/v2\/users\/1"}],"replies":[{"embeddable":true,"href":"https:\/\/moto-parts.eu\/hu\/wp-json\/wp\/v2\/comments?post=259"}],"version-history":[{"count":0,"href":"https:\/\/moto-parts.eu\/hu\/wp-json\/wp\/v2\/pages\/259\/revisions"}],"wp:attachment":[{"href":"https:\/\/moto-parts.eu\/hu\/wp-json\/wp\/v2\/media?parent=259"}],"curies":[{"name":"wp","href":"https:\/\/api.w.org\/{rel}","templated":true}]}}