{"id":257,"date":"2025-05-23T11:01:25","date_gmt":"2025-05-23T11:01:25","guid":{"rendered":"https:\/\/www.moto-parts.eu\/?page_id=257"},"modified":"2025-06-23T08:54:53","modified_gmt":"2025-06-23T06:54:53","slug":"visszakuldesi-szabalyzat-2","status":"publish","type":"page","link":"https:\/\/moto-parts.eu\/hu\/polityka-zwrotow\/","title":{"rendered":"Visszat\u00e9r\u00edt\u00e9si szab\u00e1lyzat"},"content":{"rendered":"<div data-elementor-type=\"wp-page\" data-elementor-id=\"257\" class=\"elementor elementor-257\">\n\t\t\t\t<div class=\"elementor-element elementor-element-8fa4558 e-flex e-con-boxed e-con e-parent\" data-id=\"8fa4558\" data-element_type=\"container\" data-e-type=\"container\" data-settings=\"{&quot;background_background&quot;:&quot;classic&quot;}\">\n\t\t\t\t\t<div class=\"e-con-inner\">\n\t\t\t\t<div class=\"elementor-element elementor-element-804d0f4 elementor-widget elementor-widget-heading\" data-id=\"804d0f4\" data-element_type=\"widget\" data-e-type=\"widget\" data-widget_type=\"heading.default\">\n\t\t\t\t<div class=\"elementor-widget-container\">\n\t\t\t\t\t<h1 class=\"elementor-heading-title elementor-size-default\">Visszat\u00e9r\u00edt\u00e9si szab\u00e1lyzat<\/h1>\t\t\t\t<\/div>\n\t\t\t\t<\/div>\n\t\t\t\t\t<\/div>\n\t\t\t\t<\/div>\n\t\t<div class=\"elementor-element elementor-element-403013c e-flex e-con-boxed e-con e-parent\" data-id=\"403013c\" data-element_type=\"container\" data-e-type=\"container\">\n\t\t\t\t\t<div class=\"e-con-inner\">\n\t\t\t\t<div class=\"elementor-element elementor-element-7c83923 elementor-widget elementor-widget-text-editor\" data-id=\"7c83923\" data-element_type=\"widget\" data-e-type=\"widget\" data-widget_type=\"text-editor.default\">\n\t\t\t\t<div class=\"elementor-widget-container\">\n\t\t\t\t\t\t\t\t\t<p data-pm-slice=\"1 1 []\"><strong>1. Visszat\u00e9r\u00edt\u00e9sek \u00e9s t\u00falfizet\u00e9sek<\/strong>\u00a0<\/p><p data-pm-slice=\"1 1 []\" class=\"translation-block\">1.1. Amennyiben olyan k\u00f6r\u00fclm\u00e9nyek mer\u00fclnek fel, amelyek az \u00dczletet k\u00f6telezik a V\u00e1s\u00e1rl\u00f3 \u00e1ltal az \u00dczlet sz\u00e1ml\u00e1j\u00e1ra befizetett \u00f6sszegek visszat\u00e9r\u00edt\u00e9s\u00e9re, a visszat\u00e9r\u00edt\u00e9s legk\u00e9s\u0151bb 7 munkanapon bel\u00fcl megt\u00f6rt\u00e9nik.<\/p><p data-pm-slice=\"1 1 []\">1.2. Ha a V\u00e1s\u00e1rl\u00f3 \u00e1tutal\u00e1ssal fizetett, a visszat\u00e9r\u00edt\u00e9s arra a banksz\u00e1ml\u00e1ra t\u00f6rt\u00e9nik, ahonnan a fizet\u00e9s \u00e9rkezett, vagy egy m\u00e1sik, a V\u00e1s\u00e1rl\u00f3 \u00e1ltal megadott sz\u00e1ml\u00e1ra.<\/p><p><strong>2. El\u00e1ll\u00e1s a szerz\u0151d\u00e9st\u0151l<\/strong>\u00a0<\/p><p class=\"translation-block\">2.1. A 2000. m\u00e1rcius 2-i t\u00f6rv\u00e9ny alapj\u00e1n, amely a fogyaszt\u00f3k bizonyos jogainak v\u00e9delm\u00e9r\u0151l \u00e9s a vesz\u00e9lyes term\u00e9kek \u00e1ltal okozott k\u00e1rok\u00e9rt val\u00f3 felel\u0151ss\u00e9gr\u0151l sz\u00f3l, a V\u00e1s\u00e1rl\u00f3, mint mag\u00e1nszem\u00e9ly, aki nem \u00fczleti vagy szakmai c\u00e9lb\u00f3l v\u00e1s\u00e1rol, jogosult a szerz\u0151d\u00e9st\u0151l indokl\u00e1s n\u00e9lk\u00fcl el\u00e1llni a csomag \u00e1tv\u00e9tel\u00e9t\u0151l sz\u00e1m\u00edtott 14 napon bel\u00fcl.<\/p><p>2.2. Az el\u00e1ll\u00e1si jog gyakorl\u00e1s\u00e1hoz a V\u00e1s\u00e1rl\u00f3nak el\u00e1ll\u00e1si nyilatkozatot kell beny\u00fajtania, \u00e9s vissza kell k\u00fcldenie az \u00e1rut az \u00dczletbe. A nyilatkozat mint\u00e1ja el\u00e9rhet\u0151 az \u00dczlet weboldal\u00e1n.\u00a0<\/p><p>2.3. A visszak\u00fcld\u00f6tt term\u00e9knek teljesnek \u00e9s v\u00e1ltozatlan \u00e1llapot\u00fanak kell lennie, kiv\u00e9ve, ha a v\u00e1ltoztat\u00e1s a rendes haszn\u00e1lat keret\u00e9ben sz\u00fcks\u00e9ges volt. A V\u00e1s\u00e1rl\u00f3nak \u00fagy kell kezelnie a term\u00e9ket, hogy az visszak\u00fcldhet\u0151 legyen.\u00a0<\/p><p>2.4. A visszak\u00fcld\u00f6tt term\u00e9ket a V\u00e1s\u00e1rl\u00f3nak legk\u00e9s\u0151bb az el\u00e1ll\u00e1si nyilatkozat beny\u00fajt\u00e1s\u00e1t\u00f3l sz\u00e1m\u00edtott 14 napon bel\u00fcl el kell k\u00fcldenie az \u00dczlet c\u00edm\u00e9re.\u00a0<strong>14 nap<\/strong>\u00a0az el\u00e1ll\u00e1sr\u00f3l sz\u00f3l\u00f3 \u00e9rtes\u00edt\u00e9s k\u00e9zhezv\u00e9tel\u00e9nek napj\u00e1t\u00f3l sz\u00e1m\u00edtva.\u00a0<\/p><p>2.5. A term\u00e9k visszak\u00fcld\u00e9s\u00e9nek k\u00f6lts\u00e9ge nem visszat\u00e9r\u00edthet\u0151.\u00a0<\/p><p>2.6. Az \u00dczlet a visszak\u00fcld\u00f6tt term\u00e9k ellen\u00e9rt\u00e9k\u00e9t a visszak\u00fcld\u00e9s k\u00e9zhezv\u00e9tel\u00e9t\u0151l sz\u00e1m\u00edtott 7 munkanapon bel\u00fcl visszat\u00e9r\u00edti.\u00a0<strong>7 munkanap<\/strong>\u00a0a bevall\u00e1s k\u00e9zhezv\u00e9tel\u00e9nek id\u0151pontj\u00e1t\u00f3l sz\u00e1m\u00edtva.<\/p><p><strong>3. Reklam\u00e1ci\u00f3s felt\u00e9telek<\/strong><\/p><h4>3.1. Az \u00dczletben \u00e9rt\u00e9kes\u00edtett term\u00e9kekre a gy\u00e1rt\u00f3 vagy a forgalmaz\u00f3 garanci\u00e1t v\u00e1llalhat. A garancia felt\u00e9teleit \u00e9s id\u0151tartam\u00e1t a term\u00e9khez mell\u00e9kelt j\u00f3t\u00e1ll\u00e1si jegy tartalmazza.<\/h4><div><p>3.2. Hiba \u00e9szlel\u00e9se eset\u00e9n a V\u00e1s\u00e1rl\u00f3 \u00e9rv\u00e9nyes\u00edtheti j\u00f3t\u00e1ll\u00e1si jogait a garanci\u00e1t v\u00e1llal\u00f3n\u00e1l (gy\u00e1rt\u00f3 vagy forgalmaz\u00f3), vagy \u00e9lhet a szerz\u0151d\u00e9sszeg\u00e9sb\u0151l ered\u0151 jogaival.<\/p><p>3.3. Reklam\u00e1ci\u00f3 eset\u00e9n a V\u00e1s\u00e1rl\u00f3nak a term\u00e9ket a v\u00e1s\u00e1rl\u00e1si bizonylattal \u00e9s a panasz le\u00edr\u00e1s\u00e1val egy\u00fctt az \u00dczlet c\u00edm\u00e9re kell visszak\u00fcldenie (a reklam\u00e1ci\u00f3s \u0171rlap el\u00e9rhet\u0151 az \u00dczlet weboldal\u00e1n).\u00a0<\/p><p>3.4. Az \u00dczlet a panaszt az \u00e9rtes\u00edt\u00e9s k\u00e9zhezv\u00e9tel\u00e9t\u0151l sz\u00e1m\u00edtott 14 napon bel\u00fcl elb\u00edr\u00e1lja. A V\u00e1s\u00e1rl\u00f3t e-mailben t\u00e1j\u00e9koztatj\u00e1k az eredm\u00e9nyr\u0151l.\u00a0<strong>14 nap<\/strong>\u00a0a panasz be\u00e9rkez\u00e9s\u00e9t\u0151l sz\u00e1m\u00edtva. Az \u00fcgyfelet e-mailben \u00e9rtes\u00edtj\u00fck a panasz elb\u00edr\u00e1l\u00e1s\u00e1r\u00f3l.\u00a0<\/p><p>3.5. Ha a reklam\u00e1ci\u00f3t elfogadj\u00e1k, az \u00dczlet megjav\u00edtja a term\u00e9ket, kicser\u00e9li egy \u00fajra, vagy visszat\u00e9r\u00edti a V\u00e1s\u00e1rl\u00f3nak a v\u00e9tel\u00e1rat. A visszak\u00fcld\u00e9s k\u00f6lts\u00e9g\u00e9t a reklam\u00e1ci\u00f3 j\u00f3v\u00e1hagy\u00e1sa ut\u00e1n t\u00e9r\u00edtik meg.\u00a0<\/p><p><strong>4 Kapcsolattart\u00e1s a visszak\u00fcld\u00e9ssel \u00e9s reklam\u00e1ci\u00f3val kapcsolatban<\/strong>\u00a0A visszak\u00fcld\u00e9ssel \u00e9s reklam\u00e1ci\u00f3val kapcsolatos k\u00e9rd\u00e9seket az \u00fcgyf\u00e9lszolg\u00e1lathoz lehet int\u00e9zni:<br \/><strong>C\u00e9gadatok:\u00a0<\/strong>AUTOMOBILE GMBH SP. Z O.O. , ul. Grunwaldzka 7 08-110 Siedlce;<br \/><strong>E-mail:<\/strong>\u00a0info@www.moto-parts.eu<br \/><strong>Telefon:<\/strong> +48 503 062 914.<\/p><p class=\"translation-block\">Ez a <strong>Visszat\u00e9r\u00edt\u00e9si szab\u00e1lyzat<\/strong> <strong>2025. j\u00fanius 2-t\u00f3l<\/strong> \u00e9rv\u00e9nyes, \u00e9s az \u00c1ruh\u00e1z \u00c1ltal\u00e1nos Szerz\u0151d\u00e9si Felt\u00e9teleinek szerves r\u00e9sz\u00e9t k\u00e9pezi.<\/p><\/div>\t\t\t\t\t\t\t\t<\/div>\n\t\t\t\t<\/div>\n\t\t\t\t\t<\/div>\n\t\t\t\t<\/div>\n\t\t\t\t<\/div>","protected":false},"excerpt":{"rendered":"<p>Polityka zwrot\u00f3w 1. Zwrot nale\u017cno\u015bci Klientom i nadp\u0142aty\u00a0 1.1. W przypadku zaistnienia okoliczno\u015bci zobowi\u0105zuj\u0105cych Sklep do zwrotu nale\u017cno\u015bci wp\u0142aconych przez [&hellip;]<\/p>\n","protected":false},"author":1,"featured_media":0,"parent":0,"menu_order":0,"comment_status":"closed","ping_status":"closed","template":"","meta":{"site-sidebar-layout":"no-sidebar","site-content-layout":"","ast-site-content-layout":"full-width-container","site-content-style":"default","site-sidebar-style":"default","ast-global-header-display":"","ast-banner-title-visibility":"disabled","ast-main-header-display":"","ast-hfb-above-header-display":"","ast-hfb-below-header-display":"","ast-hfb-mobile-header-display":"","site-post-title":"disabled","ast-breadcrumbs-content":"","ast-featured-img":"disabled","footer-sml-layout":"","ast-disable-related-posts":"","theme-transparent-header-meta":"","adv-header-id-meta":"","stick-header-meta":"","header-above-stick-meta":"","header-main-stick-meta":"","header-below-stick-meta":"","astra-migrate-meta-layouts":"default","ast-page-background-enabled":"default","ast-page-background-meta":{"desktop":{"background-color":"var(--ast-global-color-5)","background-image":"","background-repeat":"repeat","background-position":"center center","background-size":"auto","background-attachment":"scroll","background-type":"","background-media":"","overlay-type":"","overlay-color":"","overlay-opacity":"","overlay-gradient":""},"tablet":{"background-color":"","background-image":"","background-repeat":"repeat","background-position":"center center","background-size":"auto","background-attachment":"scroll","background-type":"","background-media":"","overlay-type":"","overlay-color":"","overlay-opacity":"","overlay-gradient":""},"mobile":{"background-color":"","background-image":"","background-repeat":"repeat","background-position":"center center","background-size":"auto","background-attachment":"scroll","background-type":"","background-media":"","overlay-type":"","overlay-color":"","overlay-opacity":"","overlay-gradient":""}},"ast-content-background-meta":{"desktop":{"background-color":"var(--ast-global-color-4)","background-image":"","background-repeat":"repeat","background-position":"center center","background-size":"auto","background-attachment":"scroll","background-type":"","background-media":"","overlay-type":"","overlay-color":"","overlay-opacity":"","overlay-gradient":""},"tablet":{"background-color":"var(--ast-global-color-4)","background-image":"","background-repeat":"repeat","background-position":"center center","background-size":"auto","background-attachment":"scroll","background-type":"","background-media":"","overlay-type":"","overlay-color":"","overlay-opacity":"","overlay-gradient":""},"mobile":{"background-color":"var(--ast-global-color-4)","background-image":"","background-repeat":"repeat","background-position":"center center","background-size":"auto","background-attachment":"scroll","background-type":"","background-media":"","overlay-type":"","overlay-color":"","overlay-opacity":"","overlay-gradient":""}},"footnotes":""},"class_list":["post-257","page","type-page","status-publish","hentry"],"_links":{"self":[{"href":"https:\/\/moto-parts.eu\/hu\/wp-json\/wp\/v2\/pages\/257","targetHints":{"allow":["GET"]}}],"collection":[{"href":"https:\/\/moto-parts.eu\/hu\/wp-json\/wp\/v2\/pages"}],"about":[{"href":"https:\/\/moto-parts.eu\/hu\/wp-json\/wp\/v2\/types\/page"}],"author":[{"embeddable":true,"href":"https:\/\/moto-parts.eu\/hu\/wp-json\/wp\/v2\/users\/1"}],"replies":[{"embeddable":true,"href":"https:\/\/moto-parts.eu\/hu\/wp-json\/wp\/v2\/comments?post=257"}],"version-history":[{"count":0,"href":"https:\/\/moto-parts.eu\/hu\/wp-json\/wp\/v2\/pages\/257\/revisions"}],"wp:attachment":[{"href":"https:\/\/moto-parts.eu\/hu\/wp-json\/wp\/v2\/media?parent=257"}],"curies":[{"name":"wp","href":"https:\/\/api.w.org\/{rel}","templated":true}]}}