{"id":255,"date":"2025-05-23T11:01:16","date_gmt":"2025-05-23T11:01:16","guid":{"rendered":"https:\/\/www.moto-parts.eu\/?page_id=255"},"modified":"2025-06-20T20:44:42","modified_gmt":"2025-06-20T18:44:42","slug":"szallitas-es-koltsegek","status":"publish","type":"page","link":"https:\/\/moto-parts.eu\/hu\/dostawa-i-koszty\/","title":{"rendered":"Sz\u00e1ll\u00edt\u00e1s \u00e9s k\u00f6lts\u00e9gek"},"content":{"rendered":"<div data-elementor-type=\"wp-page\" data-elementor-id=\"255\" class=\"elementor elementor-255\">\n\t\t\t\t<div class=\"elementor-element elementor-element-940de7a e-flex e-con-boxed e-con e-parent\" data-id=\"940de7a\" data-element_type=\"container\" data-e-type=\"container\">\n\t\t\t\t\t<div class=\"e-con-inner\">\n\t\t\t\t<div class=\"elementor-element elementor-element-1f64d88 elementor-widget elementor-widget-heading\" data-id=\"1f64d88\" data-element_type=\"widget\" data-e-type=\"widget\" data-widget_type=\"heading.default\">\n\t\t\t\t<div class=\"elementor-widget-container\">\n\t\t\t\t\t<h1 class=\"elementor-heading-title elementor-size-default\">Sz\u00e1ll\u00edt\u00e1s \u00e9s k\u00f6lts\u00e9gek<\/h1>\t\t\t\t<\/div>\n\t\t\t\t<\/div>\n\t\t\t\t\t<\/div>\n\t\t\t\t<\/div>\n\t\t<div class=\"elementor-element elementor-element-c820ee8 e-flex e-con-boxed e-con e-parent\" data-id=\"c820ee8\" data-element_type=\"container\" data-e-type=\"container\">\n\t\t\t\t\t<div class=\"e-con-inner\">\n\t\t\t\t<div class=\"elementor-element elementor-element-bb6cd8f elementor-widget elementor-widget-text-editor\" data-id=\"bb6cd8f\" data-element_type=\"widget\" data-e-type=\"widget\" data-widget_type=\"text-editor.default\">\n\t\t\t\t<div class=\"elementor-widget-container\">\n\t\t\t\t\t\t\t\t\t<h4>A RENDEL\u00c9S TELJES\u00cdT\u00c9S\u00c9NEK IDEJE<\/h4><p class=\"translation-block\">K\u00f6zvetlen\u00fcl a rendel\u00e9s lead\u00e1sa ut\u00e1n e-mailben visszaigazol\u00e1st k\u00fcld\u00fcnk, amely tartalmaz egy linket, amelyre kattintva meg kell er\u0151s\u00edteni a rendel\u00e9st. A visszaigazol\u00e1s be\u00e9rkez\u00e9se ut\u00e1n megkezdj\u00fck a rendel\u00e9s feldolgoz\u00e1s\u00e1t, \u00e9s folyamatosan t\u00e1j\u00e9koztatunk a folyamat \u00e1llapot\u00e1r\u00f3l.\nA csomag k\u00e9zhezv\u00e9tel\u00e9nek ideje = felad\u00e1s ideje + sz\u00e1ll\u00edt\u00e1si id\u0151\nA felad\u00e1s ideje a term\u00e9kek el\u00e9rhet\u0151s\u00e9g\u00e9t\u0151l \u00e9s a v\u00e1lasztott fizet\u00e9si m\u00f3dt\u00f3l f\u00fcgg, m\u00edg a sz\u00e1ll\u00edt\u00e1si id\u0151 a kiv\u00e1lasztott sz\u00e1ll\u00edt\u00e1si m\u00f3dt\u00f3l.<\/p><h5>\u00a0<\/h5><h4>TERM\u00c9KEK EL\u00c9RHET\u0150S\u00c9GE<\/h4><p>Minden term\u00e9k mellett felt\u00fcntetj\u00fck, mikor tudjuk azt v\u00e1rhat\u00f3an feladni. Igyeksz\u00fcnk, hogy a weboldalon tal\u00e1lhat\u00f3 k\u00edn\u00e1lat megfeleljen a val\u00f3s rakt\u00e1rk\u00e9szletnek, de el\u0151fordulhat, hogy a sz\u00e1ll\u00edt\u00e1si id\u0151 meghosszabbodik \u2014 err\u0151l halad\u00e9ktalanul \u00e9rtes\u00edt\u00fcnk.\nT\u00f6bb term\u00e9k rendel\u00e9se eset\u00e9n a teljes rendel\u00e9s sz\u00e1ll\u00edt\u00e1si ideje a leghosszabb sz\u00e1ll\u00edt\u00e1si idej\u0171 term\u00e9khez igazodik. Lehet\u0151s\u00e9g van a rendel\u00e9s r\u00e9szletekben t\u00f6rt\u00e9n\u0151 teljes\u00edt\u00e9s\u00e9re is \u2013 ehhez vedd fel vel\u00fcnk a kapcsolatot, vagy \u00edrj megjegyz\u00e9st a rendel\u00e9shez.<\/p><h5>\u00a0<\/h5><h4>FIZET\u00c9SI M\u00d3DOK<\/h4><p class=\"translation-block\"><b>Banki \u00e1tutal\u00e1s <\/b>\u2013 a rendel\u00e9s feldolgoz\u00e1sa akkor kezd\u0151dik, amikor az \u00f6sszeg j\u00f3v\u00e1\u00edr\u00e1sra ker\u00fcl a sz\u00e1ml\u00e1nkon. Ez a bankt\u00f3l f\u00fcgg\u0151en \u00e1ltal\u00e1ban legfeljebb k\u00e9t munkanapot vesz ig\u00e9nybe.<\/p><p class=\"translation-block\"><b>Przelewy24<\/b> \u2013 a legk\u00e9nyelmesebb \u00e9s leggyorsabb m\u00f3dja a rendel\u00e9s teljes\u00edt\u00e9s\u00e9nek. Munkanapokon az \u00f6sszeg jellemz\u0151en azonnal meg\u00e9rkezik a sz\u00e1ml\u00e1nkra.<\/p><h5>\u00a0<\/h5><h4>SZ\u00c1LL\u00cdT\u00c1SI M\u00d3DOK<\/h4><p>Lengyelorsz\u00e1gon bel\u00fcl a fut\u00e1rral k\u00fcld\u00f6tt csomagok \u00e1ltal\u00e1ban a felad\u00e1st k\u00f6vet\u0151 1\u20132 munkanapon bel\u00fcl meg\u00e9rkeznek.\u00a0<\/p><p>Az Eur\u00f3pai Uni\u00f3n bel\u00fcl a sz\u00e1ll\u00edt\u00e1si id\u0151 4\u20135 munkanap a felad\u00e1st k\u00f6vet\u0151en.<\/p><div data-id=\"b58160d\" data-element_type=\"widget\" data-widget_type=\"text-editor.default\"><table><tbody><tr><td><strong>Fut\u00e1rszolg\u00e1lat<\/strong><\/td><td><strong>Sz\u00e1ll\u00edt\u00e1si k\u00f6lts\u00e9g<\/strong><\/td><td><strong>Fizet\u00e9si m\u00f3d<\/strong><\/td><\/tr><tr><td>Lengyelorsz\u00e1g<\/td><td>20 z\u0142<\/td><td>Fut\u00e1r \u2013 el\u0151re fizet\u00e9s<\/td><\/tr><tr><td>Lengyelorsz\u00e1g<\/td><td>25 z\u0142<\/td><td>Fut\u00e1r \u2013 ut\u00e1nv\u00e9t<\/td><\/tr><tr><td>Eur\u00f3pai Uni\u00f3\u00a0<\/td><td>15 eur\u00f3<\/td><td>Fut\u00e1r \u2013 el\u0151re fizet\u00e9s<\/td><\/tr><tr><td>Egy\u00e9b orsz\u00e1gok\u00a0<\/td><td>Egyedi \u00e1raz\u00e1s<\/td><td>Fut\u00e1r \u2013 el\u0151re fizet\u00e9s<\/td><\/tr><\/tbody><\/table><\/div>\t\t\t\t\t\t\t\t<\/div>\n\t\t\t\t<\/div>\n\t\t\t\t\t<\/div>\n\t\t\t\t<\/div>\n\t\t\t\t<\/div>","protected":false},"excerpt":{"rendered":"<p>Dostawa i koszty CZAS REALIZACJI ZAM\u00d3WIENIA Natychmiast po z\u0142o\u017ceniu przez Ciebie zam\u00f3wienia otrzymasz e-mail z potwierdzeniem z\u0142o\u017conego zam\u00f3wienia i linkiem, [&hellip;]<\/p>\n","protected":false},"author":1,"featured_media":0,"parent":0,"menu_order":0,"comment_status":"closed","ping_status":"closed","template":"","meta":{"site-sidebar-layout":"no-sidebar","site-content-layout":"","ast-site-content-layout":"full-width-container","site-content-style":"default","site-sidebar-style":"default","ast-global-header-display":"","ast-banner-title-visibility":"disabled","ast-main-header-display":"","ast-hfb-above-header-display":"","ast-hfb-below-header-display":"","ast-hfb-mobile-header-display":"","site-post-title":"disabled","ast-breadcrumbs-content":"","ast-featured-img":"disabled","footer-sml-layout":"","ast-disable-related-posts":"","theme-transparent-header-meta":"","adv-header-id-meta":"","stick-header-meta":"","header-above-stick-meta":"","header-main-stick-meta":"","header-below-stick-meta":"","astra-migrate-meta-layouts":"default","ast-page-background-enabled":"default","ast-page-background-meta":{"desktop":{"background-color":"var(--ast-global-color-5)","background-image":"","background-repeat":"repeat","background-position":"center center","background-size":"auto","background-attachment":"scroll","background-type":"","background-media":"","overlay-type":"","overlay-color":"","overlay-opacity":"","overlay-gradient":""},"tablet":{"background-color":"","background-image":"","background-repeat":"repeat","background-position":"center center","background-size":"auto","background-attachment":"scroll","background-type":"","background-media":"","overlay-type":"","overlay-color":"","overlay-opacity":"","overlay-gradient":""},"mobile":{"background-color":"","background-image":"","background-repeat":"repeat","background-position":"center center","background-size":"auto","background-attachment":"scroll","background-type":"","background-media":"","overlay-type":"","overlay-color":"","overlay-opacity":"","overlay-gradient":""}},"ast-content-background-meta":{"desktop":{"background-color":"var(--ast-global-color-4)","background-image":"","background-repeat":"repeat","background-position":"center center","background-size":"auto","background-attachment":"scroll","background-type":"","background-media":"","overlay-type":"","overlay-color":"","overlay-opacity":"","overlay-gradient":""},"tablet":{"background-color":"var(--ast-global-color-4)","background-image":"","background-repeat":"repeat","background-position":"center center","background-size":"auto","background-attachment":"scroll","background-type":"","background-media":"","overlay-type":"","overlay-color":"","overlay-opacity":"","overlay-gradient":""},"mobile":{"background-color":"var(--ast-global-color-4)","background-image":"","background-repeat":"repeat","background-position":"center center","background-size":"auto","background-attachment":"scroll","background-type":"","background-media":"","overlay-type":"","overlay-color":"","overlay-opacity":"","overlay-gradient":""}},"footnotes":""},"class_list":["post-255","page","type-page","status-publish","hentry"],"_links":{"self":[{"href":"https:\/\/moto-parts.eu\/hu\/wp-json\/wp\/v2\/pages\/255","targetHints":{"allow":["GET"]}}],"collection":[{"href":"https:\/\/moto-parts.eu\/hu\/wp-json\/wp\/v2\/pages"}],"about":[{"href":"https:\/\/moto-parts.eu\/hu\/wp-json\/wp\/v2\/types\/page"}],"author":[{"embeddable":true,"href":"https:\/\/moto-parts.eu\/hu\/wp-json\/wp\/v2\/users\/1"}],"replies":[{"embeddable":true,"href":"https:\/\/moto-parts.eu\/hu\/wp-json\/wp\/v2\/comments?post=255"}],"version-history":[{"count":0,"href":"https:\/\/moto-parts.eu\/hu\/wp-json\/wp\/v2\/pages\/255\/revisions"}],"wp:attachment":[{"href":"https:\/\/moto-parts.eu\/hu\/wp-json\/wp\/v2\/media?parent=255"}],"curies":[{"name":"wp","href":"https:\/\/api.w.org\/{rel}","templated":true}]}}