{"id":263,"date":"2025-05-23T11:02:08","date_gmt":"2025-05-23T11:02:08","guid":{"rendered":"https:\/\/www.moto-parts.eu\/?page_id=263"},"modified":"2025-06-03T13:31:38","modified_gmt":"2025-06-03T13:31:38","slug":"a-propos-de-nous-2","status":"publish","type":"page","link":"https:\/\/moto-parts.eu\/fr\/o-nas\/","title":{"rendered":"\u00c0 propos de nous"},"content":{"rendered":"<div data-elementor-type=\"wp-page\" data-elementor-id=\"263\" class=\"elementor elementor-263\">\n\t\t\t\t<div class=\"elementor-element elementor-element-3a83c07 e-flex e-con-boxed e-con e-parent\" data-id=\"3a83c07\" data-element_type=\"container\" data-e-type=\"container\">\n\t\t\t\t\t<div class=\"e-con-inner\">\n\t\t\t\t<div class=\"elementor-element elementor-element-e19036b elementor-widget elementor-widget-heading\" data-id=\"e19036b\" data-element_type=\"widget\" data-e-type=\"widget\" data-widget_type=\"heading.default\">\n\t\t\t\t<div class=\"elementor-widget-container\">\n\t\t\t\t\t<h1 class=\"elementor-heading-title elementor-size-default\">\u00c0 propos de nous<\/h1>\t\t\t\t<\/div>\n\t\t\t\t<\/div>\n\t\t\t\t\t<\/div>\n\t\t\t\t<\/div>\n\t\t<div class=\"elementor-element elementor-element-6b08c8e e-flex e-con-boxed e-con e-parent\" data-id=\"6b08c8e\" data-element_type=\"container\" data-e-type=\"container\">\n\t\t\t\t\t<div class=\"e-con-inner\">\n\t\t<div class=\"elementor-element elementor-element-d048fcc e-con-full e-flex e-con e-child\" data-id=\"d048fcc\" data-element_type=\"container\" data-e-type=\"container\">\n\t\t\t\t<div class=\"elementor-element elementor-element-a0bd43b elementor-widget elementor-widget-image\" data-id=\"a0bd43b\" data-element_type=\"widget\" data-e-type=\"widget\" data-widget_type=\"image.default\">\n\t\t\t\t<div class=\"elementor-widget-container\">\n\t\t\t\t\t\t\t\t\t\t\t\t\t\t\t<img fetchpriority=\"high\" decoding=\"async\" width=\"1024\" height=\"683\" src=\"https:\/\/moto-parts.eu\/wp-content\/uploads\/2025\/05\/honda_crf1100l_africa-twin_adventure-sports_modell-2022_03-1068x712-1-1024x683.webp\" class=\"attachment-large size-large wp-image-246\" alt=\"\" srcset=\"https:\/\/moto-parts.eu\/wp-content\/uploads\/2025\/05\/honda_crf1100l_africa-twin_adventure-sports_modell-2022_03-1068x712-1-1024x683.webp 1024w, https:\/\/moto-parts.eu\/wp-content\/uploads\/2025\/05\/honda_crf1100l_africa-twin_adventure-sports_modell-2022_03-1068x712-1-300x200.webp 300w, https:\/\/moto-parts.eu\/wp-content\/uploads\/2025\/05\/honda_crf1100l_africa-twin_adventure-sports_modell-2022_03-1068x712-1-768x512.webp 768w, https:\/\/moto-parts.eu\/wp-content\/uploads\/2025\/05\/honda_crf1100l_africa-twin_adventure-sports_modell-2022_03-1068x712-1-18x12.webp 18w, https:\/\/moto-parts.eu\/wp-content\/uploads\/2025\/05\/honda_crf1100l_africa-twin_adventure-sports_modell-2022_03-1068x712-1-500x333.webp 500w, https:\/\/moto-parts.eu\/wp-content\/uploads\/2025\/05\/honda_crf1100l_africa-twin_adventure-sports_modell-2022_03-1068x712-1-600x400.webp 600w, https:\/\/moto-parts.eu\/wp-content\/uploads\/2025\/05\/honda_crf1100l_africa-twin_adventure-sports_modell-2022_03-1068x712-1-100x67.webp 100w, https:\/\/moto-parts.eu\/wp-content\/uploads\/2025\/05\/honda_crf1100l_africa-twin_adventure-sports_modell-2022_03-1068x712-1-64x43.webp 64w, https:\/\/moto-parts.eu\/wp-content\/uploads\/2025\/05\/honda_crf1100l_africa-twin_adventure-sports_modell-2022_03-1068x712-1.webp 1068w\" sizes=\"(max-width: 1024px) 100vw, 1024px\" \/>\t\t\t\t\t\t\t\t\t\t\t\t\t\t\t<\/div>\n\t\t\t\t<\/div>\n\t\t\t\t<\/div>\n\t\t<div class=\"elementor-element elementor-element-acc4d02 e-con-full e-flex e-con e-child\" data-id=\"acc4d02\" data-element_type=\"container\" data-e-type=\"container\">\n\t\t\t\t<div class=\"elementor-element elementor-element-fa7dc89 elementor-widget elementor-widget-text-editor\" data-id=\"fa7dc89\" data-element_type=\"widget\" data-e-type=\"widget\" data-widget_type=\"text-editor.default\">\n\t\t\t\t<div class=\"elementor-widget-container\">\n\t\t\t\t\t\t\t\t\t<p data-start=\"147\" data-end=\"324\">Nous sommes un importateur renomm\u00e9 de pi\u00e8ces neuves et originales pour motos de la marque <strong data-start=\"226\" data-end=\"235\">Honda<\/strong>. Nous sommes sp\u00e9cialis\u00e9s dans la fourniture de composants de haute qualit\u00e9 pour des mod\u00e8les tels que :<\/p><ul data-start=\"326\" data-end=\"543\"><li data-start=\"326\" data-end=\"360\"><p data-start=\"328\" data-end=\"360\"><strong data-start=\"328\" data-end=\"358\">Honda CRF 1100 Africa Twin<\/strong><\/p><\/li><li data-start=\"361\" data-end=\"395\"><p data-start=\"363\" data-end=\"395\"><strong data-start=\"363\" data-end=\"393\">Honda CRF 1000 Africa Twin<\/strong><\/p><\/li><li data-start=\"396\" data-end=\"417\"><p data-start=\"398\" data-end=\"417\"><strong data-start=\"398\" data-end=\"415\">Honda NT 1100<\/strong><\/p><\/li><li data-start=\"418\" data-end=\"447\"><p data-start=\"420\" data-end=\"447\"><strong data-start=\"420\" data-end=\"445\">Honda XL 750 Transalp<\/strong><\/p><\/li><li data-start=\"448\" data-end=\"485\"><p data-start=\"450\" data-end=\"485\"><strong data-start=\"450\" data-end=\"483\">Honda CBR 1000 RR-R Fireblade<\/strong><\/p><\/li><li data-start=\"486\" data-end=\"509\"><p data-start=\"488\" data-end=\"509\"><strong data-start=\"488\" data-end=\"507\">Honda X-ADV 750<\/strong><\/p><\/li><li data-start=\"510\" data-end=\"543\"><p data-start=\"512\" data-end=\"543\">et autres mod\u00e8les Honda<\/p><\/li><\/ul>\t\t\t\t\t\t\t\t<\/div>\n\t\t\t\t<\/div>\n\t\t\t\t<\/div>\n\t\t\t\t\t<\/div>\n\t\t\t\t<\/div>\n\t\t<div class=\"elementor-element elementor-element-4bb9c98 e-flex e-con-boxed e-con e-parent\" data-id=\"4bb9c98\" data-element_type=\"container\" data-e-type=\"container\">\n\t\t\t\t\t<div class=\"e-con-inner\">\n\t\t\t\t<div class=\"elementor-element elementor-element-76b76dc elementor-widget elementor-widget-text-editor\" data-id=\"76b76dc\" data-element_type=\"widget\" data-e-type=\"widget\" data-widget_type=\"text-editor.default\">\n\t\t\t\t<div class=\"elementor-widget-container\">\n\t\t\t\t\t\t\t\t\t<p data-start=\"147\" data-end=\"324\"><span style=\"font-style: inherit; font-weight: inherit;\">Gr\u00e2ce \u00e0 notre vaste r\u00e9seau de distribution, nous offrons une livraison rapide et fiable dans le monde entier. Nous garantissons que chaque pi\u00e8ce propos\u00e9e est neuve, originale et r\u00e9pond aux normes de qualit\u00e9 les plus strictes.<\/span><\/p><p data-start=\"754\" data-end=\"907\">De nombreux clients particuliers et ateliers de r\u00e9paration de motos nous font confiance et appr\u00e9cient notre professionnalisme, nos livraisons ponctuelles et notre assistance compl\u00e8te.<\/p><p data-start=\"909\" data-end=\"1015\">En choisissant notre entreprise, vous pouvez \u00eatre s\u00fbr que votre Honda sera toujours en parfait \u00e9tat et pr\u00eate \u00e0 partir !<\/p>\t\t\t\t\t\t\t\t<\/div>\n\t\t\t\t<\/div>\n\t\t\t\t\t<\/div>\n\t\t\t\t<\/div>\n\t\t<div class=\"elementor-element elementor-element-2ff88a0 e-flex e-con-boxed e-con e-parent\" data-id=\"2ff88a0\" data-element_type=\"container\" data-e-type=\"container\" data-settings=\"{&quot;background_background&quot;:&quot;classic&quot;}\">\n\t\t\t\t\t<div class=\"e-con-inner\">\n\t\t<div class=\"elementor-element elementor-element-3adc6e3 e-grid e-con-full e-con e-child\" data-id=\"3adc6e3\" data-element_type=\"container\" data-e-type=\"container\">\n\t\t\t\t<div class=\"elementor-element elementor-element-36ae984 elementor-position-top elementor-invisible elementor-widget elementor-widget-image-box\" data-id=\"36ae984\" data-element_type=\"widget\" data-e-type=\"widget\" data-settings=\"{&quot;_animation&quot;:&quot;fadeIn&quot;,&quot;_animation_delay&quot;:400}\" data-widget_type=\"image-box.default\">\n\t\t\t\t<div class=\"elementor-widget-container\">\n\t\t\t\t\t<div class=\"elementor-image-box-wrapper\"><figure class=\"elementor-image-box-img\"><img decoding=\"async\" width=\"64\" height=\"64\" src=\"https:\/\/moto-parts.eu\/wp-content\/uploads\/2025\/05\/original-1.png?v=1750749977\" class=\"attachment-full size-full wp-image-300\" alt=\"\" srcset=\"https:\/\/moto-parts.eu\/wp-content\/uploads\/2025\/05\/original-1.png?v=1750749977 64w, https:\/\/moto-parts.eu\/wp-content\/uploads\/2025\/05\/original-1-12x12.png?v=1750749977 12w\" sizes=\"(max-width: 64px) 100vw, 64px\" \/><\/figure><div class=\"elementor-image-box-content\"><h3 class=\"elementor-image-box-title\">Uniquement des pi\u00e8ces d\u2019origine Honda <\/h3><\/div><\/div>\t\t\t\t<\/div>\n\t\t\t\t<\/div>\n\t\t\t\t<div class=\"elementor-element elementor-element-c21e959 elementor-position-top elementor-invisible elementor-widget elementor-widget-image-box\" data-id=\"c21e959\" data-element_type=\"widget\" data-e-type=\"widget\" data-settings=\"{&quot;_animation&quot;:&quot;fadeIn&quot;,&quot;_animation_delay&quot;:800}\" data-widget_type=\"image-box.default\">\n\t\t\t\t<div class=\"elementor-widget-container\">\n\t\t\t\t\t<div class=\"elementor-image-box-wrapper\"><figure class=\"elementor-image-box-img\"><img decoding=\"async\" width=\"64\" height=\"64\" src=\"https:\/\/moto-parts.eu\/wp-content\/uploads\/2025\/05\/warehouse-1.png?v=1750749978\" class=\"attachment-full size-full wp-image-298\" alt=\"\" srcset=\"https:\/\/moto-parts.eu\/wp-content\/uploads\/2025\/05\/warehouse-1.png?v=1750749978 64w, https:\/\/moto-parts.eu\/wp-content\/uploads\/2025\/05\/warehouse-1-12x12.png?v=1750749978 12w\" sizes=\"(max-width: 64px) 100vw, 64px\" \/><\/figure><div class=\"elementor-image-box-content\"><h3 class=\"elementor-image-box-title\">Disponible imm\u00e9diatement<\/h3><\/div><\/div>\t\t\t\t<\/div>\n\t\t\t\t<\/div>\n\t\t\t\t<div class=\"elementor-element elementor-element-8686dae elementor-position-top elementor-invisible elementor-widget elementor-widget-image-box\" data-id=\"8686dae\" data-element_type=\"widget\" data-e-type=\"widget\" data-settings=\"{&quot;_animation&quot;:&quot;fadeIn&quot;,&quot;_animation_delay&quot;:1200}\" data-widget_type=\"image-box.default\">\n\t\t\t\t<div class=\"elementor-widget-container\">\n\t\t\t\t\t<div class=\"elementor-image-box-wrapper\"><figure class=\"elementor-image-box-img\"><img loading=\"lazy\" decoding=\"async\" width=\"64\" height=\"64\" src=\"https:\/\/moto-parts.eu\/wp-content\/uploads\/2025\/05\/worldwide-1.png?v=1750749979\" class=\"attachment-full size-full wp-image-297\" alt=\"\" srcset=\"https:\/\/moto-parts.eu\/wp-content\/uploads\/2025\/05\/worldwide-1.png?v=1750749979 64w, https:\/\/moto-parts.eu\/wp-content\/uploads\/2025\/05\/worldwide-1-12x12.png?v=1750749979 12w\" sizes=\"(max-width: 64px) 100vw, 64px\" \/><\/figure><div class=\"elementor-image-box-content\"><h3 class=\"elementor-image-box-title\">Livraison dans le monde entier <\/h3><\/div><\/div>\t\t\t\t<\/div>\n\t\t\t\t<\/div>\n\t\t\t\t<div class=\"elementor-element elementor-element-8001fb8 elementor-position-top elementor-invisible elementor-widget elementor-widget-image-box\" data-id=\"8001fb8\" data-element_type=\"widget\" data-e-type=\"widget\" data-settings=\"{&quot;_animation&quot;:&quot;fadeIn&quot;,&quot;_animation_delay&quot;:1600}\" data-widget_type=\"image-box.default\">\n\t\t\t\t<div class=\"elementor-widget-container\">\n\t\t\t\t\t<div class=\"elementor-image-box-wrapper\"><figure class=\"elementor-image-box-img\"><img loading=\"lazy\" decoding=\"async\" width=\"64\" height=\"64\" src=\"https:\/\/moto-parts.eu\/wp-content\/uploads\/2025\/05\/motorcycle.png?v=1750749979\" class=\"attachment-full size-full wp-image-296\" alt=\"\" srcset=\"https:\/\/moto-parts.eu\/wp-content\/uploads\/2025\/05\/motorcycle.png?v=1750749979 64w, https:\/\/moto-parts.eu\/wp-content\/uploads\/2025\/05\/motorcycle-12x12.png?v=1750749979 12w\" sizes=\"(max-width: 64px) 100vw, 64px\" \/><\/figure><div class=\"elementor-image-box-content\"><h3 class=\"elementor-image-box-title\">Conseil technique<\/h3><\/div><\/div>\t\t\t\t<\/div>\n\t\t\t\t<\/div>\n\t\t\t\t<\/div>\n\t\t\t\t\t<\/div>\n\t\t\t\t<\/div>\n\t\t\t\t<\/div>","protected":false},"excerpt":{"rendered":"<p>O nas Jeste\u015bmy renomowanym importerem nowych, oryginalnych cz\u0119\u015bci do motocykli marki Honda. Specjalizujemy si\u0119 w dostarczaniu wysokiej jako\u015bci komponent\u00f3w dla [&hellip;]<\/p>\n","protected":false},"author":1,"featured_media":0,"parent":0,"menu_order":0,"comment_status":"closed","ping_status":"closed","template":"","meta":{"site-sidebar-layout":"no-sidebar","site-content-layout":"","ast-site-content-layout":"full-width-container","site-content-style":"default","site-sidebar-style":"default","ast-global-header-display":"","ast-banner-title-visibility":"disabled","ast-main-header-display":"","ast-hfb-above-header-display":"","ast-hfb-below-header-display":"","ast-hfb-mobile-header-display":"","site-post-title":"disabled","ast-breadcrumbs-content":"","ast-featured-img":"disabled","footer-sml-layout":"","ast-disable-related-posts":"","theme-transparent-header-meta":"","adv-header-id-meta":"","stick-header-meta":"","header-above-stick-meta":"","header-main-stick-meta":"","header-below-stick-meta":"","astra-migrate-meta-layouts":"default","ast-page-background-enabled":"default","ast-page-background-meta":{"desktop":{"background-color":"var(--ast-global-color-5)","background-image":"","background-repeat":"repeat","background-position":"center center","background-size":"auto","background-attachment":"scroll","background-type":"","background-media":"","overlay-type":"","overlay-color":"","overlay-opacity":"","overlay-gradient":""},"tablet":{"background-color":"","background-image":"","background-repeat":"repeat","background-position":"center center","background-size":"auto","background-attachment":"scroll","background-type":"","background-media":"","overlay-type":"","overlay-color":"","overlay-opacity":"","overlay-gradient":""},"mobile":{"background-color":"","background-image":"","background-repeat":"repeat","background-position":"center center","background-size":"auto","background-attachment":"scroll","background-type":"","background-media":"","overlay-type":"","overlay-color":"","overlay-opacity":"","overlay-gradient":""}},"ast-content-background-meta":{"desktop":{"background-color":"var(--ast-global-color-4)","background-image":"","background-repeat":"repeat","background-position":"center center","background-size":"auto","background-attachment":"scroll","background-type":"","background-media":"","overlay-type":"","overlay-color":"","overlay-opacity":"","overlay-gradient":""},"tablet":{"background-color":"var(--ast-global-color-4)","background-image":"","background-repeat":"repeat","background-position":"center center","background-size":"auto","background-attachment":"scroll","background-type":"","background-media":"","overlay-type":"","overlay-color":"","overlay-opacity":"","overlay-gradient":""},"mobile":{"background-color":"var(--ast-global-color-4)","background-image":"","background-repeat":"repeat","background-position":"center center","background-size":"auto","background-attachment":"scroll","background-type":"","background-media":"","overlay-type":"","overlay-color":"","overlay-opacity":"","overlay-gradient":""}},"footnotes":""},"class_list":["post-263","page","type-page","status-publish","hentry"],"_links":{"self":[{"href":"https:\/\/moto-parts.eu\/fr\/wp-json\/wp\/v2\/pages\/263","targetHints":{"allow":["GET"]}}],"collection":[{"href":"https:\/\/moto-parts.eu\/fr\/wp-json\/wp\/v2\/pages"}],"about":[{"href":"https:\/\/moto-parts.eu\/fr\/wp-json\/wp\/v2\/types\/page"}],"author":[{"embeddable":true,"href":"https:\/\/moto-parts.eu\/fr\/wp-json\/wp\/v2\/users\/1"}],"replies":[{"embeddable":true,"href":"https:\/\/moto-parts.eu\/fr\/wp-json\/wp\/v2\/comments?post=263"}],"version-history":[{"count":0,"href":"https:\/\/moto-parts.eu\/fr\/wp-json\/wp\/v2\/pages\/263\/revisions"}],"wp:attachment":[{"href":"https:\/\/moto-parts.eu\/fr\/wp-json\/wp\/v2\/media?parent=263"}],"curies":[{"name":"wp","href":"https:\/\/api.w.org\/{rel}","templated":true}]}}