{"id":261,"date":"2025-05-23T11:01:43","date_gmt":"2025-05-23T11:01:43","guid":{"rendered":"https:\/\/www.moto-parts.eu\/?page_id=261"},"modified":"2025-06-02T08:25:31","modified_gmt":"2025-06-02T08:25:31","slug":"politique-de-confidentialite-2","status":"publish","type":"page","link":"https:\/\/moto-parts.eu\/fr\/polityka-prywatnosci\/","title":{"rendered":"Politique de confidentialit\u00e9"},"content":{"rendered":"<div data-elementor-type=\"wp-page\" data-elementor-id=\"261\" class=\"elementor elementor-261\">\n\t\t\t\t<div class=\"elementor-element elementor-element-d59091a e-flex e-con-boxed e-con e-parent\" data-id=\"d59091a\" data-element_type=\"container\" data-e-type=\"container\" data-settings=\"{&quot;background_background&quot;:&quot;classic&quot;}\">\n\t\t\t\t\t<div class=\"e-con-inner\">\n\t\t\t\t<div class=\"elementor-element elementor-element-035de4d elementor-widget elementor-widget-heading\" data-id=\"035de4d\" data-element_type=\"widget\" data-e-type=\"widget\" data-widget_type=\"heading.default\">\n\t\t\t\t<div class=\"elementor-widget-container\">\n\t\t\t\t\t<h1 class=\"elementor-heading-title elementor-size-default\">Politique de confidentialit\u00e9<\/h1>\t\t\t\t<\/div>\n\t\t\t\t<\/div>\n\t\t\t\t\t<\/div>\n\t\t\t\t<\/div>\n\t\t<div class=\"elementor-element elementor-element-7bc9799 e-flex e-con-boxed e-con e-parent\" data-id=\"7bc9799\" data-element_type=\"container\" data-e-type=\"container\">\n\t\t\t\t\t<div class=\"e-con-inner\">\n\t\t\t\t<div class=\"elementor-element elementor-element-d4cda03 elementor-widget elementor-widget-text-editor\" data-id=\"d4cda03\" data-element_type=\"widget\" data-e-type=\"widget\" data-widget_type=\"text-editor.default\">\n\t\t\t\t<div class=\"elementor-widget-container\">\n\t\t\t\t\t\t\t\t\t<p>Protection des donn\u00e9es personnelles chez AUTOMOBILE GMBH SP. Z O.O.<\/p>\n<p>Madame, Monsieur,<\/p>\n<p>Dans le cadre de l\u2019entr\u00e9e en vigueur du R\u00e8glement (UE) 2016\/679 du Parlement europ\u00e9en et du Conseil du 27 avril 2016 relatif \u00e0 la protection des personnes physiques \u00e0 l\u2019\u00e9gard du traitement des donn\u00e9es \u00e0 caract\u00e8re personnel et \u00e0 la libre circulation de ces donn\u00e9es, et abrogeant la directive 95\/46\/CE (R\u00e8glement g\u00e9n\u00e9ral sur la protection des donn\u00e9es), nous vous informons que toute demande concernant l\u2019exercice des droits des personnes concern\u00e9es peut \u00eatre adress\u00e9e \u00e0 l\u2019adresse e-mail suivante : info@www.moto-parts.eu ou directement au si\u00e8ge de l\u2019organisation sous forme de demande \u00e9crite.<\/p>\n<ul>\n<li>Le Responsable du traitement des donn\u00e9es est : AUTOMOBILE GMBH SP. Z O.O., ul. Grunwaldzka 7, 08-110 Siedlce.&nbsp;<\/li>\n<li>NIP : 8212672688, Regon : 388957444, KRS number : 0000900392.<\/li>\n<li>Contact pour la protection des donn\u00e9es personnelles : info@www.moto-parts.eu<\/li>\n<li>Les donn\u00e9es personnelles sont trait\u00e9es sur la base de l\u2019article 6, paragraphe 1, point f du RGPD, c\u2019est-\u00e0-dire en raison de la n\u00e9cessit\u00e9 du traitement aux fins des int\u00e9r\u00eats l\u00e9gitimes poursuivis par le Responsable du traitement ;<\/li>\n<li>Les int\u00e9r\u00eats l\u00e9gitimes poursuivis par le Responsable du traitement consistent \u00e0 proposer des produits et services aux clients ;<\/li>\n<li>Les donn\u00e9es personnelles sont trait\u00e9es \u00e0 la fois manuellement et automatiquement ;<\/li>\n<li>Le Responsable du traitement traite les donn\u00e9es personnelles dans la mesure n\u00e9cessaire \u00e0 la conclusion du contrat. Cela inclut : pr\u00e9nom, nom, lieu de r\u00e9sidence, lieu de prestation des services, adresse postale, adresse de livraison et num\u00e9ros de t\u00e9l\u00e9phone. L\u2019adresse e-mail n\u2019est pas obligatoire et ne constitue pas une condition de conclusion ou d\u2019ex\u00e9cution du contrat. Toutes les donn\u00e9es sont fournies volontairement.<\/li>\n<li>Les donn\u00e9es ne seront pas communiqu\u00e9es \u00e0 d\u2019autres entit\u00e9s que celles autoris\u00e9es par la loi ;<\/li>\n<li>Les donn\u00e9es personnelles ne seront pas transf\u00e9r\u00e9es vers un pays tiers ou une organisation internationale ;<\/li>\n<li>Le Responsable du traitement met tout en \u0153uvre pour assurer la protection physique, technique et organisationnelle des donn\u00e9es personnelles stock\u00e9es contre leur destruction accidentelle ou intentionnelle, leur perte accidentelle, leur modification, leur divulgation, leur utilisation ou leur acc\u00e8s non autoris\u00e9, conform\u00e9ment \u00e0 toutes les r\u00e9glementations en vigueur ;<\/li>\n<\/ul>\n<p>En lien avec le traitement de vos donn\u00e9es personnelles, vous avez le droit de :<\/p>\n<ul>\n<li>demander au Responsable du traitement l\u2019acc\u00e8s \u00e0 vos donn\u00e9es personnelles ;<\/li>\n<li>demander au Responsable du traitement la rectification de vos donn\u00e9es personnelles ;<\/li>\n<li>demander au Responsable du traitement la suppression de vos donn\u00e9es personnelles ;<\/li>\n<li>demander au Responsable du traitement la limitation du traitement de vos donn\u00e9es personnelles ;<\/li>\n<li>s\u2019opposer au traitement de vos donn\u00e9es personnelles ;<\/li>\n<li>le transfert de vos donn\u00e9es personnelles ;<\/li>\n<li>d\u00e9poser une plainte aupr\u00e8s de l\u2019autorit\u00e9 de contr\u00f4le ;<\/li>\n<\/ul>\n<p>Ces droits peuvent \u00eatre exerc\u00e9s en nous contactant par e-mail \u00e0 l\u2019adresse info@www.moto-parts.eu ou directement au si\u00e8ge de l\u2019organisation par une demande \u00e9crite.<\/p>\n<p><strong>Cookie<\/strong><\/p>\n<p>L\u2019Administrateur s\u2019efforce d\u2019appliquer les meilleures pratiques et de traiter tous les Utilisateurs de mani\u00e8re \u00e9quitable et transparente. En utilisant le site, vous acceptez l\u2019utilisation de cookies pour garantir une navigation confortable. Aucun des cookies utilis\u00e9s sur nos sites ne collecte d\u2019informations permettant d\u2019identifier l\u2019utilisateur. Ils sont utilis\u00e9s \u00e0 des fins statistiques via le service Google Analytics. Les donn\u00e9es sont stock\u00e9es sur les appareils des utilisateurs.<\/p>\n<p>L\u2019Utilisateur peut \u00e0 tout moment modifier la fa\u00e7on dont les cookies sont utilis\u00e9s et supprimer ceux d\u00e9j\u00e0 enregistr\u00e9s sur son appareil par le navigateur. Les possibilit\u00e9s de gestion et de suppression des cookies varient selon le navigateur utilis\u00e9. Toutes les informations n\u00e9cessaires peuvent \u00eatre trouv\u00e9es dans la section Aide du navigateur. Le blocage de tous les cookies peut entra\u00eener des dysfonctionnements ou emp\u00eacher totalement l\u2019utilisation de certaines fonctionnalit\u00e9s sur d\u2019autres sites web.<\/p>\t\t\t\t\t\t\t\t<\/div>\n\t\t\t\t<\/div>\n\t\t\t\t\t<\/div>\n\t\t\t\t<\/div>\n\t\t\t\t<\/div>","protected":false},"excerpt":{"rendered":"<p>Polityka prywatno\u015bci Ochrona danych osobowych w firmie AUTOMOBILE GMBH SP. Z O.O. Szanowni Pa\u0144stwo, w zwi\u0105zku z rozpocz\u0119ciem obowi\u0105zywania przepis\u00f3w [&hellip;]<\/p>\n","protected":false},"author":1,"featured_media":0,"parent":0,"menu_order":0,"comment_status":"closed","ping_status":"closed","template":"","meta":{"site-sidebar-layout":"no-sidebar","site-content-layout":"","ast-site-content-layout":"full-width-container","site-content-style":"default","site-sidebar-style":"default","ast-global-header-display":"","ast-banner-title-visibility":"disabled","ast-main-header-display":"","ast-hfb-above-header-display":"","ast-hfb-below-header-display":"","ast-hfb-mobile-header-display":"","site-post-title":"disabled","ast-breadcrumbs-content":"","ast-featured-img":"disabled","footer-sml-layout":"","ast-disable-related-posts":"","theme-transparent-header-meta":"","adv-header-id-meta":"","stick-header-meta":"","header-above-stick-meta":"","header-main-stick-meta":"","header-below-stick-meta":"","astra-migrate-meta-layouts":"default","ast-page-background-enabled":"default","ast-page-background-meta":{"desktop":{"background-color":"var(--ast-global-color-5)","background-image":"","background-repeat":"repeat","background-position":"center center","background-size":"auto","background-attachment":"scroll","background-type":"","background-media":"","overlay-type":"","overlay-color":"","overlay-opacity":"","overlay-gradient":""},"tablet":{"background-color":"","background-image":"","background-repeat":"repeat","background-position":"center center","background-size":"auto","background-attachment":"scroll","background-type":"","background-media":"","overlay-type":"","overlay-color":"","overlay-opacity":"","overlay-gradient":""},"mobile":{"background-color":"","background-image":"","background-repeat":"repeat","background-position":"center center","background-size":"auto","background-attachment":"scroll","background-type":"","background-media":"","overlay-type":"","overlay-color":"","overlay-opacity":"","overlay-gradient":""}},"ast-content-background-meta":{"desktop":{"background-color":"var(--ast-global-color-4)","background-image":"","background-repeat":"repeat","background-position":"center center","background-size":"auto","background-attachment":"scroll","background-type":"","background-media":"","overlay-type":"","overlay-color":"","overlay-opacity":"","overlay-gradient":""},"tablet":{"background-color":"var(--ast-global-color-4)","background-image":"","background-repeat":"repeat","background-position":"center center","background-size":"auto","background-attachment":"scroll","background-type":"","background-media":"","overlay-type":"","overlay-color":"","overlay-opacity":"","overlay-gradient":""},"mobile":{"background-color":"var(--ast-global-color-4)","background-image":"","background-repeat":"repeat","background-position":"center center","background-size":"auto","background-attachment":"scroll","background-type":"","background-media":"","overlay-type":"","overlay-color":"","overlay-opacity":"","overlay-gradient":""}},"footnotes":""},"class_list":["post-261","page","type-page","status-publish","hentry"],"_links":{"self":[{"href":"https:\/\/moto-parts.eu\/fr\/wp-json\/wp\/v2\/pages\/261","targetHints":{"allow":["GET"]}}],"collection":[{"href":"https:\/\/moto-parts.eu\/fr\/wp-json\/wp\/v2\/pages"}],"about":[{"href":"https:\/\/moto-parts.eu\/fr\/wp-json\/wp\/v2\/types\/page"}],"author":[{"embeddable":true,"href":"https:\/\/moto-parts.eu\/fr\/wp-json\/wp\/v2\/users\/1"}],"replies":[{"embeddable":true,"href":"https:\/\/moto-parts.eu\/fr\/wp-json\/wp\/v2\/comments?post=261"}],"version-history":[{"count":0,"href":"https:\/\/moto-parts.eu\/fr\/wp-json\/wp\/v2\/pages\/261\/revisions"}],"wp:attachment":[{"href":"https:\/\/moto-parts.eu\/fr\/wp-json\/wp\/v2\/media?parent=261"}],"curies":[{"name":"wp","href":"https:\/\/api.w.org\/{rel}","templated":true}]}}