{"id":255,"date":"2025-05-23T11:01:16","date_gmt":"2025-05-23T11:01:16","guid":{"rendered":"https:\/\/www.moto-parts.eu\/?page_id=255"},"modified":"2025-06-20T20:44:42","modified_gmt":"2025-06-20T18:44:42","slug":"livraison-et-frais-2","status":"publish","type":"page","link":"https:\/\/moto-parts.eu\/fr\/dostawa-i-koszty\/","title":{"rendered":"Livraison et frais"},"content":{"rendered":"<div data-elementor-type=\"wp-page\" data-elementor-id=\"255\" class=\"elementor elementor-255\">\n\t\t\t\t<div class=\"elementor-element elementor-element-940de7a e-flex e-con-boxed e-con e-parent\" data-id=\"940de7a\" data-element_type=\"container\" data-e-type=\"container\">\n\t\t\t\t\t<div class=\"e-con-inner\">\n\t\t\t\t<div class=\"elementor-element elementor-element-1f64d88 elementor-widget elementor-widget-heading\" data-id=\"1f64d88\" data-element_type=\"widget\" data-e-type=\"widget\" data-widget_type=\"heading.default\">\n\t\t\t\t<div class=\"elementor-widget-container\">\n\t\t\t\t\t<h1 class=\"elementor-heading-title elementor-size-default\">Livraison et frais<\/h1>\t\t\t\t<\/div>\n\t\t\t\t<\/div>\n\t\t\t\t\t<\/div>\n\t\t\t\t<\/div>\n\t\t<div class=\"elementor-element elementor-element-c820ee8 e-flex e-con-boxed e-con e-parent\" data-id=\"c820ee8\" data-element_type=\"container\" data-e-type=\"container\">\n\t\t\t\t\t<div class=\"e-con-inner\">\n\t\t\t\t<div class=\"elementor-element elementor-element-bb6cd8f elementor-widget elementor-widget-text-editor\" data-id=\"bb6cd8f\" data-element_type=\"widget\" data-e-type=\"widget\" data-widget_type=\"text-editor.default\">\n\t\t\t\t<div class=\"elementor-widget-container\">\n\t\t\t\t\t\t\t\t\t<h4>D\u00c9LAI DE TRAITEMENT DE LA COMMANDE<\/h4><p class=\"translation-block\">Imm\u00e9diatement apr\u00e8s avoir pass\u00e9 votre commande, vous recevrez un e-mail de confirmation avec un lien sur lequel vous devrez cliquer. Une fois la commande accept\u00e9e, nous commencerons son traitement et vous serez inform\u00e9 en temps r\u00e9el de l'avancement.\nDate de r\u00e9ception du colis = date d'exp\u00e9dition + d\u00e9lai de livraison\nLa date d'exp\u00e9dition d\u00e9pend de la disponibilit\u00e9 des produits et du mode de paiement choisi, tandis que le d\u00e9lai de livraison d\u00e9pend du mode de livraison s\u00e9lectionn\u00e9.<\/p><h5>\u00a0<\/h5><h4>DISPONIBILIT\u00c9 DES PRODUITS<\/h4><p>Chaque produit est accompagn\u00e9 d\u2019un d\u00e9lai estimatif d\u2019exp\u00e9dition. Nous faisons tout notre possible pour que les informations affich\u00e9es sur le site refl\u00e8tent les stocks r\u00e9els. Toutefois, un retard peut survenir \u2014 dans ce cas, nous vous en informerons imm\u00e9diatement.\nSi vous commandez plusieurs produits, le d\u00e9lai d\u2019exp\u00e9dition de la commande enti\u00e8re correspond au produit avec le d\u00e9lai le plus long. Il est possible de fractionner la commande \u2014 pour cela, veuillez nous contacter ou laisser un commentaire lors de la commande.<\/p><h5>\u00a0<\/h5><h4>MODE DE PAIEMENT<\/h4><p class=\"translation-block\"><b>Virement bancaire <\/b>\u2013 le traitement de la commande commence d\u00e8s que le paiement est enregistr\u00e9. Selon la banque, cela peut prendre jusqu\u2019\u00e0 deux jours ouvrables.<\/p><p class=\"translation-block\"><b>Przelewy24<\/b> \u2013 le moyen le plus pratique et rapide. Pendant les heures ouvrables, les fonds sont g\u00e9n\u00e9ralement transf\u00e9r\u00e9s imm\u00e9diatement sur notre compte.<\/p><h5>\u00a0<\/h5><h4>MODE DE LIVRAISON<\/h4><p>En Pologne, les commandes envoy\u00e9es par messagerie arrivent g\u00e9n\u00e9ralement sous 1 \u00e0 2 jours ouvrables apr\u00e8s exp\u00e9dition.\u00a0<\/p><p>Dans l\u2019Union europ\u00e9enne, le d\u00e9lai de livraison est de 4 \u00e0 5 jours ouvrables apr\u00e8s exp\u00e9dition.<\/p><div data-id=\"b58160d\" data-element_type=\"widget\" data-widget_type=\"text-editor.default\"><table><tbody><tr><td><strong>Transporteur<\/strong><\/td><td><strong>Co\u00fbt de l'exp\u00e9dition<\/strong><\/td><td><strong>Frais de livraison<\/strong><\/td><\/tr><tr><td>Pologne<\/td><td>20 z\u0142<\/td><td>Messagerie \u2013 paiement anticip\u00e9<\/td><\/tr><tr><td>Pologne<\/td><td>25 z\u0142<\/td><td>Messagerie \u2013 contre remboursement<\/td><\/tr><tr><td>Union europ\u00e9enne\u00a0<\/td><td>15 euros<\/td><td>Messagerie \u2013 paiement anticip\u00e9<\/td><\/tr><tr><td>Autres pays\u00a0<\/td><td>Devis individuel<\/td><td>Messagerie \u2013 paiement anticip\u00e9<\/td><\/tr><\/tbody><\/table><\/div>\t\t\t\t\t\t\t\t<\/div>\n\t\t\t\t<\/div>\n\t\t\t\t\t<\/div>\n\t\t\t\t<\/div>\n\t\t\t\t<\/div>","protected":false},"excerpt":{"rendered":"<p>Dostawa i koszty CZAS REALIZACJI ZAM\u00d3WIENIA Natychmiast po z\u0142o\u017ceniu przez Ciebie zam\u00f3wienia otrzymasz e-mail z potwierdzeniem z\u0142o\u017conego zam\u00f3wienia i linkiem, [&hellip;]<\/p>\n","protected":false},"author":1,"featured_media":0,"parent":0,"menu_order":0,"comment_status":"closed","ping_status":"closed","template":"","meta":{"site-sidebar-layout":"no-sidebar","site-content-layout":"","ast-site-content-layout":"full-width-container","site-content-style":"default","site-sidebar-style":"default","ast-global-header-display":"","ast-banner-title-visibility":"disabled","ast-main-header-display":"","ast-hfb-above-header-display":"","ast-hfb-below-header-display":"","ast-hfb-mobile-header-display":"","site-post-title":"disabled","ast-breadcrumbs-content":"","ast-featured-img":"disabled","footer-sml-layout":"","ast-disable-related-posts":"","theme-transparent-header-meta":"","adv-header-id-meta":"","stick-header-meta":"","header-above-stick-meta":"","header-main-stick-meta":"","header-below-stick-meta":"","astra-migrate-meta-layouts":"default","ast-page-background-enabled":"default","ast-page-background-meta":{"desktop":{"background-color":"var(--ast-global-color-5)","background-image":"","background-repeat":"repeat","background-position":"center center","background-size":"auto","background-attachment":"scroll","background-type":"","background-media":"","overlay-type":"","overlay-color":"","overlay-opacity":"","overlay-gradient":""},"tablet":{"background-color":"","background-image":"","background-repeat":"repeat","background-position":"center center","background-size":"auto","background-attachment":"scroll","background-type":"","background-media":"","overlay-type":"","overlay-color":"","overlay-opacity":"","overlay-gradient":""},"mobile":{"background-color":"","background-image":"","background-repeat":"repeat","background-position":"center center","background-size":"auto","background-attachment":"scroll","background-type":"","background-media":"","overlay-type":"","overlay-color":"","overlay-opacity":"","overlay-gradient":""}},"ast-content-background-meta":{"desktop":{"background-color":"var(--ast-global-color-4)","background-image":"","background-repeat":"repeat","background-position":"center center","background-size":"auto","background-attachment":"scroll","background-type":"","background-media":"","overlay-type":"","overlay-color":"","overlay-opacity":"","overlay-gradient":""},"tablet":{"background-color":"var(--ast-global-color-4)","background-image":"","background-repeat":"repeat","background-position":"center center","background-size":"auto","background-attachment":"scroll","background-type":"","background-media":"","overlay-type":"","overlay-color":"","overlay-opacity":"","overlay-gradient":""},"mobile":{"background-color":"var(--ast-global-color-4)","background-image":"","background-repeat":"repeat","background-position":"center center","background-size":"auto","background-attachment":"scroll","background-type":"","background-media":"","overlay-type":"","overlay-color":"","overlay-opacity":"","overlay-gradient":""}},"footnotes":""},"class_list":["post-255","page","type-page","status-publish","hentry"],"_links":{"self":[{"href":"https:\/\/moto-parts.eu\/fr\/wp-json\/wp\/v2\/pages\/255","targetHints":{"allow":["GET"]}}],"collection":[{"href":"https:\/\/moto-parts.eu\/fr\/wp-json\/wp\/v2\/pages"}],"about":[{"href":"https:\/\/moto-parts.eu\/fr\/wp-json\/wp\/v2\/types\/page"}],"author":[{"embeddable":true,"href":"https:\/\/moto-parts.eu\/fr\/wp-json\/wp\/v2\/users\/1"}],"replies":[{"embeddable":true,"href":"https:\/\/moto-parts.eu\/fr\/wp-json\/wp\/v2\/comments?post=255"}],"version-history":[{"count":0,"href":"https:\/\/moto-parts.eu\/fr\/wp-json\/wp\/v2\/pages\/255\/revisions"}],"wp:attachment":[{"href":"https:\/\/moto-parts.eu\/fr\/wp-json\/wp\/v2\/media?parent=255"}],"curies":[{"name":"wp","href":"https:\/\/api.w.org\/{rel}","templated":true}]}}