{"id":261,"date":"2025-05-23T11:01:43","date_gmt":"2025-05-23T11:01:43","guid":{"rendered":"https:\/\/www.moto-parts.eu\/?page_id=261"},"modified":"2025-06-02T08:25:31","modified_gmt":"2025-06-02T08:25:31","slug":"politica-de-privacidad-2","status":"publish","type":"page","link":"https:\/\/moto-parts.eu\/es\/polityka-prywatnosci\/","title":{"rendered":"Pol\u00edtica de privacidad"},"content":{"rendered":"<div data-elementor-type=\"wp-page\" data-elementor-id=\"261\" class=\"elementor elementor-261\">\n\t\t\t\t<div class=\"elementor-element elementor-element-d59091a e-flex e-con-boxed e-con e-parent\" data-id=\"d59091a\" data-element_type=\"container\" data-e-type=\"container\" data-settings=\"{&quot;background_background&quot;:&quot;classic&quot;}\">\n\t\t\t\t\t<div class=\"e-con-inner\">\n\t\t\t\t<div class=\"elementor-element elementor-element-035de4d elementor-widget elementor-widget-heading\" data-id=\"035de4d\" data-element_type=\"widget\" data-e-type=\"widget\" data-widget_type=\"heading.default\">\n\t\t\t\t<div class=\"elementor-widget-container\">\n\t\t\t\t\t<h1 class=\"elementor-heading-title elementor-size-default\">Pol\u00edtica de privacidad<\/h1>\t\t\t\t<\/div>\n\t\t\t\t<\/div>\n\t\t\t\t\t<\/div>\n\t\t\t\t<\/div>\n\t\t<div class=\"elementor-element elementor-element-7bc9799 e-flex e-con-boxed e-con e-parent\" data-id=\"7bc9799\" data-element_type=\"container\" data-e-type=\"container\">\n\t\t\t\t\t<div class=\"e-con-inner\">\n\t\t\t\t<div class=\"elementor-element elementor-element-d4cda03 elementor-widget elementor-widget-text-editor\" data-id=\"d4cda03\" data-element_type=\"widget\" data-e-type=\"widget\" data-widget_type=\"text-editor.default\">\n\t\t\t\t<div class=\"elementor-widget-container\">\n\t\t\t\t\t\t\t\t\t<p>Protecci\u00f3n de datos personales en AUTOMOBILE GMBH SP. Z O.O.<\/p>\n<p>Estimados se\u00f1ores,<\/p>\n<p>En relaci\u00f3n con la entrada en vigor del Reglamento (UE) 2016\/679 del Parlamento Europeo y del Consejo de 27 de abril de 2016 relativo a la protecci\u00f3n de las personas f\u00edsicas en lo que respecta al tratamiento de datos personales y a la libre circulaci\u00f3n de estos datos, y por el que se deroga la Directiva 95\/46\/CE (Reglamento General de Protecci\u00f3n de Datos), le informamos que todas las solicitudes relativas al ejercicio de los derechos de los interesados deben dirigirse al siguiente correo electr\u00f3nico: info@www.moto-parts.eu o directamente en la sede de la organizaci\u00f3n mediante una solicitud escrita.<\/p>\n<ul>\n<li>El Responsable del tratamiento de datos es: AUTOMOBILE GMBH SP. Z O.O., ul. Grunwaldzka 7, 08-110 Siedlce.&nbsp;<\/li>\n<li>NIP: 8212672688, Regon: 388957444, N\u00famero KRS: 0000900392.<\/li>\n<li>Contacto para la protecci\u00f3n de datos personales: info@www.moto-parts.eu<\/li>\n<li>Los datos personales se tratan sobre la base del art\u00edculo 6, apartado 1, letra f del RGPD, es decir, en funci\u00f3n de la necesidad del tratamiento para los fines de los intereses leg\u00edtimos perseguidos por el Responsable;<\/li>\n<li>Los intereses leg\u00edtimos del Responsable consisten en ofrecer productos y servicios a los clientes;<\/li>\n<li>Los datos personales se tratan tanto manual como autom\u00e1ticamente;<\/li>\n<li>El Responsable trata los datos personales en la medida necesaria para la celebraci\u00f3n del contrato. Estos datos incluyen: nombre, apellidos, lugar de residencia, lugar de prestaci\u00f3n del servicio, direcci\u00f3n postal, direcci\u00f3n de entrega y n\u00fameros de tel\u00e9fono de contacto. Proporcionar una direcci\u00f3n de correo electr\u00f3nico no es obligatorio ni constituye una condici\u00f3n para celebrar o ejecutar el contrato. Todos los datos se proporcionan de forma voluntaria.<\/li>\n<li>Los datos no se divulgar\u00e1n a entidades distintas de las autorizadas por la ley;<\/li>\n<li>Los datos personales no ser\u00e1n transferidos a un tercer pa\u00eds ni a una organizaci\u00f3n internacional;<\/li>\n<li>El Responsable adopta todas las medidas necesarias para garantizar la protecci\u00f3n f\u00edsica, t\u00e9cnica y organizativa de los datos personales almacenados contra su destrucci\u00f3n accidental o intencionada, p\u00e9rdida accidental, modificaci\u00f3n, divulgaci\u00f3n, uso o acceso no autorizado, de conformidad con toda la normativa aplicable;<\/li>\n<\/ul>\n<p>En relaci\u00f3n con el tratamiento de sus datos personales, usted tiene derecho a:<\/p>\n<ul>\n<li>solicitar al Responsable el acceso a sus datos personales;<\/li>\n<li>solicitar al Responsable la rectificaci\u00f3n de sus datos personales;<\/li>\n<li>solicitar al Responsable la eliminaci\u00f3n de sus datos personales;<\/li>\n<li>solicitar al Responsable la limitaci\u00f3n del tratamiento de sus datos personales;<\/li>\n<li>oponerse al tratamiento de sus datos personales;<\/li>\n<li>la portabilidad de sus datos personales;<\/li>\n<li>presentar una reclamaci\u00f3n ante la autoridad de control;<\/li>\n<\/ul>\n<p>Estos derechos pueden ejercerse contactando por correo electr\u00f3nico a info@www.moto-parts.eu o directamente en la sede de la organizaci\u00f3n mediante una solicitud por escrito.<\/p>\n<p><strong>Galleta<\/strong><\/p>\n<p>El Administrador se esfuerza por aplicar las mejores pr\u00e1cticas y tratar a todos los Usuarios de forma justa y transparente. Al utilizar el sitio, aceptas el uso de cookies para garantizar una navegaci\u00f3n c\u00f3moda. Ninguna cookie utilizada en nuestros sitios web recopila informaci\u00f3n que permita identificar al usuario. Se utilizan con fines estad\u00edsticos mediante el servicio Google Analytics. Los datos se almacenan en los dispositivos de los usuarios.<\/p>\n<p>El Usuario puede cambiar en cualquier momento la forma en que utiliza las cookies y eliminar las que ya han sido guardadas en su dispositivo por el navegador. Las opciones para gestionar y eliminar cookies var\u00edan seg\u00fan el navegador utilizado. Toda la informaci\u00f3n necesaria est\u00e1 disponible en la funci\u00f3n de Ayuda del navegador. Bloquear todas las cookies puede dificultar el funcionamiento o incluso impedir el uso de ciertas funciones en otros sitios web.<\/p>\t\t\t\t\t\t\t\t<\/div>\n\t\t\t\t<\/div>\n\t\t\t\t\t<\/div>\n\t\t\t\t<\/div>\n\t\t\t\t<\/div>","protected":false},"excerpt":{"rendered":"<p>Polityka prywatno\u015bci Ochrona danych osobowych w firmie AUTOMOBILE GMBH SP. Z O.O. Szanowni Pa\u0144stwo, w zwi\u0105zku z rozpocz\u0119ciem obowi\u0105zywania przepis\u00f3w [&hellip;]<\/p>\n","protected":false},"author":1,"featured_media":0,"parent":0,"menu_order":0,"comment_status":"closed","ping_status":"closed","template":"","meta":{"site-sidebar-layout":"no-sidebar","site-content-layout":"","ast-site-content-layout":"full-width-container","site-content-style":"default","site-sidebar-style":"default","ast-global-header-display":"","ast-banner-title-visibility":"disabled","ast-main-header-display":"","ast-hfb-above-header-display":"","ast-hfb-below-header-display":"","ast-hfb-mobile-header-display":"","site-post-title":"disabled","ast-breadcrumbs-content":"","ast-featured-img":"disabled","footer-sml-layout":"","ast-disable-related-posts":"","theme-transparent-header-meta":"","adv-header-id-meta":"","stick-header-meta":"","header-above-stick-meta":"","header-main-stick-meta":"","header-below-stick-meta":"","astra-migrate-meta-layouts":"default","ast-page-background-enabled":"default","ast-page-background-meta":{"desktop":{"background-color":"var(--ast-global-color-5)","background-image":"","background-repeat":"repeat","background-position":"center center","background-size":"auto","background-attachment":"scroll","background-type":"","background-media":"","overlay-type":"","overlay-color":"","overlay-opacity":"","overlay-gradient":""},"tablet":{"background-color":"","background-image":"","background-repeat":"repeat","background-position":"center center","background-size":"auto","background-attachment":"scroll","background-type":"","background-media":"","overlay-type":"","overlay-color":"","overlay-opacity":"","overlay-gradient":""},"mobile":{"background-color":"","background-image":"","background-repeat":"repeat","background-position":"center center","background-size":"auto","background-attachment":"scroll","background-type":"","background-media":"","overlay-type":"","overlay-color":"","overlay-opacity":"","overlay-gradient":""}},"ast-content-background-meta":{"desktop":{"background-color":"var(--ast-global-color-4)","background-image":"","background-repeat":"repeat","background-position":"center center","background-size":"auto","background-attachment":"scroll","background-type":"","background-media":"","overlay-type":"","overlay-color":"","overlay-opacity":"","overlay-gradient":""},"tablet":{"background-color":"var(--ast-global-color-4)","background-image":"","background-repeat":"repeat","background-position":"center center","background-size":"auto","background-attachment":"scroll","background-type":"","background-media":"","overlay-type":"","overlay-color":"","overlay-opacity":"","overlay-gradient":""},"mobile":{"background-color":"var(--ast-global-color-4)","background-image":"","background-repeat":"repeat","background-position":"center center","background-size":"auto","background-attachment":"scroll","background-type":"","background-media":"","overlay-type":"","overlay-color":"","overlay-opacity":"","overlay-gradient":""}},"footnotes":""},"class_list":["post-261","page","type-page","status-publish","hentry"],"_links":{"self":[{"href":"https:\/\/moto-parts.eu\/es\/wp-json\/wp\/v2\/pages\/261","targetHints":{"allow":["GET"]}}],"collection":[{"href":"https:\/\/moto-parts.eu\/es\/wp-json\/wp\/v2\/pages"}],"about":[{"href":"https:\/\/moto-parts.eu\/es\/wp-json\/wp\/v2\/types\/page"}],"author":[{"embeddable":true,"href":"https:\/\/moto-parts.eu\/es\/wp-json\/wp\/v2\/users\/1"}],"replies":[{"embeddable":true,"href":"https:\/\/moto-parts.eu\/es\/wp-json\/wp\/v2\/comments?post=261"}],"version-history":[{"count":0,"href":"https:\/\/moto-parts.eu\/es\/wp-json\/wp\/v2\/pages\/261\/revisions"}],"wp:attachment":[{"href":"https:\/\/moto-parts.eu\/es\/wp-json\/wp\/v2\/media?parent=261"}],"curies":[{"name":"wp","href":"https:\/\/api.w.org\/{rel}","templated":true}]}}