{"id":255,"date":"2025-05-23T11:01:16","date_gmt":"2025-05-23T11:01:16","guid":{"rendered":"https:\/\/www.moto-parts.eu\/?page_id=255"},"modified":"2025-06-20T20:44:42","modified_gmt":"2025-06-20T18:44:42","slug":"envio-y-costes","status":"publish","type":"page","link":"https:\/\/moto-parts.eu\/es\/dostawa-i-koszty\/","title":{"rendered":"Entrega y costes"},"content":{"rendered":"<div data-elementor-type=\"wp-page\" data-elementor-id=\"255\" class=\"elementor elementor-255\">\n\t\t\t\t<div class=\"elementor-element elementor-element-940de7a e-flex e-con-boxed e-con e-parent\" data-id=\"940de7a\" data-element_type=\"container\" data-e-type=\"container\">\n\t\t\t\t\t<div class=\"e-con-inner\">\n\t\t\t\t<div class=\"elementor-element elementor-element-1f64d88 elementor-widget elementor-widget-heading\" data-id=\"1f64d88\" data-element_type=\"widget\" data-e-type=\"widget\" data-widget_type=\"heading.default\">\n\t\t\t\t<div class=\"elementor-widget-container\">\n\t\t\t\t\t<h1 class=\"elementor-heading-title elementor-size-default\">Entrega y costes<\/h1>\t\t\t\t<\/div>\n\t\t\t\t<\/div>\n\t\t\t\t\t<\/div>\n\t\t\t\t<\/div>\n\t\t<div class=\"elementor-element elementor-element-c820ee8 e-flex e-con-boxed e-con e-parent\" data-id=\"c820ee8\" data-element_type=\"container\" data-e-type=\"container\">\n\t\t\t\t\t<div class=\"e-con-inner\">\n\t\t\t\t<div class=\"elementor-element elementor-element-bb6cd8f elementor-widget elementor-widget-text-editor\" data-id=\"bb6cd8f\" data-element_type=\"widget\" data-e-type=\"widget\" data-widget_type=\"text-editor.default\">\n\t\t\t\t<div class=\"elementor-widget-container\">\n\t\t\t\t\t\t\t\t\t<h4>TIEMPO DE REALIZACI\u00d3N DEL PEDIDO<\/h4><p class=\"translation-block\">Inmediatamente despu\u00e9s de realizar tu pedido, recibir\u00e1s un correo electr\u00f3nico con la confirmaci\u00f3n del mismo y un enlace en el que deber\u00e1s hacer clic. Una vez que recibamos la aceptaci\u00f3n del pedido, comenzaremos su procesamiento y te mantendremos informado sobre el progreso del mismo.\nPlazo de recepci\u00f3n del paquete = fecha de env\u00edo + tiempo de entrega\nLa fecha de env\u00edo depende de la disponibilidad de los productos y del m\u00e9todo de pago elegido, mientras que el tiempo de entrega depende del m\u00e9todo de env\u00edo seleccionado.<\/p><h5>\u00a0<\/h5><h4>DISPONIBILIDAD DE LOS PRODUCTOS<\/h4><p>Junto a cada producto se indica un plazo estimado de cu\u00e1ndo puede ser enviado. Hacemos todo lo posible para que la oferta en el sitio refleje el stock real, sin embargo, puede ocurrir que el plazo de entrega se alargue \u2014 te informaremos de ello de inmediato.\nSi realizas un pedido con varios productos, el plazo de env\u00edo completo se ajustar\u00e1 al producto con el mayor tiempo de env\u00edo. Es posible realizar el pedido en varias etapas \u2014 para ello, cont\u00e1ctanos o deja una anotaci\u00f3n correspondiente en los comentarios del pedido.<\/p><h5>\u00a0<\/h5><h4>FORMA DE PAGO<\/h4><p class=\"translation-block\"><b>Transferencia bancaria <\/b>\u2013 el tiempo de realizaci\u00f3n del pedido depende del momento en que se registre el pago. Seg\u00fan el banco, esto suele tardar hasta dos d\u00edas laborables.<\/p><p class=\"translation-block\"><b>Przelewy24 <\/b>\u2013 la forma m\u00e1s c\u00f3moda y r\u00e1pida de realizar el pedido. Durante el horario laboral, el dinero se transfiere a nuestra cuenta casi de inmediato.<\/p><h5>\u00a0<\/h5><h4>FORMA DE ENV\u00cdO<\/h4><p>En Polonia, los pedidos enviados por mensajer\u00eda suelen llegar en un plazo de 1 a 2 d\u00edas laborables desde el momento del env\u00edo.\u00a0<\/p><p>En la Uni\u00f3n Europea, el tiempo de entrega es de 4 a 5 d\u00edas laborables desde el env\u00edo.<\/p><div data-id=\"b58160d\" data-element_type=\"widget\" data-widget_type=\"text-editor.default\"><table><tbody><tr><td><strong>Transportista<\/strong><\/td><td><strong>Costo de env\u00edo<\/strong><\/td><td><strong>Forma de pago<\/strong><\/td><\/tr><tr><td>Polonia<\/td><td>20 z\u0142<\/td><td>Mensajer\u00eda con pago anticipado<\/td><\/tr><tr><td>Polonia<\/td><td>25 z\u0142<\/td><td>Mensajer\u00eda contra reembolso<\/td><\/tr><tr><td>Uni\u00f3n Europea\u00a0<\/td><td>15 euros<\/td><td>Mensajer\u00eda con pago anticipado<\/td><\/tr><tr><td>Otros pa\u00edses\u00a0<\/td><td>Precio individual<\/td><td>Mensajer\u00eda con pago anticipado<\/td><\/tr><\/tbody><\/table><\/div>\t\t\t\t\t\t\t\t<\/div>\n\t\t\t\t<\/div>\n\t\t\t\t\t<\/div>\n\t\t\t\t<\/div>\n\t\t\t\t<\/div>","protected":false},"excerpt":{"rendered":"<p>Dostawa i koszty CZAS REALIZACJI ZAM\u00d3WIENIA Natychmiast po z\u0142o\u017ceniu przez Ciebie zam\u00f3wienia otrzymasz e-mail z potwierdzeniem z\u0142o\u017conego zam\u00f3wienia i linkiem, [&hellip;]<\/p>\n","protected":false},"author":1,"featured_media":0,"parent":0,"menu_order":0,"comment_status":"closed","ping_status":"closed","template":"","meta":{"site-sidebar-layout":"no-sidebar","site-content-layout":"","ast-site-content-layout":"full-width-container","site-content-style":"default","site-sidebar-style":"default","ast-global-header-display":"","ast-banner-title-visibility":"disabled","ast-main-header-display":"","ast-hfb-above-header-display":"","ast-hfb-below-header-display":"","ast-hfb-mobile-header-display":"","site-post-title":"disabled","ast-breadcrumbs-content":"","ast-featured-img":"disabled","footer-sml-layout":"","ast-disable-related-posts":"","theme-transparent-header-meta":"","adv-header-id-meta":"","stick-header-meta":"","header-above-stick-meta":"","header-main-stick-meta":"","header-below-stick-meta":"","astra-migrate-meta-layouts":"default","ast-page-background-enabled":"default","ast-page-background-meta":{"desktop":{"background-color":"var(--ast-global-color-5)","background-image":"","background-repeat":"repeat","background-position":"center center","background-size":"auto","background-attachment":"scroll","background-type":"","background-media":"","overlay-type":"","overlay-color":"","overlay-opacity":"","overlay-gradient":""},"tablet":{"background-color":"","background-image":"","background-repeat":"repeat","background-position":"center center","background-size":"auto","background-attachment":"scroll","background-type":"","background-media":"","overlay-type":"","overlay-color":"","overlay-opacity":"","overlay-gradient":""},"mobile":{"background-color":"","background-image":"","background-repeat":"repeat","background-position":"center center","background-size":"auto","background-attachment":"scroll","background-type":"","background-media":"","overlay-type":"","overlay-color":"","overlay-opacity":"","overlay-gradient":""}},"ast-content-background-meta":{"desktop":{"background-color":"var(--ast-global-color-4)","background-image":"","background-repeat":"repeat","background-position":"center center","background-size":"auto","background-attachment":"scroll","background-type":"","background-media":"","overlay-type":"","overlay-color":"","overlay-opacity":"","overlay-gradient":""},"tablet":{"background-color":"var(--ast-global-color-4)","background-image":"","background-repeat":"repeat","background-position":"center center","background-size":"auto","background-attachment":"scroll","background-type":"","background-media":"","overlay-type":"","overlay-color":"","overlay-opacity":"","overlay-gradient":""},"mobile":{"background-color":"var(--ast-global-color-4)","background-image":"","background-repeat":"repeat","background-position":"center center","background-size":"auto","background-attachment":"scroll","background-type":"","background-media":"","overlay-type":"","overlay-color":"","overlay-opacity":"","overlay-gradient":""}},"footnotes":""},"class_list":["post-255","page","type-page","status-publish","hentry"],"_links":{"self":[{"href":"https:\/\/moto-parts.eu\/es\/wp-json\/wp\/v2\/pages\/255","targetHints":{"allow":["GET"]}}],"collection":[{"href":"https:\/\/moto-parts.eu\/es\/wp-json\/wp\/v2\/pages"}],"about":[{"href":"https:\/\/moto-parts.eu\/es\/wp-json\/wp\/v2\/types\/page"}],"author":[{"embeddable":true,"href":"https:\/\/moto-parts.eu\/es\/wp-json\/wp\/v2\/users\/1"}],"replies":[{"embeddable":true,"href":"https:\/\/moto-parts.eu\/es\/wp-json\/wp\/v2\/comments?post=255"}],"version-history":[{"count":0,"href":"https:\/\/moto-parts.eu\/es\/wp-json\/wp\/v2\/pages\/255\/revisions"}],"wp:attachment":[{"href":"https:\/\/moto-parts.eu\/es\/wp-json\/wp\/v2\/media?parent=255"}],"curies":[{"name":"wp","href":"https:\/\/api.w.org\/{rel}","templated":true}]}}