{"id":255,"date":"2025-05-23T11:01:16","date_gmt":"2025-05-23T11:01:16","guid":{"rendered":"https:\/\/www.moto-parts.eu\/?page_id=255"},"modified":"2025-06-20T20:44:42","modified_gmt":"2025-06-20T18:44:42","slug":"delivery-costs","status":"publish","type":"page","link":"https:\/\/moto-parts.eu\/en\/dostawa-i-koszty\/","title":{"rendered":"Delivery and costs"},"content":{"rendered":"<div data-elementor-type=\"wp-page\" data-elementor-id=\"255\" class=\"elementor elementor-255\">\n\t\t\t\t<div class=\"elementor-element elementor-element-940de7a e-flex e-con-boxed e-con e-parent\" data-id=\"940de7a\" data-element_type=\"container\" data-e-type=\"container\">\n\t\t\t\t\t<div class=\"e-con-inner\">\n\t\t\t\t<div class=\"elementor-element elementor-element-1f64d88 elementor-widget elementor-widget-heading\" data-id=\"1f64d88\" data-element_type=\"widget\" data-e-type=\"widget\" data-widget_type=\"heading.default\">\n\t\t\t\t<div class=\"elementor-widget-container\">\n\t\t\t\t\t<h1 class=\"elementor-heading-title elementor-size-default\">Delivery and costs<\/h1>\t\t\t\t<\/div>\n\t\t\t\t<\/div>\n\t\t\t\t\t<\/div>\n\t\t\t\t<\/div>\n\t\t<div class=\"elementor-element elementor-element-c820ee8 e-flex e-con-boxed e-con e-parent\" data-id=\"c820ee8\" data-element_type=\"container\" data-e-type=\"container\">\n\t\t\t\t\t<div class=\"e-con-inner\">\n\t\t\t\t<div class=\"elementor-element elementor-element-bb6cd8f elementor-widget elementor-widget-text-editor\" data-id=\"bb6cd8f\" data-element_type=\"widget\" data-e-type=\"widget\" data-widget_type=\"text-editor.default\">\n\t\t\t\t<div class=\"elementor-widget-container\">\n\t\t\t\t\t\t\t\t\t<h4>ORDER FULFILLMENT TIME<\/h4><p class=\"translation-block\">Immediately after placing your order, you will receive an email confirmation with a link that you need to click. Once we receive confirmation of the order, we begin processing it, and you will be regularly informed about the progress of our work.\nEstimated delivery date = shipping date + delivery time\nThe shipping date depends on product availability and the selected payment method, while the delivery time depends on the chosen delivery method.<\/p><h5>\u00a0<\/h5><h4>PRODUCT AVAILABILITY<\/h4><p>Each product listing includes information indicating when it can be shipped. We make every effort to ensure that the products displayed on our website reflect actual stock levels. However, in rare cases, the actual delivery time may be extended \u2014 we will notify you immediately in such cases.\nIf you order multiple products, the shipping time for the entire order will be adjusted to the item with the longest shipping time.\nIt is possible to ship the order in parts \u2014 to do this, please contact us or include a note with your order.<\/p><h5>\u00a0<\/h5><h4>PAYMENT METHOD<\/h4><p class=\"translation-block\"><strong>Bank Transfer <\/strong>\u2013 The order processing time depends on when the payment is received. Depending on the bank, this usually takes up to two business days.<\/p><p class=\"translation-block\"><b>Przelewy24 <\/b>\u2013 The most convenient and very fast payment method. During business hours, funds are usually transferred to our account almost instantly.<\/p><h5>\u00a0<\/h5><h4>DELIVERY METHOD<\/h4><p>In Poland, orders shipped via courier usually arrive within 1\u20132 business days from dispatch.\u00a0<\/p><p>Within the European Union, delivery time is 4\u20135 business days from dispatch.<\/p><div data-id=\"b58160d\" data-element_type=\"widget\" data-widget_type=\"text-editor.default\"><table><tbody><tr><td><strong>Carrier<\/strong><\/td><td><strong>Shipping Cost<\/strong><\/td><td><strong>Payment Type<\/strong><\/td><\/tr><tr><td>Poland<\/td><td>20 z\u0142<\/td><td>Courier \u2013 prepaid<\/td><\/tr><tr><td>Poland<\/td><td>25 z\u0142<\/td><td>Courier \u2013 COD<\/td><\/tr><tr><td>European Union\u00a0<\/td><td>15 euros<\/td><td>Courier \u2013 prepaid<\/td><\/tr><tr><td>Other Countries\u00a0<\/td><td>Individual quote<\/td><td>Courier \u2013 prepaid<\/td><\/tr><\/tbody><\/table><\/div>\t\t\t\t\t\t\t\t<\/div>\n\t\t\t\t<\/div>\n\t\t\t\t\t<\/div>\n\t\t\t\t<\/div>\n\t\t\t\t<\/div>","protected":false},"excerpt":{"rendered":"<p>Dostawa i koszty CZAS REALIZACJI ZAM\u00d3WIENIA Natychmiast po z\u0142o\u017ceniu przez Ciebie zam\u00f3wienia otrzymasz e-mail z potwierdzeniem z\u0142o\u017conego zam\u00f3wienia i linkiem, [&hellip;]<\/p>\n","protected":false},"author":1,"featured_media":0,"parent":0,"menu_order":0,"comment_status":"closed","ping_status":"closed","template":"","meta":{"site-sidebar-layout":"no-sidebar","site-content-layout":"","ast-site-content-layout":"full-width-container","site-content-style":"default","site-sidebar-style":"default","ast-global-header-display":"","ast-banner-title-visibility":"disabled","ast-main-header-display":"","ast-hfb-above-header-display":"","ast-hfb-below-header-display":"","ast-hfb-mobile-header-display":"","site-post-title":"disabled","ast-breadcrumbs-content":"","ast-featured-img":"disabled","footer-sml-layout":"","ast-disable-related-posts":"","theme-transparent-header-meta":"","adv-header-id-meta":"","stick-header-meta":"","header-above-stick-meta":"","header-main-stick-meta":"","header-below-stick-meta":"","astra-migrate-meta-layouts":"default","ast-page-background-enabled":"default","ast-page-background-meta":{"desktop":{"background-color":"var(--ast-global-color-5)","background-image":"","background-repeat":"repeat","background-position":"center center","background-size":"auto","background-attachment":"scroll","background-type":"","background-media":"","overlay-type":"","overlay-color":"","overlay-opacity":"","overlay-gradient":""},"tablet":{"background-color":"","background-image":"","background-repeat":"repeat","background-position":"center center","background-size":"auto","background-attachment":"scroll","background-type":"","background-media":"","overlay-type":"","overlay-color":"","overlay-opacity":"","overlay-gradient":""},"mobile":{"background-color":"","background-image":"","background-repeat":"repeat","background-position":"center center","background-size":"auto","background-attachment":"scroll","background-type":"","background-media":"","overlay-type":"","overlay-color":"","overlay-opacity":"","overlay-gradient":""}},"ast-content-background-meta":{"desktop":{"background-color":"var(--ast-global-color-4)","background-image":"","background-repeat":"repeat","background-position":"center center","background-size":"auto","background-attachment":"scroll","background-type":"","background-media":"","overlay-type":"","overlay-color":"","overlay-opacity":"","overlay-gradient":""},"tablet":{"background-color":"var(--ast-global-color-4)","background-image":"","background-repeat":"repeat","background-position":"center center","background-size":"auto","background-attachment":"scroll","background-type":"","background-media":"","overlay-type":"","overlay-color":"","overlay-opacity":"","overlay-gradient":""},"mobile":{"background-color":"var(--ast-global-color-4)","background-image":"","background-repeat":"repeat","background-position":"center center","background-size":"auto","background-attachment":"scroll","background-type":"","background-media":"","overlay-type":"","overlay-color":"","overlay-opacity":"","overlay-gradient":""}},"footnotes":""},"class_list":["post-255","page","type-page","status-publish","hentry"],"_links":{"self":[{"href":"https:\/\/moto-parts.eu\/en\/wp-json\/wp\/v2\/pages\/255","targetHints":{"allow":["GET"]}}],"collection":[{"href":"https:\/\/moto-parts.eu\/en\/wp-json\/wp\/v2\/pages"}],"about":[{"href":"https:\/\/moto-parts.eu\/en\/wp-json\/wp\/v2\/types\/page"}],"author":[{"embeddable":true,"href":"https:\/\/moto-parts.eu\/en\/wp-json\/wp\/v2\/users\/1"}],"replies":[{"embeddable":true,"href":"https:\/\/moto-parts.eu\/en\/wp-json\/wp\/v2\/comments?post=255"}],"version-history":[{"count":0,"href":"https:\/\/moto-parts.eu\/en\/wp-json\/wp\/v2\/pages\/255\/revisions"}],"wp:attachment":[{"href":"https:\/\/moto-parts.eu\/en\/wp-json\/wp\/v2\/media?parent=255"}],"curies":[{"name":"wp","href":"https:\/\/api.w.org\/{rel}","templated":true}]}}