{"id":329,"date":"2025-05-23T12:54:01","date_gmt":"2025-05-23T12:54:01","guid":{"rendered":"https:\/\/www.moto-parts.eu\/?page_id=329"},"modified":"2025-06-02T08:24:41","modified_gmt":"2025-06-02T08:24:41","slug":"reklamationen","status":"publish","type":"page","link":"https:\/\/moto-parts.eu\/de\/reklamacje\/","title":{"rendered":"Reklamationen"},"content":{"rendered":"<div data-elementor-type=\"wp-page\" data-elementor-id=\"329\" class=\"elementor elementor-329\">\n\t\t\t\t<div class=\"elementor-element elementor-element-9d587ce e-flex e-con-boxed e-con e-parent\" data-id=\"9d587ce\" data-element_type=\"container\" data-e-type=\"container\" data-settings=\"{&quot;background_background&quot;:&quot;classic&quot;}\">\n\t\t\t\t\t<div class=\"e-con-inner\">\n\t\t\t\t<div class=\"elementor-element elementor-element-6cb4282 elementor-widget elementor-widget-heading\" data-id=\"6cb4282\" data-element_type=\"widget\" data-e-type=\"widget\" data-widget_type=\"heading.default\">\n\t\t\t\t<div class=\"elementor-widget-container\">\n\t\t\t\t\t<h1 class=\"elementor-heading-title elementor-size-default\">Reklamationen<\/h1>\t\t\t\t<\/div>\n\t\t\t\t<\/div>\n\t\t\t\t\t<\/div>\n\t\t\t\t<\/div>\n\t\t<div class=\"elementor-element elementor-element-e6aa846 e-flex e-con-boxed e-con e-parent\" data-id=\"e6aa846\" data-element_type=\"container\" data-e-type=\"container\">\n\t\t\t\t\t<div class=\"e-con-inner\">\n\t\t\t\t<div class=\"elementor-element elementor-element-4b52202 elementor-widget elementor-widget-text-editor\" data-id=\"4b52202\" data-element_type=\"widget\" data-e-type=\"widget\" data-widget_type=\"text-editor.default\">\n\t\t\t\t<div class=\"elementor-widget-container\">\n\t\t\t\t\t\t\t\t\t<p class=\"translation-block\">Wenn Sie Verbraucher sind und das bei uns gekaufte Produkt M\u00e4ngel aufweist, haben Sie das Recht, eine Reklamation im Rahmen der gesetzlichen Gew\u00e4hrleistung einzureichen.\nDie Reklamation kann per E-Mail an info@www.moto-parts.eu, per Post oder pers\u00f6nlich an folgende Adresse gesendet werden: AUTOMOBILE GMBH SP. Z O.O., ul. Grunwaldzka 7, 08-110 Siedlce.<\/p><p>Im Zusammenhang mit dem Mangel k\u00f6nnen Sie verlangen:<\/p><ul><li><strong>Austausch der Ware gegen eine mangelfreie,<\/strong><\/li><li><strong>Beseitigung des Mangels,<\/strong><\/li><\/ul><p>oder eine Erkl\u00e4rung abgeben \u00fcber:<\/p><ul><li><strong>Minderung des Kaufpreises,<\/strong><\/li><li><strong>R\u00fccktritt vom Vertrag \u2013 bei einem erheblichen Mangel.<\/strong><\/li><\/ul><p>Wir haften f\u00fcr M\u00e4ngel, die innerhalb von zwei Jahren ab \u00dcbergabe festgestellt werden.<\/p><p class=\"translation-block\">In der Regel k\u00f6nnen Sie die Reklamation innerhalb eines Jahres nach Entdeckung des Mangels einreichen, jedoch nicht nach Ablauf der gesetzlichen Gew\u00e4hrleistungsfrist.<\/p><p><strong>Ihre Reklamation wird innerhalb von 14 Tagen nach Eingang bearbeitet.<\/strong><\/p><p>Weitere Informationen finden Sie in unseren Verkaufsbedingungen.<\/p>\t\t\t\t\t\t\t\t<\/div>\n\t\t\t\t<\/div>\n\t\t\t\t\t<\/div>\n\t\t\t\t<\/div>\n\t\t\t\t<\/div>","protected":false},"excerpt":{"rendered":"<p>Reklamacje Je\u015bli jeste\u015b Konsumentem, w przypadku gdy zakupiony u nas towar oka\u017ce si\u0119 wadliwy, masz prawo reklamowa\u0107 go w oparciu [&hellip;]<\/p>\n","protected":false},"author":1,"featured_media":0,"parent":0,"menu_order":0,"comment_status":"closed","ping_status":"closed","template":"","meta":{"site-sidebar-layout":"no-sidebar","site-content-layout":"","ast-site-content-layout":"full-width-container","site-content-style":"default","site-sidebar-style":"default","ast-global-header-display":"","ast-banner-title-visibility":"disabled","ast-main-header-display":"","ast-hfb-above-header-display":"","ast-hfb-below-header-display":"","ast-hfb-mobile-header-display":"","site-post-title":"disabled","ast-breadcrumbs-content":"","ast-featured-img":"disabled","footer-sml-layout":"","ast-disable-related-posts":"","theme-transparent-header-meta":"","adv-header-id-meta":"","stick-header-meta":"","header-above-stick-meta":"","header-main-stick-meta":"","header-below-stick-meta":"","astra-migrate-meta-layouts":"default","ast-page-background-enabled":"default","ast-page-background-meta":{"desktop":{"background-color":"var(--ast-global-color-5)","background-image":"","background-repeat":"repeat","background-position":"center center","background-size":"auto","background-attachment":"scroll","background-type":"","background-media":"","overlay-type":"","overlay-color":"","overlay-opacity":"","overlay-gradient":""},"tablet":{"background-color":"","background-image":"","background-repeat":"repeat","background-position":"center center","background-size":"auto","background-attachment":"scroll","background-type":"","background-media":"","overlay-type":"","overlay-color":"","overlay-opacity":"","overlay-gradient":""},"mobile":{"background-color":"","background-image":"","background-repeat":"repeat","background-position":"center center","background-size":"auto","background-attachment":"scroll","background-type":"","background-media":"","overlay-type":"","overlay-color":"","overlay-opacity":"","overlay-gradient":""}},"ast-content-background-meta":{"desktop":{"background-color":"var(--ast-global-color-4)","background-image":"","background-repeat":"repeat","background-position":"center center","background-size":"auto","background-attachment":"scroll","background-type":"","background-media":"","overlay-type":"","overlay-color":"","overlay-opacity":"","overlay-gradient":""},"tablet":{"background-color":"var(--ast-global-color-4)","background-image":"","background-repeat":"repeat","background-position":"center center","background-size":"auto","background-attachment":"scroll","background-type":"","background-media":"","overlay-type":"","overlay-color":"","overlay-opacity":"","overlay-gradient":""},"mobile":{"background-color":"var(--ast-global-color-4)","background-image":"","background-repeat":"repeat","background-position":"center center","background-size":"auto","background-attachment":"scroll","background-type":"","background-media":"","overlay-type":"","overlay-color":"","overlay-opacity":"","overlay-gradient":""}},"footnotes":""},"class_list":["post-329","page","type-page","status-publish","hentry"],"_links":{"self":[{"href":"https:\/\/moto-parts.eu\/de\/wp-json\/wp\/v2\/pages\/329","targetHints":{"allow":["GET"]}}],"collection":[{"href":"https:\/\/moto-parts.eu\/de\/wp-json\/wp\/v2\/pages"}],"about":[{"href":"https:\/\/moto-parts.eu\/de\/wp-json\/wp\/v2\/types\/page"}],"author":[{"embeddable":true,"href":"https:\/\/moto-parts.eu\/de\/wp-json\/wp\/v2\/users\/1"}],"replies":[{"embeddable":true,"href":"https:\/\/moto-parts.eu\/de\/wp-json\/wp\/v2\/comments?post=329"}],"version-history":[{"count":0,"href":"https:\/\/moto-parts.eu\/de\/wp-json\/wp\/v2\/pages\/329\/revisions"}],"wp:attachment":[{"href":"https:\/\/moto-parts.eu\/de\/wp-json\/wp\/v2\/media?parent=329"}],"curies":[{"name":"wp","href":"https:\/\/api.w.org\/{rel}","templated":true}]}}