{"id":261,"date":"2025-05-23T11:01:43","date_gmt":"2025-05-23T11:01:43","guid":{"rendered":"https:\/\/www.moto-parts.eu\/?page_id=261"},"modified":"2025-06-02T08:25:31","modified_gmt":"2025-06-02T08:25:31","slug":"datenschutzrichtlinie-2","status":"publish","type":"page","link":"https:\/\/moto-parts.eu\/de\/polityka-prywatnosci\/","title":{"rendered":"Datenschutzrichtlinie"},"content":{"rendered":"<div data-elementor-type=\"wp-page\" data-elementor-id=\"261\" class=\"elementor elementor-261\">\n\t\t\t\t<div class=\"elementor-element elementor-element-d59091a e-flex e-con-boxed e-con e-parent\" data-id=\"d59091a\" data-element_type=\"container\" data-e-type=\"container\" data-settings=\"{&quot;background_background&quot;:&quot;classic&quot;}\">\n\t\t\t\t\t<div class=\"e-con-inner\">\n\t\t\t\t<div class=\"elementor-element elementor-element-035de4d elementor-widget elementor-widget-heading\" data-id=\"035de4d\" data-element_type=\"widget\" data-e-type=\"widget\" data-widget_type=\"heading.default\">\n\t\t\t\t<div class=\"elementor-widget-container\">\n\t\t\t\t\t<h1 class=\"elementor-heading-title elementor-size-default\">Datenschutzrichtlinie<\/h1>\t\t\t\t<\/div>\n\t\t\t\t<\/div>\n\t\t\t\t\t<\/div>\n\t\t\t\t<\/div>\n\t\t<div class=\"elementor-element elementor-element-7bc9799 e-flex e-con-boxed e-con e-parent\" data-id=\"7bc9799\" data-element_type=\"container\" data-e-type=\"container\">\n\t\t\t\t\t<div class=\"e-con-inner\">\n\t\t\t\t<div class=\"elementor-element elementor-element-d4cda03 elementor-widget elementor-widget-text-editor\" data-id=\"d4cda03\" data-element_type=\"widget\" data-e-type=\"widget\" data-widget_type=\"text-editor.default\">\n\t\t\t\t<div class=\"elementor-widget-container\">\n\t\t\t\t\t\t\t\t\t<p>Datenschutz bei AUTOMOBILE GMBH SP. Z O.O.<\/p>\n<p>Sehr geehrte Damen und Herren,<\/p>\n<p>Im Zusammenhang mit dem Inkrafttreten der Verordnung (EU) 2016\/679 des Europ\u00e4ischen Parlaments und des Rates vom 27. April 2016 zum Schutz nat\u00fcrlicher Personen bei der Verarbeitung personenbezogener Daten und zum freien Datenverkehr sowie zur Aufhebung der Richtlinie 95\/46\/EG (Datenschutz-Grundverordnung) informieren wir Sie h\u00f6flich, dass alle Antr\u00e4ge auf Aus\u00fcbung von Betroffenenrechten \u00fcber folgende E-Mail-Adresse bearbeitet werden: info@www.moto-parts.eu oder direkt am Sitz der Organisation in Form eines schriftlichen Antrags.<\/p>\n<ul>\n<li>Der Verantwortliche f\u00fcr die Datenverarbeitung ist: AUTOMOBILE GMBH SP. Z O.O., ul. Grunwaldzka 7, 08-110 Siedlce.&nbsp;<\/li>\n<li>NIP: 8212672688, Regon: 388957444, KRS-Nummer: 0000900392.<\/li>\n<li>Kontakt zum Datenschutz: info@www.moto-parts.eu<\/li>\n<li>Personenbezogene Daten werden auf Grundlage von Artikel 6 Absatz 1 Buchstabe f DSGVO verarbeitet, also auf der Notwendigkeit der Verarbeitung zur Wahrung berechtigter Interessen des Verantwortlichen;<\/li>\n<li>Die berechtigten Interessen des Verantwortlichen bestehen darin, den Kunden Produkte und Dienstleistungen anzubieten;<\/li>\n<li>Personenbezogene Daten werden sowohl manuell als auch automatisch verarbeitet;<\/li>\n<li>Der Verantwortliche verarbeitet personenbezogene Daten nur im f\u00fcr den Vertragsabschluss erforderlichen Umfang. Dazu geh\u00f6ren: Vorname, Nachname, Wohnort, Leistungsort, Korrespondenzadresse, Lieferadresse sowie Kontakttelefonnummern. Die Angabe einer E-Mail-Adresse ist nicht erforderlich und keine Bedingung f\u00fcr den Abschluss oder die Erf\u00fcllung des Vertrags. Die Angabe aller Daten erfolgt freiwillig.<\/li>\n<li>Daten werden nicht an andere Stellen weitergegeben, au\u00dfer an solche, die gesetzlich dazu berechtigt sind;<\/li>\n<li>Personenbezogene Daten werden nicht an ein Drittland oder eine internationale Organisation \u00fcbermittelt;<\/li>\n<li>Der Verantwortliche unternimmt alle Anstrengungen, um gespeicherte personenbezogene Daten durch physische, technische und organisatorische Ma\u00dfnahmen vor zuf\u00e4lliger oder vors\u00e4tzlicher Zerst\u00f6rung, versehentlichem Verlust, Ver\u00e4nderung, unbefugter Offenlegung, Nutzung oder Zugriff gem\u00e4\u00df allen geltenden Vorschriften zu sch\u00fctzen;<\/li>\n<\/ul>\n<p>Im Zusammenhang mit der Verarbeitung Ihrer personenbezogenen Daten haben Sie das Recht auf:<\/p>\n<ul>\n<li>den Zugang zu Ihren personenbezogenen Daten vom Verantwortlichen zu verlangen;<\/li>\n<li>die Berichtigung Ihrer personenbezogenen Daten vom Verantwortlichen zu verlangen;<\/li>\n<li>die L\u00f6schung Ihrer personenbezogenen Daten vom Verantwortlichen zu verlangen;<\/li>\n<li>die Einschr\u00e4nkung der Verarbeitung Ihrer personenbezogenen Daten vom Verantwortlichen zu verlangen;<\/li>\n<li>der Verarbeitung Ihrer personenbezogenen Daten zu widersprechen;<\/li>\n<li>die \u00dcbertragung Ihrer personenbezogenen Daten;<\/li>\n<li>eine Beschwerde bei einer Aufsichtsbeh\u00f6rde einzureichen;<\/li>\n<\/ul>\n<p>Diese Rechte k\u00f6nnen per E-Mail an info@www.moto-parts.eu oder pers\u00f6nlich am Sitz der Organisation durch einen schriftlichen Antrag ausge\u00fcbt werden.<\/p>\n<p><strong>Keks<\/strong><\/p>\n<p>Der Administrator bem\u00fcht sich, bew\u00e4hrte Verfahren anzuwenden und alle Nutzer fair und transparent zu behandeln. Durch die Nutzung der Website erkl\u00e4ren Sie sich mit der Verwendung von Cookies einverstanden, um Ihnen eine komfortable Nutzung zu erm\u00f6glichen. Die auf unseren Websites verwendeten Cookies sammeln keine Informationen, die eine Identifizierung des Nutzers erm\u00f6glichen. Sie dienen statistischen Zwecken \u00fcber den Dienst Google Analytics. Die Daten werden auf den Ger\u00e4ten der Nutzer gespeichert.<\/p>\n<p>Der Nutzer kann jederzeit die Verwendung von Cookies \u00e4ndern und bereits durch den Browser gespeicherte Cookies l\u00f6schen. Die Verwaltung und das L\u00f6schen von Cookies unterscheiden sich je nach verwendetem Browser. Alle notwendigen Informationen findet der Nutzer in der Hilfe-Funktion des jeweiligen Browsers. Das Blockieren aller Cookies kann zu Problemen bei der Funktionalit\u00e4t oder zur vollst\u00e4ndigen Unm\u00f6glichkeit der Nutzung bestimmter Funktionen auf anderen Websites f\u00fchren.<\/p>\t\t\t\t\t\t\t\t<\/div>\n\t\t\t\t<\/div>\n\t\t\t\t\t<\/div>\n\t\t\t\t<\/div>\n\t\t\t\t<\/div>","protected":false},"excerpt":{"rendered":"<p>Polityka prywatno\u015bci Ochrona danych osobowych w firmie AUTOMOBILE GMBH SP. Z O.O. Szanowni Pa\u0144stwo, w zwi\u0105zku z rozpocz\u0119ciem obowi\u0105zywania przepis\u00f3w [&hellip;]<\/p>\n","protected":false},"author":1,"featured_media":0,"parent":0,"menu_order":0,"comment_status":"closed","ping_status":"closed","template":"","meta":{"site-sidebar-layout":"no-sidebar","site-content-layout":"","ast-site-content-layout":"full-width-container","site-content-style":"default","site-sidebar-style":"default","ast-global-header-display":"","ast-banner-title-visibility":"disabled","ast-main-header-display":"","ast-hfb-above-header-display":"","ast-hfb-below-header-display":"","ast-hfb-mobile-header-display":"","site-post-title":"disabled","ast-breadcrumbs-content":"","ast-featured-img":"disabled","footer-sml-layout":"","ast-disable-related-posts":"","theme-transparent-header-meta":"","adv-header-id-meta":"","stick-header-meta":"","header-above-stick-meta":"","header-main-stick-meta":"","header-below-stick-meta":"","astra-migrate-meta-layouts":"default","ast-page-background-enabled":"default","ast-page-background-meta":{"desktop":{"background-color":"var(--ast-global-color-5)","background-image":"","background-repeat":"repeat","background-position":"center center","background-size":"auto","background-attachment":"scroll","background-type":"","background-media":"","overlay-type":"","overlay-color":"","overlay-opacity":"","overlay-gradient":""},"tablet":{"background-color":"","background-image":"","background-repeat":"repeat","background-position":"center center","background-size":"auto","background-attachment":"scroll","background-type":"","background-media":"","overlay-type":"","overlay-color":"","overlay-opacity":"","overlay-gradient":""},"mobile":{"background-color":"","background-image":"","background-repeat":"repeat","background-position":"center center","background-size":"auto","background-attachment":"scroll","background-type":"","background-media":"","overlay-type":"","overlay-color":"","overlay-opacity":"","overlay-gradient":""}},"ast-content-background-meta":{"desktop":{"background-color":"var(--ast-global-color-4)","background-image":"","background-repeat":"repeat","background-position":"center center","background-size":"auto","background-attachment":"scroll","background-type":"","background-media":"","overlay-type":"","overlay-color":"","overlay-opacity":"","overlay-gradient":""},"tablet":{"background-color":"var(--ast-global-color-4)","background-image":"","background-repeat":"repeat","background-position":"center center","background-size":"auto","background-attachment":"scroll","background-type":"","background-media":"","overlay-type":"","overlay-color":"","overlay-opacity":"","overlay-gradient":""},"mobile":{"background-color":"var(--ast-global-color-4)","background-image":"","background-repeat":"repeat","background-position":"center center","background-size":"auto","background-attachment":"scroll","background-type":"","background-media":"","overlay-type":"","overlay-color":"","overlay-opacity":"","overlay-gradient":""}},"footnotes":""},"class_list":["post-261","page","type-page","status-publish","hentry"],"_links":{"self":[{"href":"https:\/\/moto-parts.eu\/de\/wp-json\/wp\/v2\/pages\/261","targetHints":{"allow":["GET"]}}],"collection":[{"href":"https:\/\/moto-parts.eu\/de\/wp-json\/wp\/v2\/pages"}],"about":[{"href":"https:\/\/moto-parts.eu\/de\/wp-json\/wp\/v2\/types\/page"}],"author":[{"embeddable":true,"href":"https:\/\/moto-parts.eu\/de\/wp-json\/wp\/v2\/users\/1"}],"replies":[{"embeddable":true,"href":"https:\/\/moto-parts.eu\/de\/wp-json\/wp\/v2\/comments?post=261"}],"version-history":[{"count":0,"href":"https:\/\/moto-parts.eu\/de\/wp-json\/wp\/v2\/pages\/261\/revisions"}],"wp:attachment":[{"href":"https:\/\/moto-parts.eu\/de\/wp-json\/wp\/v2\/media?parent=261"}],"curies":[{"name":"wp","href":"https:\/\/api.w.org\/{rel}","templated":true}]}}