{"id":257,"date":"2025-05-23T11:01:25","date_gmt":"2025-05-23T11:01:25","guid":{"rendered":"https:\/\/www.moto-parts.eu\/?page_id=257"},"modified":"2025-06-23T08:54:53","modified_gmt":"2025-06-23T06:54:53","slug":"ruckgaberecht","status":"publish","type":"page","link":"https:\/\/moto-parts.eu\/de\/polityka-zwrotow\/","title":{"rendered":"R\u00fcckgaberecht"},"content":{"rendered":"<div data-elementor-type=\"wp-page\" data-elementor-id=\"257\" class=\"elementor elementor-257\">\n\t\t\t\t<div class=\"elementor-element elementor-element-8fa4558 e-flex e-con-boxed e-con e-parent\" data-id=\"8fa4558\" data-element_type=\"container\" data-e-type=\"container\" data-settings=\"{&quot;background_background&quot;:&quot;classic&quot;}\">\n\t\t\t\t\t<div class=\"e-con-inner\">\n\t\t\t\t<div class=\"elementor-element elementor-element-804d0f4 elementor-widget elementor-widget-heading\" data-id=\"804d0f4\" data-element_type=\"widget\" data-e-type=\"widget\" data-widget_type=\"heading.default\">\n\t\t\t\t<div class=\"elementor-widget-container\">\n\t\t\t\t\t<h1 class=\"elementor-heading-title elementor-size-default\">R\u00fcckgaberecht<\/h1>\t\t\t\t<\/div>\n\t\t\t\t<\/div>\n\t\t\t\t\t<\/div>\n\t\t\t\t<\/div>\n\t\t<div class=\"elementor-element elementor-element-403013c e-flex e-con-boxed e-con e-parent\" data-id=\"403013c\" data-element_type=\"container\" data-e-type=\"container\">\n\t\t\t\t\t<div class=\"e-con-inner\">\n\t\t\t\t<div class=\"elementor-element elementor-element-7c83923 elementor-widget elementor-widget-text-editor\" data-id=\"7c83923\" data-element_type=\"widget\" data-e-type=\"widget\" data-widget_type=\"text-editor.default\">\n\t\t\t\t<div class=\"elementor-widget-container\">\n\t\t\t\t\t\t\t\t\t<p data-pm-slice=\"1 1 []\"><strong>1. R\u00fcckerstattungen und \u00dcberzahlungen<\/strong>\u00a0<\/p><p data-pm-slice=\"1 1 []\" class=\"translation-block\">1.1. Im Falle von Umst\u00e4nden, die den Shop zur R\u00fcckerstattung der vom Kunden auf das Konto des Shops \u00fcberwiesenen Betr\u00e4ge verpflichten, erfolgt die R\u00fcckerstattung sp\u00e4testens innerhalb von 7 Werktagen.<\/p><p data-pm-slice=\"1 1 []\">1.2. Wenn der Kunde per \u00dcberweisung bezahlt hat, erfolgt die R\u00fcckerstattung auf das Bankkonto, von dem die Zahlung vorgenommen wurde, oder auf ein anderes vom Kunden angegebenes Konto.<\/p><p><strong>2. Widerruf vom Vertrag<\/strong>\u00a0<\/p><p class=\"translation-block\">2.1. Gem\u00e4\u00df dem Gesetz vom 2. M\u00e4rz 2000 \u00fcber den Schutz bestimmter Verbraucherrechte und die Haftung f\u00fcr Sch\u00e4den durch gef\u00e4hrliche Produkte hat ein Kunde, der als nat\u00fcrliche Person zu nicht-gewerblichen oder nicht-beruflichen Zwecken einkauft, das Recht, innerhalb von 14 Tagen nach Erhalt der Sendung ohne Angabe von Gr\u00fcnden vom Vertrag zur\u00fcckzutreten.<\/p><p>2.2. Um das Widerrufsrecht auszu\u00fcben, muss der Kunde eine Widerrufserkl\u00e4rung abgeben und die Ware an den Shop zur\u00fccksenden. Ein Musterformular ist auf der Website des Shops verf\u00fcgbar.\u00a0<\/p><p>2.3. Zur\u00fcckgesandte Waren m\u00fcssen vollst\u00e4ndig und im unver\u00e4nderten Zustand sein, es sei denn, eine Ver\u00e4nderung war im Rahmen der ordnungsgem\u00e4\u00dfen Nutzung erforderlich. Der Kunde sollte mit der Ware so umgehen, dass deren R\u00fcckgabe m\u00f6glich ist.\u00a0<\/p><p>2.4. Die zur\u00fcckgesandte Ware muss sp\u00e4testens 14 Tage nach Abgabe der Widerrufserkl\u00e4rung an die Adresse des Shops zur\u00fcckgesendet werden.\u00a0<strong>14 Tage<\/strong>\u00a0ab dem Tag, an dem die R\u00fccktrittserkl\u00e4rung abgegeben wird.\u00a0<\/p><p>2.5. Die R\u00fccksendekosten der Ware werden nicht erstattet.\u00a0<\/p><p>2.6. Der Shop erstattet den Betrag f\u00fcr die zur\u00fcckgesandte Ware innerhalb von 7 Werktagen nach Erhalt der R\u00fccksendung.\u00a0<strong>7 Arbeitstage<\/strong>\u00a0ab dem Datum des Eingangs der R\u00fccksendung.<\/p><p><strong>3. Reklamationsbedingungen<\/strong><\/p><h4>3.1. F\u00fcr im Shop verkaufte Waren kann eine Garantie des Herstellers oder Distributors gelten. Die Garantiebedingungen und deren Dauer sind in der dem Produkt beigef\u00fcgten Garantiekarte angegeben.<\/h4><div><p>3.2. Bei Feststellung eines Mangels an der Ware kann der Kunde die Garantieanspr\u00fcche beim Garantiegeber (Hersteller oder Distributor) geltend machen oder Rechte aus der Vertragswidrigkeit der Ware in Anspruch nehmen.<\/p><p>3.3. Im Falle einer Warenreklamation sollte der Kunde das Produkt zusammen mit einem Kaufnachweis und einer Beschreibung der Reklamation an die Adresse des Shops senden (ein Reklamationsformular ist auf der Website des Shops verf\u00fcgbar).\u00a0<\/p><p>3.4. Der Shop pr\u00fcft die Reklamation innerhalb von 14 Tagen nach Eingang der Meldung. Der Kunde wird per E-Mail \u00fcber das Ergebnis informiert.\u00a0<strong>14 Tage<\/strong>\u00a0ab dem Datum des Eingangs der Beschwerde. Der Kunde wird per E-Mail \u00fcber das Ergebnis der Beschwerde informiert.\u00a0<\/p><p>3.5. Wird die Reklamation anerkannt, repariert der Shop das Produkt, ersetzt es durch ein neues oder erstattet dem Kunden den Kaufpreis. Die R\u00fccksendekosten werden nach positiver Reklamationspr\u00fcfung erstattet.\u00a0<\/p><p><strong>4 Kontakt f\u00fcr R\u00fccksendungen und Reklamationen<\/strong>\u00a0Fragen zu R\u00fccksendungen und Reklamationen k\u00f6nnen an den Kundendienst gerichtet werden:<br \/><strong>Angaben zum Unternehmen:\u00a0<\/strong>AUTOMOBILE GMBH SP. Z O.O. , ul. Grunwaldzka 7 08-110 Siedlce;<br \/><strong>E-Mail:<\/strong>\u00a0info@www.moto-parts.eu<br \/><strong>Telefon:<\/strong> +48 503 062 914.<\/p><p class=\"translation-block\">Diese <strong>R\u00fcckgaberichtlinie<\/strong> gilt ab dem <strong>2. Juni 2025<\/strong> und ist integraler Bestandteil der Allgemeinen Gesch\u00e4ftsbedingungen des Shops.<\/p><\/div>\t\t\t\t\t\t\t\t<\/div>\n\t\t\t\t<\/div>\n\t\t\t\t\t<\/div>\n\t\t\t\t<\/div>\n\t\t\t\t<\/div>","protected":false},"excerpt":{"rendered":"<p>Polityka zwrot\u00f3w 1. Zwrot nale\u017cno\u015bci Klientom i nadp\u0142aty\u00a0 1.1. W przypadku zaistnienia okoliczno\u015bci zobowi\u0105zuj\u0105cych Sklep do zwrotu nale\u017cno\u015bci wp\u0142aconych przez [&hellip;]<\/p>\n","protected":false},"author":1,"featured_media":0,"parent":0,"menu_order":0,"comment_status":"closed","ping_status":"closed","template":"","meta":{"site-sidebar-layout":"no-sidebar","site-content-layout":"","ast-site-content-layout":"full-width-container","site-content-style":"default","site-sidebar-style":"default","ast-global-header-display":"","ast-banner-title-visibility":"disabled","ast-main-header-display":"","ast-hfb-above-header-display":"","ast-hfb-below-header-display":"","ast-hfb-mobile-header-display":"","site-post-title":"disabled","ast-breadcrumbs-content":"","ast-featured-img":"disabled","footer-sml-layout":"","ast-disable-related-posts":"","theme-transparent-header-meta":"","adv-header-id-meta":"","stick-header-meta":"","header-above-stick-meta":"","header-main-stick-meta":"","header-below-stick-meta":"","astra-migrate-meta-layouts":"default","ast-page-background-enabled":"default","ast-page-background-meta":{"desktop":{"background-color":"var(--ast-global-color-5)","background-image":"","background-repeat":"repeat","background-position":"center center","background-size":"auto","background-attachment":"scroll","background-type":"","background-media":"","overlay-type":"","overlay-color":"","overlay-opacity":"","overlay-gradient":""},"tablet":{"background-color":"","background-image":"","background-repeat":"repeat","background-position":"center center","background-size":"auto","background-attachment":"scroll","background-type":"","background-media":"","overlay-type":"","overlay-color":"","overlay-opacity":"","overlay-gradient":""},"mobile":{"background-color":"","background-image":"","background-repeat":"repeat","background-position":"center center","background-size":"auto","background-attachment":"scroll","background-type":"","background-media":"","overlay-type":"","overlay-color":"","overlay-opacity":"","overlay-gradient":""}},"ast-content-background-meta":{"desktop":{"background-color":"var(--ast-global-color-4)","background-image":"","background-repeat":"repeat","background-position":"center center","background-size":"auto","background-attachment":"scroll","background-type":"","background-media":"","overlay-type":"","overlay-color":"","overlay-opacity":"","overlay-gradient":""},"tablet":{"background-color":"var(--ast-global-color-4)","background-image":"","background-repeat":"repeat","background-position":"center center","background-size":"auto","background-attachment":"scroll","background-type":"","background-media":"","overlay-type":"","overlay-color":"","overlay-opacity":"","overlay-gradient":""},"mobile":{"background-color":"var(--ast-global-color-4)","background-image":"","background-repeat":"repeat","background-position":"center center","background-size":"auto","background-attachment":"scroll","background-type":"","background-media":"","overlay-type":"","overlay-color":"","overlay-opacity":"","overlay-gradient":""}},"footnotes":""},"class_list":["post-257","page","type-page","status-publish","hentry"],"_links":{"self":[{"href":"https:\/\/moto-parts.eu\/de\/wp-json\/wp\/v2\/pages\/257","targetHints":{"allow":["GET"]}}],"collection":[{"href":"https:\/\/moto-parts.eu\/de\/wp-json\/wp\/v2\/pages"}],"about":[{"href":"https:\/\/moto-parts.eu\/de\/wp-json\/wp\/v2\/types\/page"}],"author":[{"embeddable":true,"href":"https:\/\/moto-parts.eu\/de\/wp-json\/wp\/v2\/users\/1"}],"replies":[{"embeddable":true,"href":"https:\/\/moto-parts.eu\/de\/wp-json\/wp\/v2\/comments?post=257"}],"version-history":[{"count":0,"href":"https:\/\/moto-parts.eu\/de\/wp-json\/wp\/v2\/pages\/257\/revisions"}],"wp:attachment":[{"href":"https:\/\/moto-parts.eu\/de\/wp-json\/wp\/v2\/media?parent=257"}],"curies":[{"name":"wp","href":"https:\/\/api.w.org\/{rel}","templated":true}]}}