{"id":1948,"date":"2025-05-29T14:17:38","date_gmt":"2025-05-29T12:17:38","guid":{"rendered":"https:\/\/www.moto-parts.eu\/produkt\/honda-crf-1100-africa-owiewka-boczek-64300-mks-ec0za-64320-mks-e20-3\/"},"modified":"2026-03-18T17:32:14","modified_gmt":"2026-03-18T16:32:14","slug":"honda-crf-1100-africa-bocni-kapota-64300-mks-ec0za-64320-mks-e20-3","status":"publish","type":"product","link":"https:\/\/moto-parts.eu\/cs\/produkt\/honda-crf-1100-africa-owiewka-boczek-64300-mks-ec0za-64320-mks-e20-3\/","title":{"rendered":"Honda CRF 1100 Africa \u2013 Bo\u010dn\u00ed panel kapot\u00e1\u017ee 64300-MKS-EC0ZA \/ 64320-MKS-E20"},"content":{"rendered":"<section class=\"section\">\n<div class=\"item item-12\">\n<section class=\"text-item\">Sou\u010d\u00e1st\u00ed prodeje jsou nov\u00e9 origin\u00e1ln\u00ed d\u00edly.<\/section>\n<section class=\"text-item\">Whatsapp : English, Deutsch, Italiano, Fran\u00e7ais, Espa\u00f1ol, \u010cesky, Slovensk\u00e1, Magyar<\/section>\n<\/div>\n<\/section>","protected":false},"excerpt":{"rendered":"<p>K\u00f3d produktu: 64300-MKS-EC0ZA, 64300MKSEC0ZA, 64311-MKS-E200, 64320-MKS-E20, 64320MKSE20, 64321-MKS-E20, 64321MKSE20<\/p>","protected":false},"featured_media":7791,"template":"","meta":{"site-sidebar-layout":"default","site-content-layout":"","ast-site-content-layout":"default","site-content-style":"default","site-sidebar-style":"default","ast-global-header-display":"","ast-banner-title-visibility":"","ast-main-header-display":"","ast-hfb-above-header-display":"","ast-hfb-below-header-display":"","ast-hfb-mobile-header-display":"","site-post-title":"","ast-breadcrumbs-content":"","ast-featured-img":"","footer-sml-layout":"","ast-disable-related-posts":"","theme-transparent-header-meta":"default","adv-header-id-meta":"","stick-header-meta":"","header-above-stick-meta":"","header-main-stick-meta":"","header-below-stick-meta":"","astra-migrate-meta-layouts":"set","ast-page-background-enabled":"default","ast-page-background-meta":{"desktop":{"background-color":"var(--ast-global-color-5)","background-image":"","background-repeat":"repeat","background-position":"center center","background-size":"auto","background-attachment":"scroll","background-type":"","background-media":"","overlay-type":"","overlay-color":"","overlay-opacity":"","overlay-gradient":""},"tablet":{"background-color":"","background-image":"","background-repeat":"repeat","background-position":"center center","background-size":"auto","background-attachment":"scroll","background-type":"","background-media":"","overlay-type":"","overlay-color":"","overlay-opacity":"","overlay-gradient":""},"mobile":{"background-color":"","background-image":"","background-repeat":"repeat","background-position":"center center","background-size":"auto","background-attachment":"scroll","background-type":"","background-media":"","overlay-type":"","overlay-color":"","overlay-opacity":"","overlay-gradient":""}},"ast-content-background-meta":{"desktop":{"background-color":"var(--ast-global-color-4)","background-image":"","background-repeat":"repeat","background-position":"center center","background-size":"auto","background-attachment":"scroll","background-type":"","background-media":"","overlay-type":"","overlay-color":"","overlay-opacity":"","overlay-gradient":""},"tablet":{"background-color":"var(--ast-global-color-4)","background-image":"","background-repeat":"repeat","background-position":"center center","background-size":"auto","background-attachment":"scroll","background-type":"","background-media":"","overlay-type":"","overlay-color":"","overlay-opacity":"","overlay-gradient":""},"mobile":{"background-color":"var(--ast-global-color-4)","background-image":"","background-repeat":"repeat","background-position":"center center","background-size":"auto","background-attachment":"scroll","background-type":"","background-media":"","overlay-type":"","overlay-color":"","overlay-opacity":"","overlay-gradient":""}}},"product_brand":[],"product_cat":[87],"product_tag":[],"class_list":{"0":"post-1948","1":"product","2":"type-product","3":"status-publish","4":"has-post-thumbnail","6":"product_cat-honda-crf-1100-africa-twin","7":"pa_stan-nowy","8":"desktop-align-center","9":"tablet-align-left","10":"mobile-align-left","12":"first","13":"instock","14":"shipping-taxable","15":"purchasable","16":"product-type-simple"},"_links":{"self":[{"href":"https:\/\/moto-parts.eu\/cs\/wp-json\/wp\/v2\/product\/1948","targetHints":{"allow":["GET"]}}],"collection":[{"href":"https:\/\/moto-parts.eu\/cs\/wp-json\/wp\/v2\/product"}],"about":[{"href":"https:\/\/moto-parts.eu\/cs\/wp-json\/wp\/v2\/types\/product"}],"wp:featuredmedia":[{"embeddable":true,"href":"https:\/\/moto-parts.eu\/cs\/wp-json\/wp\/v2\/media\/7791"}],"wp:attachment":[{"href":"https:\/\/moto-parts.eu\/cs\/wp-json\/wp\/v2\/media?parent=1948"}],"wp:term":[{"taxonomy":"product_brand","embeddable":true,"href":"https:\/\/moto-parts.eu\/cs\/wp-json\/wp\/v2\/product_brand?post=1948"},{"taxonomy":"product_cat","embeddable":true,"href":"https:\/\/moto-parts.eu\/cs\/wp-json\/wp\/v2\/product_cat?post=1948"},{"taxonomy":"product_tag","embeddable":true,"href":"https:\/\/moto-parts.eu\/cs\/wp-json\/wp\/v2\/product_tag?post=1948"}],"curies":[{"name":"wp","href":"https:\/\/api.w.org\/{rel}","templated":true}]}}