{"id":329,"date":"2025-05-23T12:54:01","date_gmt":"2025-05-23T12:54:01","guid":{"rendered":"https:\/\/www.moto-parts.eu\/?page_id=329"},"modified":"2025-06-02T08:24:41","modified_gmt":"2025-06-02T08:24:41","slug":"reklamace","status":"publish","type":"page","link":"https:\/\/moto-parts.eu\/cs\/reklamacje\/","title":{"rendered":"Reklamace"},"content":{"rendered":"<div data-elementor-type=\"wp-page\" data-elementor-id=\"329\" class=\"elementor elementor-329\">\n\t\t\t\t<div class=\"elementor-element elementor-element-9d587ce e-flex e-con-boxed e-con e-parent\" data-id=\"9d587ce\" data-element_type=\"container\" data-e-type=\"container\" data-settings=\"{&quot;background_background&quot;:&quot;classic&quot;}\">\n\t\t\t\t\t<div class=\"e-con-inner\">\n\t\t\t\t<div class=\"elementor-element elementor-element-6cb4282 elementor-widget elementor-widget-heading\" data-id=\"6cb4282\" data-element_type=\"widget\" data-e-type=\"widget\" data-widget_type=\"heading.default\">\n\t\t\t\t<div class=\"elementor-widget-container\">\n\t\t\t\t\t<h1 class=\"elementor-heading-title elementor-size-default\">Reklamace<\/h1>\t\t\t\t<\/div>\n\t\t\t\t<\/div>\n\t\t\t\t\t<\/div>\n\t\t\t\t<\/div>\n\t\t<div class=\"elementor-element elementor-element-e6aa846 e-flex e-con-boxed e-con e-parent\" data-id=\"e6aa846\" data-element_type=\"container\" data-e-type=\"container\">\n\t\t\t\t\t<div class=\"e-con-inner\">\n\t\t\t\t<div class=\"elementor-element elementor-element-4b52202 elementor-widget elementor-widget-text-editor\" data-id=\"4b52202\" data-element_type=\"widget\" data-e-type=\"widget\" data-widget_type=\"text-editor.default\">\n\t\t\t\t<div class=\"elementor-widget-container\">\n\t\t\t\t\t\t\t\t\t<p class=\"translation-block\">Jste-li spot\u0159ebitel a zakoupen\u00e9 zbo\u017e\u00ed se uk\u00e1\u017ee jako vadn\u00e9, m\u00e1te pr\u00e1vo jej reklamovat na z\u00e1klad\u011b z\u00e1konn\u00e9 odpov\u011bdnosti za vady.\nReklamaci m\u016f\u017eete podat e-mailem na adresu info@www.moto-parts.eu, po\u0161tou nebo osobn\u011b na adrese: AUTOMOBILE GMBH SP. Z O.O., ul. Grunwaldzka 7, 08-110 Siedlce.<\/p><p>V souvislosti s vadou m\u016f\u017eete po\u017eadovat:<\/p><ul><li><strong>v\u00fdm\u011bnu v\u011bci za bezvadnou,<\/strong><\/li><li><strong>odstran\u011bn\u00ed vady,<\/strong><\/li><\/ul><p>nebo u\u010dinit prohl\u00e1\u0161en\u00ed o:<\/p><ul><li><strong>sn\u00ed\u017een\u00ed ceny,<\/strong><\/li><li><strong>odstoupen\u00ed od smlouvy \u2013 v p\u0159\u00edpad\u011b podstatn\u00e9 vady.<\/strong><\/li><\/ul><p>Za vady odpov\u00edd\u00e1me po dobu dvou let od p\u0159evzet\u00ed zbo\u017e\u00ed.<\/p><p class=\"translation-block\">Reklamaci m\u016f\u017eete uplatnit zpravidla do jednoho roku od zji\u0161t\u011bn\u00ed vady, nejd\u00e9le v\u0161ak do doby trv\u00e1n\u00ed odpov\u011bdnosti prod\u00e1vaj\u00edc\u00edho.<\/p><p><strong>Va\u0161i reklamaci vy\u0159\u00edd\u00edme do 14 dn\u016f od jej\u00edho p\u0159ijet\u00ed.<\/strong><\/p><p>Podrobnosti naleznete v na\u0161ich Obchodn\u00edch podm\u00ednk\u00e1ch.<\/p>\t\t\t\t\t\t\t\t<\/div>\n\t\t\t\t<\/div>\n\t\t\t\t\t<\/div>\n\t\t\t\t<\/div>\n\t\t\t\t<\/div>","protected":false},"excerpt":{"rendered":"<p>Reklamacje Je\u015bli jeste\u015b Konsumentem, w przypadku gdy zakupiony u nas towar oka\u017ce si\u0119 wadliwy, masz prawo reklamowa\u0107 go w oparciu [&hellip;]<\/p>\n","protected":false},"author":1,"featured_media":0,"parent":0,"menu_order":0,"comment_status":"closed","ping_status":"closed","template":"","meta":{"site-sidebar-layout":"no-sidebar","site-content-layout":"","ast-site-content-layout":"full-width-container","site-content-style":"default","site-sidebar-style":"default","ast-global-header-display":"","ast-banner-title-visibility":"disabled","ast-main-header-display":"","ast-hfb-above-header-display":"","ast-hfb-below-header-display":"","ast-hfb-mobile-header-display":"","site-post-title":"disabled","ast-breadcrumbs-content":"","ast-featured-img":"disabled","footer-sml-layout":"","ast-disable-related-posts":"","theme-transparent-header-meta":"","adv-header-id-meta":"","stick-header-meta":"","header-above-stick-meta":"","header-main-stick-meta":"","header-below-stick-meta":"","astra-migrate-meta-layouts":"default","ast-page-background-enabled":"default","ast-page-background-meta":{"desktop":{"background-color":"var(--ast-global-color-5)","background-image":"","background-repeat":"repeat","background-position":"center center","background-size":"auto","background-attachment":"scroll","background-type":"","background-media":"","overlay-type":"","overlay-color":"","overlay-opacity":"","overlay-gradient":""},"tablet":{"background-color":"","background-image":"","background-repeat":"repeat","background-position":"center center","background-size":"auto","background-attachment":"scroll","background-type":"","background-media":"","overlay-type":"","overlay-color":"","overlay-opacity":"","overlay-gradient":""},"mobile":{"background-color":"","background-image":"","background-repeat":"repeat","background-position":"center center","background-size":"auto","background-attachment":"scroll","background-type":"","background-media":"","overlay-type":"","overlay-color":"","overlay-opacity":"","overlay-gradient":""}},"ast-content-background-meta":{"desktop":{"background-color":"var(--ast-global-color-4)","background-image":"","background-repeat":"repeat","background-position":"center center","background-size":"auto","background-attachment":"scroll","background-type":"","background-media":"","overlay-type":"","overlay-color":"","overlay-opacity":"","overlay-gradient":""},"tablet":{"background-color":"var(--ast-global-color-4)","background-image":"","background-repeat":"repeat","background-position":"center center","background-size":"auto","background-attachment":"scroll","background-type":"","background-media":"","overlay-type":"","overlay-color":"","overlay-opacity":"","overlay-gradient":""},"mobile":{"background-color":"var(--ast-global-color-4)","background-image":"","background-repeat":"repeat","background-position":"center center","background-size":"auto","background-attachment":"scroll","background-type":"","background-media":"","overlay-type":"","overlay-color":"","overlay-opacity":"","overlay-gradient":""}},"footnotes":""},"class_list":["post-329","page","type-page","status-publish","hentry"],"_links":{"self":[{"href":"https:\/\/moto-parts.eu\/cs\/wp-json\/wp\/v2\/pages\/329","targetHints":{"allow":["GET"]}}],"collection":[{"href":"https:\/\/moto-parts.eu\/cs\/wp-json\/wp\/v2\/pages"}],"about":[{"href":"https:\/\/moto-parts.eu\/cs\/wp-json\/wp\/v2\/types\/page"}],"author":[{"embeddable":true,"href":"https:\/\/moto-parts.eu\/cs\/wp-json\/wp\/v2\/users\/1"}],"replies":[{"embeddable":true,"href":"https:\/\/moto-parts.eu\/cs\/wp-json\/wp\/v2\/comments?post=329"}],"version-history":[{"count":0,"href":"https:\/\/moto-parts.eu\/cs\/wp-json\/wp\/v2\/pages\/329\/revisions"}],"wp:attachment":[{"href":"https:\/\/moto-parts.eu\/cs\/wp-json\/wp\/v2\/media?parent=329"}],"curies":[{"name":"wp","href":"https:\/\/api.w.org\/{rel}","templated":true}]}}