{"id":261,"date":"2025-05-23T11:01:43","date_gmt":"2025-05-23T11:01:43","guid":{"rendered":"https:\/\/www.moto-parts.eu\/?page_id=261"},"modified":"2025-06-02T08:25:31","modified_gmt":"2025-06-02T08:25:31","slug":"zasady-ochrany-osobnich-udaju-2","status":"publish","type":"page","link":"https:\/\/moto-parts.eu\/cs\/polityka-prywatnosci\/","title":{"rendered":"Z\u00e1sady ochrany osobn\u00edch \u00fadaj\u016f"},"content":{"rendered":"<div data-elementor-type=\"wp-page\" data-elementor-id=\"261\" class=\"elementor elementor-261\">\n\t\t\t\t<div class=\"elementor-element elementor-element-d59091a e-flex e-con-boxed e-con e-parent\" data-id=\"d59091a\" data-element_type=\"container\" data-e-type=\"container\" data-settings=\"{&quot;background_background&quot;:&quot;classic&quot;}\">\n\t\t\t\t\t<div class=\"e-con-inner\">\n\t\t\t\t<div class=\"elementor-element elementor-element-035de4d elementor-widget elementor-widget-heading\" data-id=\"035de4d\" data-element_type=\"widget\" data-e-type=\"widget\" data-widget_type=\"heading.default\">\n\t\t\t\t<div class=\"elementor-widget-container\">\n\t\t\t\t\t<h1 class=\"elementor-heading-title elementor-size-default\">Z\u00e1sady ochrany osobn\u00edch \u00fadaj\u016f<\/h1>\t\t\t\t<\/div>\n\t\t\t\t<\/div>\n\t\t\t\t\t<\/div>\n\t\t\t\t<\/div>\n\t\t<div class=\"elementor-element elementor-element-7bc9799 e-flex e-con-boxed e-con e-parent\" data-id=\"7bc9799\" data-element_type=\"container\" data-e-type=\"container\">\n\t\t\t\t\t<div class=\"e-con-inner\">\n\t\t\t\t<div class=\"elementor-element elementor-element-d4cda03 elementor-widget elementor-widget-text-editor\" data-id=\"d4cda03\" data-element_type=\"widget\" data-e-type=\"widget\" data-widget_type=\"text-editor.default\">\n\t\t\t\t<div class=\"elementor-widget-container\">\n\t\t\t\t\t\t\t\t\t<p>Ochrana osobn\u00edch \u00fadaj\u016f ve spole\u010dnosti AUTOMOBILE GMBH SP. Z O.O.<\/p>\n<p>V\u00e1\u017een\u00ed,<\/p>\n<p>V souvislosti s nabyt\u00edm \u00fa\u010dinnosti Na\u0159\u00edzen\u00ed Evropsk\u00e9ho parlamentu a Rady (EU) 2016\/679 ze dne 27. dubna 2016 o ochran\u011b fyzick\u00fdch osob v souvislosti se zpracov\u00e1n\u00edm osobn\u00edch \u00fadaj\u016f a o voln\u00e9m pohybu t\u011bchto \u00fadaj\u016f a o zru\u0161en\u00ed sm\u011brnice 95\/46\/ES (obecn\u00e9 na\u0159\u00edzen\u00ed o ochran\u011b osobn\u00edch \u00fadaj\u016f) V\u00e1s informujeme, \u017ee ve\u0161ker\u00e9 \u017e\u00e1dosti t\u00fdkaj\u00edc\u00ed se uplatn\u011bn\u00ed pr\u00e1v subjekt\u016f \u00fadaj\u016f je mo\u017en\u00e9 zas\u00edlat na e-mail: info@www.moto-parts.eu nebo p\u0159edat osobn\u011b v s\u00eddle organizace formou p\u00edsemn\u00e9 \u017e\u00e1dosti.<\/p>\n<ul>\n<li>Spr\u00e1vcem \u00fadaj\u016f je: AUTOMOBILE GMBH SP. Z O.O., ul. Grunwaldzka 7, 08-110 Siedlce.&nbsp;<\/li>\n<li>NIP: 8212672688, Regon: 388957444, \u010d\u00edslo KRS: 0000900392.<\/li>\n<li>Kontakt pro ochranu osobn\u00edch \u00fadaj\u016f: info@www.moto-parts.eu<\/li>\n<li>Osobn\u00ed \u00fadaje jsou zpracov\u00e1v\u00e1ny na z\u00e1klad\u011b \u010dl. 6 odst. 1 p\u00edsm. f GDPR, tedy z d\u016fvodu nezbytnosti zpracov\u00e1n\u00ed pro \u00fa\u010dely opr\u00e1vn\u011bn\u00fdch z\u00e1jm\u016f, kter\u00e9 sleduje Spr\u00e1vce;<\/li>\n<li>Opr\u00e1vn\u011bn\u00e9 z\u00e1jmy Spr\u00e1vce spo\u010d\u00edvaj\u00ed v nab\u00edzen\u00ed produkt\u016f a slu\u017eeb z\u00e1kazn\u00edk\u016fm;<\/li>\n<li>Osobn\u00ed \u00fadaje jsou zpracov\u00e1v\u00e1ny ru\u010dn\u011b i automatizovan\u011b;<\/li>\n<li>Spr\u00e1vce zpracov\u00e1v\u00e1 osobn\u00ed \u00fadaje v rozsahu nezbytn\u00e9m pro uzav\u0159en\u00ed smlouvy. Jedn\u00e1 se o: jm\u00e9no, p\u0159\u00edjmen\u00ed, m\u00edsto bydli\u0161t\u011b, m\u00edsto poskytov\u00e1n\u00ed slu\u017eeb, koresponden\u010dn\u00ed adresa, adresa doru\u010den\u00ed zbo\u017e\u00ed a kontaktn\u00ed telefonn\u00ed \u010d\u00edsla. Uveden\u00ed e-mailov\u00e9 adresy nen\u00ed povinn\u00e9 a nen\u00ed podm\u00ednkou pro uzav\u0159en\u00ed nebo pln\u011bn\u00ed Smlouvy. Uveden\u00ed v\u0161ech \u00fadaj\u016f je dobrovoln\u00e9.<\/li>\n<li>\u00dadaje nebudou zp\u0159\u00edstupn\u011bny jin\u00fdm subjekt\u016fm ne\u017e t\u011bm, kter\u00e9 k tomu maj\u00ed opr\u00e1vn\u011bn\u00ed podle z\u00e1kona;<\/li>\n<li>Osobn\u00ed \u00fadaje nebudou p\u0159ed\u00e1v\u00e1ny do t\u0159et\u00ed zem\u011b ani mezin\u00e1rodn\u00ed organizaci;<\/li>\n<li>Spr\u00e1vce vynakl\u00e1d\u00e1 ve\u0161ker\u00e9 \u00fasil\u00ed k zaji\u0161t\u011bn\u00ed fyzick\u00e9, technick\u00e9 a organiza\u010dn\u00ed ochrany uchov\u00e1van\u00fdch osobn\u00edch \u00fadaj\u016f proti n\u00e1hodn\u00e9mu nebo \u00famysln\u00e9mu zni\u010den\u00ed, n\u00e1hodn\u00e9 ztr\u00e1t\u011b, zm\u011bn\u011b, neopr\u00e1vn\u011bn\u00e9mu zve\u0159ejn\u011bn\u00ed, pou\u017eit\u00ed nebo p\u0159\u00edstupu, v souladu se v\u0161emi platn\u00fdmi p\u0159edpisy;<\/li>\n<\/ul>\n<p>V souvislosti se zpracov\u00e1n\u00edm Va\u0161ich osobn\u00edch \u00fadaj\u016f m\u00e1te pr\u00e1vo:<\/p>\n<ul>\n<li>po\u017eadova\u0165 od Prev\u00e1dzkovate\u013ea pr\u00edstup k Va\u0161im osobn\u00fdm \u00fadajom;<\/li>\n<li>po\u017eadovat po Spr\u00e1vci opravu Va\u0161ich osobn\u00edch \u00fadaj\u016f;<\/li>\n<li>po\u017eadovat po Spr\u00e1vci vymaz\u00e1n\u00ed Va\u0161ich osobn\u00edch \u00fadaj\u016f;<\/li>\n<li>po\u017eadovat po Spr\u00e1vci omezen\u00ed zpracov\u00e1n\u00ed Va\u0161ich osobn\u00edch \u00fadaj\u016f;<\/li>\n<li>vzn\u00e9st n\u00e1mitku proti zpracov\u00e1n\u00ed Va\u0161ich osobn\u00edch \u00fadaj\u016f;<\/li>\n<li>p\u0159enesen\u00ed Va\u0161ich osobn\u00edch \u00fadaj\u016f;<\/li>\n<li>podat st\u00ed\u017enost u dozorov\u00e9ho org\u00e1nu;<\/li>\n<\/ul>\n<p>Tato pr\u00e1va lze uplatnit e-mailem na adrese info@www.moto-parts.eu nebo osobn\u011b v s\u00eddle organizace formou p\u00edsemn\u00e9 \u017e\u00e1dosti.<\/p>\n<p><strong>Cookie<\/strong><\/p>\n<p>Spr\u00e1vce se sna\u017e\u00ed dodr\u017eovat osv\u011bd\u010den\u00e9 postupy a jednat se v\u0161emi U\u017eivatelkami a U\u017eivateli spravedliv\u011b a otev\u0159en\u011b. Pou\u017e\u00edv\u00e1n\u00edm tohoto webu vyjad\u0159ujete souhlas s pou\u017e\u00edv\u00e1n\u00edm soubor\u016f cookies, abychom v\u00e1m zajistili pohodln\u00e9 prohl\u00ed\u017een\u00ed str\u00e1nek. \u017d\u00e1dn\u00e9 soubory cookie pou\u017e\u00edvan\u00e9 na na\u0161ich str\u00e1nk\u00e1ch neshroma\u017e\u010fuj\u00ed informace, kter\u00e9 by umo\u017enily identifikaci u\u017eivatele. Jsou vyu\u017e\u00edv\u00e1ny ke statistick\u00fdm \u00fa\u010del\u016fm prost\u0159ednictv\u00edm slu\u017eby Google Analytics. \u00dadaje jsou ulo\u017eeny na za\u0159\u00edzen\u00edch u\u017eivatel\u016f.<\/p>\n<p>U\u017eivatel m\u016f\u017ee kdykoliv zm\u011bnit zp\u016fsob pou\u017e\u00edv\u00e1n\u00ed soubor\u016f cookie a odstranit ty, kter\u00e9 ji\u017e byly prohl\u00ed\u017ee\u010dem ulo\u017eeny na za\u0159\u00edzen\u00ed. Mo\u017enosti spr\u00e1vy a maz\u00e1n\u00ed cookies se li\u0161\u00ed podle pou\u017eit\u00e9ho prohl\u00ed\u017ee\u010de. V\u0161echny pot\u0159ebn\u00e9 informace najde U\u017eivatel v n\u00e1pov\u011bd\u011b sv\u00e9ho prohl\u00ed\u017ee\u010de. Blokov\u00e1n\u00ed v\u0161ech cookies m\u016f\u017ee zp\u016fsobit pot\u00ed\u017ee s fungov\u00e1n\u00edm nebo zcela znemo\u017enit pou\u017e\u00edv\u00e1n\u00ed n\u011bkter\u00fdch funkc\u00ed na jin\u00fdch webov\u00fdch str\u00e1nk\u00e1ch.<\/p>\t\t\t\t\t\t\t\t<\/div>\n\t\t\t\t<\/div>\n\t\t\t\t\t<\/div>\n\t\t\t\t<\/div>\n\t\t\t\t<\/div>","protected":false},"excerpt":{"rendered":"<p>Polityka prywatno\u015bci Ochrona danych osobowych w firmie AUTOMOBILE GMBH SP. Z O.O. Szanowni Pa\u0144stwo, w zwi\u0105zku z rozpocz\u0119ciem obowi\u0105zywania przepis\u00f3w [&hellip;]<\/p>\n","protected":false},"author":1,"featured_media":0,"parent":0,"menu_order":0,"comment_status":"closed","ping_status":"closed","template":"","meta":{"site-sidebar-layout":"no-sidebar","site-content-layout":"","ast-site-content-layout":"full-width-container","site-content-style":"default","site-sidebar-style":"default","ast-global-header-display":"","ast-banner-title-visibility":"disabled","ast-main-header-display":"","ast-hfb-above-header-display":"","ast-hfb-below-header-display":"","ast-hfb-mobile-header-display":"","site-post-title":"disabled","ast-breadcrumbs-content":"","ast-featured-img":"disabled","footer-sml-layout":"","ast-disable-related-posts":"","theme-transparent-header-meta":"","adv-header-id-meta":"","stick-header-meta":"","header-above-stick-meta":"","header-main-stick-meta":"","header-below-stick-meta":"","astra-migrate-meta-layouts":"default","ast-page-background-enabled":"default","ast-page-background-meta":{"desktop":{"background-color":"var(--ast-global-color-5)","background-image":"","background-repeat":"repeat","background-position":"center center","background-size":"auto","background-attachment":"scroll","background-type":"","background-media":"","overlay-type":"","overlay-color":"","overlay-opacity":"","overlay-gradient":""},"tablet":{"background-color":"","background-image":"","background-repeat":"repeat","background-position":"center center","background-size":"auto","background-attachment":"scroll","background-type":"","background-media":"","overlay-type":"","overlay-color":"","overlay-opacity":"","overlay-gradient":""},"mobile":{"background-color":"","background-image":"","background-repeat":"repeat","background-position":"center center","background-size":"auto","background-attachment":"scroll","background-type":"","background-media":"","overlay-type":"","overlay-color":"","overlay-opacity":"","overlay-gradient":""}},"ast-content-background-meta":{"desktop":{"background-color":"var(--ast-global-color-4)","background-image":"","background-repeat":"repeat","background-position":"center center","background-size":"auto","background-attachment":"scroll","background-type":"","background-media":"","overlay-type":"","overlay-color":"","overlay-opacity":"","overlay-gradient":""},"tablet":{"background-color":"var(--ast-global-color-4)","background-image":"","background-repeat":"repeat","background-position":"center center","background-size":"auto","background-attachment":"scroll","background-type":"","background-media":"","overlay-type":"","overlay-color":"","overlay-opacity":"","overlay-gradient":""},"mobile":{"background-color":"var(--ast-global-color-4)","background-image":"","background-repeat":"repeat","background-position":"center center","background-size":"auto","background-attachment":"scroll","background-type":"","background-media":"","overlay-type":"","overlay-color":"","overlay-opacity":"","overlay-gradient":""}},"footnotes":""},"class_list":["post-261","page","type-page","status-publish","hentry"],"_links":{"self":[{"href":"https:\/\/moto-parts.eu\/cs\/wp-json\/wp\/v2\/pages\/261","targetHints":{"allow":["GET"]}}],"collection":[{"href":"https:\/\/moto-parts.eu\/cs\/wp-json\/wp\/v2\/pages"}],"about":[{"href":"https:\/\/moto-parts.eu\/cs\/wp-json\/wp\/v2\/types\/page"}],"author":[{"embeddable":true,"href":"https:\/\/moto-parts.eu\/cs\/wp-json\/wp\/v2\/users\/1"}],"replies":[{"embeddable":true,"href":"https:\/\/moto-parts.eu\/cs\/wp-json\/wp\/v2\/comments?post=261"}],"version-history":[{"count":0,"href":"https:\/\/moto-parts.eu\/cs\/wp-json\/wp\/v2\/pages\/261\/revisions"}],"wp:attachment":[{"href":"https:\/\/moto-parts.eu\/cs\/wp-json\/wp\/v2\/media?parent=261"}],"curies":[{"name":"wp","href":"https:\/\/api.w.org\/{rel}","templated":true}]}}