{"id":257,"date":"2025-05-23T11:01:25","date_gmt":"2025-05-23T11:01:25","guid":{"rendered":"https:\/\/www.moto-parts.eu\/?page_id=257"},"modified":"2025-06-23T08:54:53","modified_gmt":"2025-06-23T06:54:53","slug":"zasady-vraceni","status":"publish","type":"page","link":"https:\/\/moto-parts.eu\/cs\/polityka-zwrotow\/","title":{"rendered":"Z\u00e1sady vr\u00e1cen\u00ed zbo\u017e\u00ed"},"content":{"rendered":"<div data-elementor-type=\"wp-page\" data-elementor-id=\"257\" class=\"elementor elementor-257\">\n\t\t\t\t<div class=\"elementor-element elementor-element-8fa4558 e-flex e-con-boxed e-con e-parent\" data-id=\"8fa4558\" data-element_type=\"container\" data-e-type=\"container\" data-settings=\"{&quot;background_background&quot;:&quot;classic&quot;}\">\n\t\t\t\t\t<div class=\"e-con-inner\">\n\t\t\t\t<div class=\"elementor-element elementor-element-804d0f4 elementor-widget elementor-widget-heading\" data-id=\"804d0f4\" data-element_type=\"widget\" data-e-type=\"widget\" data-widget_type=\"heading.default\">\n\t\t\t\t<div class=\"elementor-widget-container\">\n\t\t\t\t\t<h1 class=\"elementor-heading-title elementor-size-default\">Z\u00e1sady vr\u00e1cen\u00ed zbo\u017e\u00ed<\/h1>\t\t\t\t<\/div>\n\t\t\t\t<\/div>\n\t\t\t\t\t<\/div>\n\t\t\t\t<\/div>\n\t\t<div class=\"elementor-element elementor-element-403013c e-flex e-con-boxed e-con e-parent\" data-id=\"403013c\" data-element_type=\"container\" data-e-type=\"container\">\n\t\t\t\t\t<div class=\"e-con-inner\">\n\t\t\t\t<div class=\"elementor-element elementor-element-7c83923 elementor-widget elementor-widget-text-editor\" data-id=\"7c83923\" data-element_type=\"widget\" data-e-type=\"widget\" data-widget_type=\"text-editor.default\">\n\t\t\t\t<div class=\"elementor-widget-container\">\n\t\t\t\t\t\t\t\t\t<p data-pm-slice=\"1 1 []\"><strong>1. Vr\u00e1cen\u00ed pen\u011bz a p\u0159eplatk\u016f<\/strong>\u00a0<\/p><p data-pm-slice=\"1 1 []\" class=\"translation-block\">1.1. V p\u0159\u00edpad\u011b okolnost\u00ed, kter\u00e9 zavazuj\u00ed Obchod k vr\u00e1cen\u00ed \u010d\u00e1stek zaplacen\u00fdch Z\u00e1kazn\u00edkem na \u00fa\u010det Obchodu, bude vr\u00e1cen\u00ed provedeno nejpozd\u011bji do 7 pracovn\u00edch dn\u016f.<\/p><p data-pm-slice=\"1 1 []\">1.2. Pokud z\u00e1kazn\u00edk provedl platbu bankovn\u00edm p\u0159evodem, bude vr\u00e1cen\u00ed \u010d\u00e1stky provedeno na \u00fa\u010det, ze kter\u00e9ho platba prob\u011bhla, nebo na jin\u00fd \u00fa\u010det uveden\u00fd z\u00e1kazn\u00edkem.<\/p><p><strong>2. Odstoupen\u00ed od smlouvy<\/strong>\u00a0<\/p><p class=\"translation-block\">2.1. V souladu se z\u00e1konem ze dne 2. b\u0159ezna 2000 o ochran\u011b n\u011bkter\u00fdch pr\u00e1v spot\u0159ebitel\u016f a odpov\u011bdnosti za \u0161kodu zp\u016fsobenou nebezpe\u010dn\u00fdm v\u00fdrobkem m\u00e1 z\u00e1kazn\u00edk jako fyzick\u00e1 osoba, kter\u00e1 nakupuje za \u00fa\u010delem nesouvisej\u00edc\u00edm s jeho podnikatelskou nebo profesn\u00ed \u010dinnost\u00ed, pr\u00e1vo odstoupit od smlouvy bez ud\u00e1n\u00ed d\u016fvodu do 14 dn\u016f od p\u0159evzet\u00ed z\u00e1silky.<\/p><p>2.2. Pro uplatn\u011bn\u00ed pr\u00e1va na odstoupen\u00ed od smlouvy mus\u00ed z\u00e1kazn\u00edk zaslat prohl\u00e1\u0161en\u00ed o odstoupen\u00ed a vr\u00e1tit zbo\u017e\u00ed do obchodu. Vzorov\u00e9 prohl\u00e1\u0161en\u00ed je dostupn\u00e9 na str\u00e1nk\u00e1ch obchodu.\u00a0<\/p><p>2.3. Vr\u00e1cen\u00e9 zbo\u017e\u00ed mus\u00ed b\u00fdt kompletn\u00ed a v nezm\u011bn\u011bn\u00e9m stavu, pokud zm\u011bna nebyla nutn\u00e1 v r\u00e1mci b\u011b\u017en\u00e9ho u\u017e\u00edv\u00e1n\u00ed. Z\u00e1kazn\u00edk by m\u011bl se zbo\u017e\u00edm zach\u00e1zet tak, aby bylo mo\u017en\u00e9 jej p\u0159\u00edpadn\u011b vr\u00e1tit.\u00a0<\/p><p>2.4. Vr\u00e1cen\u00e9 zbo\u017e\u00ed mus\u00ed b\u00fdt zasl\u00e1no zp\u011bt na adresu Obchodu nejpozd\u011bji do 14 dn\u016f ode dne pod\u00e1n\u00ed ozn\u00e1men\u00ed o odstoupen\u00ed od smlouvy.\u00a0<strong>14 dn\u00ed<\/strong>\u00a0ode dne, kdy bylo pod\u00e1no ozn\u00e1men\u00ed o odstoupen\u00ed od smlouvy.\u00a0<\/p><p>2.5. N\u00e1klady na vr\u00e1cen\u00ed zbo\u017e\u00ed se nevracej\u00ed.\u00a0<\/p><p>2.6. Obchod vr\u00e1t\u00ed \u010d\u00e1stku za vr\u00e1cen\u00e9 zbo\u017e\u00ed do 7 pracovn\u00edch dn\u016f ode dne p\u0159ijet\u00ed vr\u00e1cen\u00ed.\u00a0<strong>7 pracovn\u00edch dn\u016f<\/strong>\u00a0od data p\u0159ijet\u00ed p\u0159izn\u00e1n\u00ed.<\/p><p><strong>3. Reklama\u010dn\u00ed podm\u00ednky<\/strong><\/p><h4>3.1. Zbo\u017e\u00ed prod\u00e1van\u00e9 v Obchod\u011b m\u016f\u017ee b\u00fdt kryto z\u00e1rukou v\u00fdrobce nebo distributora. Podm\u00ednky a d\u00e9lka z\u00e1ruky jsou uvedeny v z\u00e1ru\u010dn\u00edm listu p\u0159ilo\u017een\u00e9m k produktu.<\/h4><div><p>3.2. V p\u0159\u00edpad\u011b zji\u0161t\u011bn\u00ed vady zbo\u017e\u00ed m\u016f\u017ee z\u00e1kazn\u00edk uplatnit pr\u00e1va ze z\u00e1ruky u garanta (v\u00fdrobce nebo distributora) nebo uplatnit n\u00e1roky z nesouladu zbo\u017e\u00ed se smlouvou.<\/p><p>3.3. V p\u0159\u00edpad\u011b reklamace by m\u011bl z\u00e1kazn\u00edk zaslat zbo\u017e\u00ed na adresu Obchodu spolu s dokladem o koupi a popisem reklamace (reklama\u010dn\u00ed formul\u00e1\u0159 je dostupn\u00fd na webu Obchodu).\u00a0<\/p><p>3.4. Obchod vy\u0159\u00edd\u00ed reklamaci do 14 dn\u016f od obdr\u017een\u00ed ozn\u00e1men\u00ed. Z\u00e1kazn\u00edk bude o v\u00fdsledku informov\u00e1n e-mailem.\u00a0<strong>14 dn\u00ed<\/strong>\u00a0od data p\u0159ijet\u00ed st\u00ed\u017enosti. Z\u00e1kazn\u00edk bude o v\u00fdsledku reklamace informov\u00e1n e-mailem.\u00a0<\/p><p>3.5. Pokud je reklamace uzn\u00e1na, Obchod v\u00fdrobek oprav\u00ed, vym\u011bn\u00ed za nov\u00fd nebo vr\u00e1t\u00ed z\u00e1kazn\u00edkovi kupn\u00ed cenu. N\u00e1klady na vr\u00e1cen\u00ed zbo\u017e\u00ed budou uhrazeny po kladn\u00e9m vy\u0159\u00edzen\u00ed reklamace.\u00a0<\/p><p><strong>4 Kontakt pro vr\u00e1cen\u00ed zbo\u017e\u00ed a reklamace<\/strong>\u00a0Ve\u0161ker\u00e9 dotazy t\u00fdkaj\u00edc\u00ed se vr\u00e1cen\u00ed zbo\u017e\u00ed a st\u00ed\u017enost\u00ed m\u016f\u017eete sm\u011b\u0159ovat na z\u00e1kaznick\u00fd servis:<br \/><strong>Podrobnosti o spole\u010dnosti:\u00a0<\/strong>AUTOMOBILE GMBH SP. Z O.O. , ul. Grunwaldzka 7 08-110 Siedlce;<br \/><strong>E-mail:<\/strong>\u00a0info@www.moto-parts.eu<br \/><strong>Telefon:<\/strong> +48 503 062 914.<\/p><p class=\"translation-block\">Tato <strong>Reklama\u010dn\u00ed politika<\/strong> je platn\u00e1 od <strong>2. \u010dervna 2025<\/strong> a tvo\u0159\u00ed ned\u00edlnou sou\u010d\u00e1st Obchodn\u00edch podm\u00ednek obchodu.<\/p><\/div>\t\t\t\t\t\t\t\t<\/div>\n\t\t\t\t<\/div>\n\t\t\t\t\t<\/div>\n\t\t\t\t<\/div>\n\t\t\t\t<\/div>","protected":false},"excerpt":{"rendered":"<p>Polityka zwrot\u00f3w 1. Zwrot nale\u017cno\u015bci Klientom i nadp\u0142aty\u00a0 1.1. W przypadku zaistnienia okoliczno\u015bci zobowi\u0105zuj\u0105cych Sklep do zwrotu nale\u017cno\u015bci wp\u0142aconych przez [&hellip;]<\/p>\n","protected":false},"author":1,"featured_media":0,"parent":0,"menu_order":0,"comment_status":"closed","ping_status":"closed","template":"","meta":{"site-sidebar-layout":"no-sidebar","site-content-layout":"","ast-site-content-layout":"full-width-container","site-content-style":"default","site-sidebar-style":"default","ast-global-header-display":"","ast-banner-title-visibility":"disabled","ast-main-header-display":"","ast-hfb-above-header-display":"","ast-hfb-below-header-display":"","ast-hfb-mobile-header-display":"","site-post-title":"disabled","ast-breadcrumbs-content":"","ast-featured-img":"disabled","footer-sml-layout":"","ast-disable-related-posts":"","theme-transparent-header-meta":"","adv-header-id-meta":"","stick-header-meta":"","header-above-stick-meta":"","header-main-stick-meta":"","header-below-stick-meta":"","astra-migrate-meta-layouts":"default","ast-page-background-enabled":"default","ast-page-background-meta":{"desktop":{"background-color":"var(--ast-global-color-5)","background-image":"","background-repeat":"repeat","background-position":"center center","background-size":"auto","background-attachment":"scroll","background-type":"","background-media":"","overlay-type":"","overlay-color":"","overlay-opacity":"","overlay-gradient":""},"tablet":{"background-color":"","background-image":"","background-repeat":"repeat","background-position":"center center","background-size":"auto","background-attachment":"scroll","background-type":"","background-media":"","overlay-type":"","overlay-color":"","overlay-opacity":"","overlay-gradient":""},"mobile":{"background-color":"","background-image":"","background-repeat":"repeat","background-position":"center center","background-size":"auto","background-attachment":"scroll","background-type":"","background-media":"","overlay-type":"","overlay-color":"","overlay-opacity":"","overlay-gradient":""}},"ast-content-background-meta":{"desktop":{"background-color":"var(--ast-global-color-4)","background-image":"","background-repeat":"repeat","background-position":"center center","background-size":"auto","background-attachment":"scroll","background-type":"","background-media":"","overlay-type":"","overlay-color":"","overlay-opacity":"","overlay-gradient":""},"tablet":{"background-color":"var(--ast-global-color-4)","background-image":"","background-repeat":"repeat","background-position":"center center","background-size":"auto","background-attachment":"scroll","background-type":"","background-media":"","overlay-type":"","overlay-color":"","overlay-opacity":"","overlay-gradient":""},"mobile":{"background-color":"var(--ast-global-color-4)","background-image":"","background-repeat":"repeat","background-position":"center center","background-size":"auto","background-attachment":"scroll","background-type":"","background-media":"","overlay-type":"","overlay-color":"","overlay-opacity":"","overlay-gradient":""}},"footnotes":""},"class_list":["post-257","page","type-page","status-publish","hentry"],"_links":{"self":[{"href":"https:\/\/moto-parts.eu\/cs\/wp-json\/wp\/v2\/pages\/257","targetHints":{"allow":["GET"]}}],"collection":[{"href":"https:\/\/moto-parts.eu\/cs\/wp-json\/wp\/v2\/pages"}],"about":[{"href":"https:\/\/moto-parts.eu\/cs\/wp-json\/wp\/v2\/types\/page"}],"author":[{"embeddable":true,"href":"https:\/\/moto-parts.eu\/cs\/wp-json\/wp\/v2\/users\/1"}],"replies":[{"embeddable":true,"href":"https:\/\/moto-parts.eu\/cs\/wp-json\/wp\/v2\/comments?post=257"}],"version-history":[{"count":0,"href":"https:\/\/moto-parts.eu\/cs\/wp-json\/wp\/v2\/pages\/257\/revisions"}],"wp:attachment":[{"href":"https:\/\/moto-parts.eu\/cs\/wp-json\/wp\/v2\/media?parent=257"}],"curies":[{"name":"wp","href":"https:\/\/api.w.org\/{rel}","templated":true}]}}