{"id":255,"date":"2025-05-23T11:01:16","date_gmt":"2025-05-23T11:01:16","guid":{"rendered":"https:\/\/www.moto-parts.eu\/?page_id=255"},"modified":"2025-06-20T20:44:42","modified_gmt":"2025-06-20T18:44:42","slug":"doprava-a-naklady","status":"publish","type":"page","link":"https:\/\/moto-parts.eu\/cs\/dostawa-i-koszty\/","title":{"rendered":"Doru\u010den\u00ed a n\u00e1klady"},"content":{"rendered":"<div data-elementor-type=\"wp-page\" data-elementor-id=\"255\" class=\"elementor elementor-255\">\n\t\t\t\t<div class=\"elementor-element elementor-element-940de7a e-flex e-con-boxed e-con e-parent\" data-id=\"940de7a\" data-element_type=\"container\" data-e-type=\"container\">\n\t\t\t\t\t<div class=\"e-con-inner\">\n\t\t\t\t<div class=\"elementor-element elementor-element-1f64d88 elementor-widget elementor-widget-heading\" data-id=\"1f64d88\" data-element_type=\"widget\" data-e-type=\"widget\" data-widget_type=\"heading.default\">\n\t\t\t\t<div class=\"elementor-widget-container\">\n\t\t\t\t\t<h1 class=\"elementor-heading-title elementor-size-default\">Doru\u010den\u00ed a n\u00e1klady<\/h1>\t\t\t\t<\/div>\n\t\t\t\t<\/div>\n\t\t\t\t\t<\/div>\n\t\t\t\t<\/div>\n\t\t<div class=\"elementor-element elementor-element-c820ee8 e-flex e-con-boxed e-con e-parent\" data-id=\"c820ee8\" data-element_type=\"container\" data-e-type=\"container\">\n\t\t\t\t\t<div class=\"e-con-inner\">\n\t\t\t\t<div class=\"elementor-element elementor-element-bb6cd8f elementor-widget elementor-widget-text-editor\" data-id=\"bb6cd8f\" data-element_type=\"widget\" data-e-type=\"widget\" data-widget_type=\"text-editor.default\">\n\t\t\t\t<div class=\"elementor-widget-container\">\n\t\t\t\t\t\t\t\t\t<h4>DOBA VY\u0158\u00cdZEN\u00cd OBJEDN\u00c1VKY<\/h4><p class=\"translation-block\">Ihned po odesl\u00e1n\u00ed objedn\u00e1vky obdr\u017e\u00edte e-mail s potvrzen\u00edm a odkazem, na kter\u00fd je t\u0159eba kliknout. Po p\u0159ijet\u00ed potvrzen\u00ed za\u010d\u00edn\u00e1me s vy\u0159izov\u00e1n\u00edm objedn\u00e1vky a budete pr\u016fb\u011b\u017en\u011b informov\u00e1ni o jej\u00edm stavu.\nDatum doru\u010den\u00ed z\u00e1silky = datum odesl\u00e1n\u00ed + doba doru\u010den\u00ed\nDatum odesl\u00e1n\u00ed z\u00e1vis\u00ed na dostupnosti produkt\u016f a zvolen\u00e9m zp\u016fsobu platby, zat\u00edmco doba doru\u010den\u00ed z\u00e1vis\u00ed na zvolen\u00e9m zp\u016fsobu dopravy.<\/p><h5>\u00a0<\/h5><h4>DOSTUPNOST PRODUKT\u016e<\/h4><p>U ka\u017ed\u00e9ho produktu je uveden odhadovan\u00fd term\u00edn, kdy m\u016f\u017ee b\u00fdt odesl\u00e1n. Usilujeme o to, aby nab\u00eddka na webu odpov\u00eddala re\u00e1ln\u00e9mu stavu skladu, m\u016f\u017ee se v\u0161ak st\u00e1t, \u017ee se doba dod\u00e1n\u00ed prodlou\u017e\u00ed \u2014 v takov\u00e9m p\u0159\u00edpad\u011b v\u00e1s budeme neprodlen\u011b informovat.\nPokud objedn\u00e1v\u00e1te v\u00edce produkt\u016f, doba odesl\u00e1n\u00ed cel\u00e9 objedn\u00e1vky se p\u0159izp\u016fsobuje produktu s nejdel\u0161\u00ed dobou odesl\u00e1n\u00ed. Objedn\u00e1vku je mo\u017en\u00e9 rozd\u011blit na v\u00edce \u010d\u00e1st\u00ed \u2014 v tom p\u0159\u00edpad\u011b n\u00e1s kontaktujte nebo uve\u010fte pozn\u00e1mku v objedn\u00e1vce.<\/p><h5>\u00a0<\/h5><h4>ZP\u016eSOB PLATBY<\/h4><p class=\"translation-block\"><b>Bankovn\u00ed p\u0159evod <\/b>\u2013 doba vy\u0159\u00edzen\u00ed objedn\u00e1vky z\u00e1vis\u00ed na p\u0159ips\u00e1n\u00ed platby na n\u00e1\u0161 \u00fa\u010det. Podle banky to obvykle trv\u00e1 a\u017e dva pracovn\u00ed dny.<\/p><p class=\"translation-block\"><b>Przelewy24 <\/b>\u2013 nejpohodln\u011bj\u0161\u00ed a velmi rychl\u00fd zp\u016fsob platby. B\u011bhem pracovn\u00ed doby jsou pen\u00edze na n\u00e1\u0161 \u00fa\u010det p\u0159ips\u00e1ny v\u011bt\u0161inou okam\u017eit\u011b.<\/p><h5>\u00a0<\/h5><h4>ZP\u016eSOB DORU\u010cEN\u00cd<\/h4><p>V Polsku doraz\u00ed z\u00e1silka zaslan\u00e1 kur\u00fdrem obvykle do 1\u20132 pracovn\u00edch dn\u016f od odesl\u00e1n\u00ed.\u00a0<\/p><p>V r\u00e1mci Evropsk\u00e9 unie trv\u00e1 doru\u010den\u00ed 4\u20135 pracovn\u00edch dn\u016f od odesl\u00e1n\u00ed.<\/p><div data-id=\"b58160d\" data-element_type=\"widget\" data-widget_type=\"text-editor.default\"><table><tbody><tr><td><strong>Dopravce<\/strong><\/td><td><strong>Cena dopravy<\/strong><\/td><td><strong>Zp\u016fsob platby<\/strong><\/td><\/tr><tr><td>Polsko<\/td><td>20 z\u0142<\/td><td>Kur\u00fdr \u2013 platba p\u0159edem<\/td><\/tr><tr><td>Polsko<\/td><td>25 z\u0142<\/td><td>Kur\u00fdr \u2013 dob\u00edrka<\/td><\/tr><tr><td>Evropsk\u00e1 unie\u00a0<\/td><td>15 eur<\/td><td>Kur\u00fdr \u2013 platba p\u0159edem<\/td><\/tr><tr><td>Ostatn\u00ed zem\u011b\u00a0<\/td><td>Individu\u00e1ln\u00ed cena<\/td><td>Kur\u00fdr \u2013 platba p\u0159edem<\/td><\/tr><\/tbody><\/table><\/div>\t\t\t\t\t\t\t\t<\/div>\n\t\t\t\t<\/div>\n\t\t\t\t\t<\/div>\n\t\t\t\t<\/div>\n\t\t\t\t<\/div>","protected":false},"excerpt":{"rendered":"<p>Dostawa i koszty CZAS REALIZACJI ZAM\u00d3WIENIA Natychmiast po z\u0142o\u017ceniu przez Ciebie zam\u00f3wienia otrzymasz e-mail z potwierdzeniem z\u0142o\u017conego zam\u00f3wienia i linkiem, [&hellip;]<\/p>\n","protected":false},"author":1,"featured_media":0,"parent":0,"menu_order":0,"comment_status":"closed","ping_status":"closed","template":"","meta":{"site-sidebar-layout":"no-sidebar","site-content-layout":"","ast-site-content-layout":"full-width-container","site-content-style":"default","site-sidebar-style":"default","ast-global-header-display":"","ast-banner-title-visibility":"disabled","ast-main-header-display":"","ast-hfb-above-header-display":"","ast-hfb-below-header-display":"","ast-hfb-mobile-header-display":"","site-post-title":"disabled","ast-breadcrumbs-content":"","ast-featured-img":"disabled","footer-sml-layout":"","ast-disable-related-posts":"","theme-transparent-header-meta":"","adv-header-id-meta":"","stick-header-meta":"","header-above-stick-meta":"","header-main-stick-meta":"","header-below-stick-meta":"","astra-migrate-meta-layouts":"default","ast-page-background-enabled":"default","ast-page-background-meta":{"desktop":{"background-color":"var(--ast-global-color-5)","background-image":"","background-repeat":"repeat","background-position":"center center","background-size":"auto","background-attachment":"scroll","background-type":"","background-media":"","overlay-type":"","overlay-color":"","overlay-opacity":"","overlay-gradient":""},"tablet":{"background-color":"","background-image":"","background-repeat":"repeat","background-position":"center center","background-size":"auto","background-attachment":"scroll","background-type":"","background-media":"","overlay-type":"","overlay-color":"","overlay-opacity":"","overlay-gradient":""},"mobile":{"background-color":"","background-image":"","background-repeat":"repeat","background-position":"center center","background-size":"auto","background-attachment":"scroll","background-type":"","background-media":"","overlay-type":"","overlay-color":"","overlay-opacity":"","overlay-gradient":""}},"ast-content-background-meta":{"desktop":{"background-color":"var(--ast-global-color-4)","background-image":"","background-repeat":"repeat","background-position":"center center","background-size":"auto","background-attachment":"scroll","background-type":"","background-media":"","overlay-type":"","overlay-color":"","overlay-opacity":"","overlay-gradient":""},"tablet":{"background-color":"var(--ast-global-color-4)","background-image":"","background-repeat":"repeat","background-position":"center center","background-size":"auto","background-attachment":"scroll","background-type":"","background-media":"","overlay-type":"","overlay-color":"","overlay-opacity":"","overlay-gradient":""},"mobile":{"background-color":"var(--ast-global-color-4)","background-image":"","background-repeat":"repeat","background-position":"center center","background-size":"auto","background-attachment":"scroll","background-type":"","background-media":"","overlay-type":"","overlay-color":"","overlay-opacity":"","overlay-gradient":""}},"footnotes":""},"class_list":["post-255","page","type-page","status-publish","hentry"],"_links":{"self":[{"href":"https:\/\/moto-parts.eu\/cs\/wp-json\/wp\/v2\/pages\/255","targetHints":{"allow":["GET"]}}],"collection":[{"href":"https:\/\/moto-parts.eu\/cs\/wp-json\/wp\/v2\/pages"}],"about":[{"href":"https:\/\/moto-parts.eu\/cs\/wp-json\/wp\/v2\/types\/page"}],"author":[{"embeddable":true,"href":"https:\/\/moto-parts.eu\/cs\/wp-json\/wp\/v2\/users\/1"}],"replies":[{"embeddable":true,"href":"https:\/\/moto-parts.eu\/cs\/wp-json\/wp\/v2\/comments?post=255"}],"version-history":[{"count":0,"href":"https:\/\/moto-parts.eu\/cs\/wp-json\/wp\/v2\/pages\/255\/revisions"}],"wp:attachment":[{"href":"https:\/\/moto-parts.eu\/cs\/wp-json\/wp\/v2\/media?parent=255"}],"curies":[{"name":"wp","href":"https:\/\/api.w.org\/{rel}","templated":true}]}}