{"id":25,"date":"2025-05-21T11:16:10","date_gmt":"2025-05-21T11:16:10","guid":{"rendered":"https:\/\/www.moto-parts.eu\/?page_id=25"},"modified":"2025-06-24T08:40:53","modified_gmt":"2025-06-24T06:40:53","slug":"strona-glowna","status":"publish","type":"page","link":"https:\/\/moto-parts.eu\/cs\/","title":{"rendered":"Domovsk\u00e1 str\u00e1nka"},"content":{"rendered":"<div data-elementor-type=\"wp-page\" data-elementor-id=\"25\" class=\"elementor elementor-25\">\n\t\t\t\t<div class=\"elementor-element elementor-element-c9786fa e-flex e-con-boxed e-con e-parent\" data-id=\"c9786fa\" data-element_type=\"container\" data-e-type=\"container\">\n\t\t\t\t\t<div class=\"e-con-inner\">\n\t\t\t\t<div class=\"elementor-element elementor-element-9508365 elementor-widget elementor-widget-heading\" data-id=\"9508365\" data-element_type=\"widget\" data-e-type=\"widget\" data-widget_type=\"heading.default\">\n\t\t\t\t<div class=\"elementor-widget-container\">\n\t\t\t\t\t<h1 class=\"elementor-heading-title elementor-size-default\"> Dovozce nov\u00fdch origin\u00e1ln\u00edch d\u00edl\u016f pro motocykly Honda<\/h1>\t\t\t\t<\/div>\n\t\t\t\t<\/div>\n\t\t\t\t\t<\/div>\n\t\t\t\t<\/div>\n\t\t<div class=\"elementor-element elementor-element-1daaeeb e-flex e-con-boxed e-con e-parent\" data-id=\"1daaeeb\" data-element_type=\"container\" data-e-type=\"container\">\n\t\t\t\t\t<div class=\"e-con-inner\">\n\t\t<div class=\"elementor-element elementor-element-7589d51 e-grid e-con-full e-con e-child\" data-id=\"7589d51\" data-element_type=\"container\" data-e-type=\"container\">\n\t\t\t\t<div class=\"elementor-element elementor-element-afdea3f elementor-position-top elementor-widget elementor-widget-image-box\" data-id=\"afdea3f\" data-element_type=\"widget\" data-e-type=\"widget\" data-widget_type=\"image-box.default\">\n\t\t\t\t<div class=\"elementor-widget-container\">\n\t\t\t\t\t<div class=\"elementor-image-box-wrapper\"><figure class=\"elementor-image-box-img\"><a href=\"https:\/\/moto-parts.eu\/cs\/kategorie-produktu\/online-obchod\/honda-crf-1100-africa-twin\/\" tabindex=\"-1\"><img fetchpriority=\"high\" decoding=\"async\" width=\"1000\" height=\"563\" src=\"https:\/\/moto-parts.eu\/wp-content\/uploads\/2025\/05\/image-2.webp\" class=\"elementor-animation-shrink attachment-full size-full wp-image-93\" alt=\"\" srcset=\"https:\/\/moto-parts.eu\/wp-content\/uploads\/2025\/05\/image-2.webp 1000w, https:\/\/moto-parts.eu\/wp-content\/uploads\/2025\/05\/image-2-300x169.webp 300w, https:\/\/moto-parts.eu\/wp-content\/uploads\/2025\/05\/image-2-768x432.webp 768w, https:\/\/moto-parts.eu\/wp-content\/uploads\/2025\/05\/image-2-18x10.webp 18w, https:\/\/moto-parts.eu\/wp-content\/uploads\/2025\/05\/image-2-500x282.webp 500w, https:\/\/moto-parts.eu\/wp-content\/uploads\/2025\/05\/image-2-600x338.webp 600w, https:\/\/moto-parts.eu\/wp-content\/uploads\/2025\/05\/image-2-100x56.webp 100w, https:\/\/moto-parts.eu\/wp-content\/uploads\/2025\/05\/image-2-64x36.webp 64w\" sizes=\"(max-width: 1000px) 100vw, 1000px\" \/><\/a><\/figure><div class=\"elementor-image-box-content\"><h3 class=\"elementor-image-box-title\"><a href=\"https:\/\/moto-parts.eu\/cs\/kategorie-produktu\/online-obchod\/honda-crf-1100-africa-twin\/\">HONDA CRF 1100 Africa Twin<\/a><\/h3><\/div><\/div>\t\t\t\t<\/div>\n\t\t\t\t<\/div>\n\t\t\t\t<div class=\"elementor-element elementor-element-5b3cf53 elementor-position-top elementor-widget elementor-widget-image-box\" data-id=\"5b3cf53\" data-element_type=\"widget\" data-e-type=\"widget\" data-widget_type=\"image-box.default\">\n\t\t\t\t<div class=\"elementor-widget-container\">\n\t\t\t\t\t<div class=\"elementor-image-box-wrapper\"><figure class=\"elementor-image-box-img\"><a href=\"https:\/\/moto-parts.eu\/cs\/kategorie-produktu\/honda-crf-1000-africa-twin\/\" tabindex=\"-1\"><img decoding=\"async\" width=\"720\" height=\"405\" src=\"https:\/\/moto-parts.eu\/wp-content\/uploads\/2025\/06\/vvrrm_r-4444.png\" class=\"elementor-animation-shrink attachment-full size-full wp-image-8069\" alt=\"\" srcset=\"https:\/\/moto-parts.eu\/wp-content\/uploads\/2025\/06\/vvrrm_r-4444.png 720w, https:\/\/moto-parts.eu\/wp-content\/uploads\/2025\/06\/vvrrm_r-4444-300x169.png 300w, https:\/\/moto-parts.eu\/wp-content\/uploads\/2025\/06\/vvrrm_r-4444-18x10.png 18w, https:\/\/moto-parts.eu\/wp-content\/uploads\/2025\/06\/vvrrm_r-4444-500x281.png 500w, https:\/\/moto-parts.eu\/wp-content\/uploads\/2025\/06\/vvrrm_r-4444-600x338.png 600w, https:\/\/moto-parts.eu\/wp-content\/uploads\/2025\/06\/vvrrm_r-4444-100x56.png 100w, https:\/\/moto-parts.eu\/wp-content\/uploads\/2025\/06\/vvrrm_r-4444-64x36.png 64w\" sizes=\"(max-width: 720px) 100vw, 720px\" \/><\/a><\/figure><div class=\"elementor-image-box-content\"><h3 class=\"elementor-image-box-title\"><a href=\"https:\/\/moto-parts.eu\/cs\/kategorie-produktu\/honda-crf-1000-africa-twin\/\">HONDA CRF 1000 Africa Twin<\/a><\/h3><\/div><\/div>\t\t\t\t<\/div>\n\t\t\t\t<\/div>\n\t\t\t\t<div class=\"elementor-element elementor-element-25afdb1 elementor-position-top elementor-widget elementor-widget-image-box\" data-id=\"25afdb1\" data-element_type=\"widget\" data-e-type=\"widget\" data-widget_type=\"image-box.default\">\n\t\t\t\t<div class=\"elementor-widget-container\">\n\t\t\t\t\t<div class=\"elementor-image-box-wrapper\"><figure class=\"elementor-image-box-img\"><a href=\"https:\/\/moto-parts.eu\/cs\/kategorie-produktu\/honda-nt-1100\/\" tabindex=\"-1\"><img decoding=\"async\" width=\"2050\" height=\"1216\" src=\"https:\/\/moto-parts.eu\/wp-content\/uploads\/2025\/05\/2025-nt1100-dct-pearl_hawkeye_blue-gallery-01.avif\" class=\"elementor-animation-shrink attachment-full size-full wp-image-92\" alt=\"\" srcset=\"https:\/\/moto-parts.eu\/wp-content\/uploads\/2025\/05\/2025-nt1100-dct-pearl_hawkeye_blue-gallery-01.avif 2050w, https:\/\/moto-parts.eu\/wp-content\/uploads\/2025\/05\/2025-nt1100-dct-pearl_hawkeye_blue-gallery-01-300x178.avif 300w, https:\/\/moto-parts.eu\/wp-content\/uploads\/2025\/05\/2025-nt1100-dct-pearl_hawkeye_blue-gallery-01-1024x607.avif 1024w, https:\/\/moto-parts.eu\/wp-content\/uploads\/2025\/05\/2025-nt1100-dct-pearl_hawkeye_blue-gallery-01-768x456.avif 768w, https:\/\/moto-parts.eu\/wp-content\/uploads\/2025\/05\/2025-nt1100-dct-pearl_hawkeye_blue-gallery-01-1536x911.avif 1536w, https:\/\/moto-parts.eu\/wp-content\/uploads\/2025\/05\/2025-nt1100-dct-pearl_hawkeye_blue-gallery-01-2048x1215.avif 2048w, https:\/\/moto-parts.eu\/wp-content\/uploads\/2025\/05\/2025-nt1100-dct-pearl_hawkeye_blue-gallery-01-18x12.avif 18w, https:\/\/moto-parts.eu\/wp-content\/uploads\/2025\/05\/2025-nt1100-dct-pearl_hawkeye_blue-gallery-01-500x297.avif 500w, https:\/\/moto-parts.eu\/wp-content\/uploads\/2025\/05\/2025-nt1100-dct-pearl_hawkeye_blue-gallery-01-600x356.avif 600w, https:\/\/moto-parts.eu\/wp-content\/uploads\/2025\/05\/2025-nt1100-dct-pearl_hawkeye_blue-gallery-01-100x59.avif 100w, https:\/\/moto-parts.eu\/wp-content\/uploads\/2025\/05\/2025-nt1100-dct-pearl_hawkeye_blue-gallery-01-64x38.avif 64w\" sizes=\"(max-width: 2050px) 100vw, 2050px\" \/><\/a><\/figure><div class=\"elementor-image-box-content\"><h3 class=\"elementor-image-box-title\"><a href=\"https:\/\/moto-parts.eu\/cs\/kategorie-produktu\/honda-nt-1100\/\">HONDA NT 1100<\/a><\/h3><\/div><\/div>\t\t\t\t<\/div>\n\t\t\t\t<\/div>\n\t\t\t\t<div class=\"elementor-element elementor-element-5a7c7dc elementor-position-top elementor-widget elementor-widget-image-box\" data-id=\"5a7c7dc\" data-element_type=\"widget\" data-e-type=\"widget\" data-widget_type=\"image-box.default\">\n\t\t\t\t<div class=\"elementor-widget-container\">\n\t\t\t\t\t<div class=\"elementor-image-box-wrapper\"><figure class=\"elementor-image-box-img\"><a href=\"https:\/\/moto-parts.eu\/cs\/kategorie-produktu\/honda-xl-750-transalp\/\" tabindex=\"-1\"><img loading=\"lazy\" decoding=\"async\" width=\"720\" height=\"405\" src=\"https:\/\/moto-parts.eu\/wp-content\/uploads\/2025\/06\/ctranslap.png\" class=\"elementor-animation-shrink attachment-full size-full wp-image-8066\" alt=\"\" srcset=\"https:\/\/moto-parts.eu\/wp-content\/uploads\/2025\/06\/ctranslap.png 720w, https:\/\/moto-parts.eu\/wp-content\/uploads\/2025\/06\/ctranslap-300x169.png 300w, https:\/\/moto-parts.eu\/wp-content\/uploads\/2025\/06\/ctranslap-18x10.png 18w, https:\/\/moto-parts.eu\/wp-content\/uploads\/2025\/06\/ctranslap-500x281.png 500w, https:\/\/moto-parts.eu\/wp-content\/uploads\/2025\/06\/ctranslap-600x338.png 600w, https:\/\/moto-parts.eu\/wp-content\/uploads\/2025\/06\/ctranslap-100x56.png 100w, https:\/\/moto-parts.eu\/wp-content\/uploads\/2025\/06\/ctranslap-64x36.png 64w\" sizes=\"(max-width: 720px) 100vw, 720px\" \/><\/a><\/figure><div class=\"elementor-image-box-content\"><h3 class=\"elementor-image-box-title\"><a href=\"https:\/\/moto-parts.eu\/cs\/kategorie-produktu\/honda-xl-750-transalp\/\">HONDA XL 750 Transalp<\/a><\/h3><\/div><\/div>\t\t\t\t<\/div>\n\t\t\t\t<\/div>\n\t\t\t\t<div class=\"elementor-element elementor-element-0d7e2a5 elementor-position-top elementor-widget elementor-widget-image-box\" data-id=\"0d7e2a5\" data-element_type=\"widget\" data-e-type=\"widget\" data-widget_type=\"image-box.default\">\n\t\t\t\t<div class=\"elementor-widget-container\">\n\t\t\t\t\t<div class=\"elementor-image-box-wrapper\"><figure class=\"elementor-image-box-img\"><a href=\"https:\/\/moto-parts.eu\/cs\/kategorie-produktu\/online-obchod\/honda-cbr-1000-rr-fireblade\/\" tabindex=\"-1\"><img loading=\"lazy\" decoding=\"async\" width=\"720\" height=\"405\" src=\"https:\/\/moto-parts.eu\/wp-content\/uploads\/2025\/06\/rcbr.png\" class=\"elementor-animation-shrink attachment-full size-full wp-image-8064\" alt=\"\" srcset=\"https:\/\/moto-parts.eu\/wp-content\/uploads\/2025\/06\/rcbr.png 720w, https:\/\/moto-parts.eu\/wp-content\/uploads\/2025\/06\/rcbr-300x169.png 300w, https:\/\/moto-parts.eu\/wp-content\/uploads\/2025\/06\/rcbr-18x10.png 18w, https:\/\/moto-parts.eu\/wp-content\/uploads\/2025\/06\/rcbr-500x281.png 500w, https:\/\/moto-parts.eu\/wp-content\/uploads\/2025\/06\/rcbr-600x338.png 600w, https:\/\/moto-parts.eu\/wp-content\/uploads\/2025\/06\/rcbr-100x56.png 100w, https:\/\/moto-parts.eu\/wp-content\/uploads\/2025\/06\/rcbr-64x36.png 64w\" sizes=\"(max-width: 720px) 100vw, 720px\" \/><\/a><\/figure><div class=\"elementor-image-box-content\"><h3 class=\"elementor-image-box-title\"><a href=\"https:\/\/moto-parts.eu\/cs\/kategorie-produktu\/online-obchod\/honda-cbr-1000-rr-fireblade\/\">honda CBR 1000 RR-R Fireblade<\/a><\/h3><\/div><\/div>\t\t\t\t<\/div>\n\t\t\t\t<\/div>\n\t\t\t\t<div class=\"elementor-element elementor-element-7206a5e elementor-position-top elementor-widget elementor-widget-image-box\" data-id=\"7206a5e\" data-element_type=\"widget\" data-e-type=\"widget\" data-widget_type=\"image-box.default\">\n\t\t\t\t<div class=\"elementor-widget-container\">\n\t\t\t\t\t<div class=\"elementor-image-box-wrapper\"><figure class=\"elementor-image-box-img\"><a href=\"https:\/\/moto-parts.eu\/cs\/kategorie-produktu\/honda-x-adv-750\/\" tabindex=\"-1\"><img loading=\"lazy\" decoding=\"async\" width=\"624\" height=\"351\" src=\"https:\/\/moto-parts.eu\/wp-content\/uploads\/2025\/06\/4HONDA-X-ADV.png\" class=\"elementor-animation-shrink attachment-full size-full wp-image-8063\" alt=\"\" srcset=\"https:\/\/moto-parts.eu\/wp-content\/uploads\/2025\/06\/4HONDA-X-ADV.png 624w, https:\/\/moto-parts.eu\/wp-content\/uploads\/2025\/06\/4HONDA-X-ADV-300x169.png 300w, https:\/\/moto-parts.eu\/wp-content\/uploads\/2025\/06\/4HONDA-X-ADV-18x10.png 18w, https:\/\/moto-parts.eu\/wp-content\/uploads\/2025\/06\/4HONDA-X-ADV-500x281.png 500w, https:\/\/moto-parts.eu\/wp-content\/uploads\/2025\/06\/4HONDA-X-ADV-600x338.png 600w, https:\/\/moto-parts.eu\/wp-content\/uploads\/2025\/06\/4HONDA-X-ADV-100x56.png 100w, https:\/\/moto-parts.eu\/wp-content\/uploads\/2025\/06\/4HONDA-X-ADV-64x36.png 64w\" sizes=\"(max-width: 624px) 100vw, 624px\" \/><\/a><\/figure><div class=\"elementor-image-box-content\"><h3 class=\"elementor-image-box-title\"><a href=\"https:\/\/moto-parts.eu\/cs\/kategorie-produktu\/honda-x-adv-750\/\">HONDA X-ADV 750<\/a><\/h3><\/div><\/div>\t\t\t\t<\/div>\n\t\t\t\t<\/div>\n\t\t\t\t<div class=\"elementor-element elementor-element-12e551c elementor-position-top elementor-widget elementor-widget-image-box\" data-id=\"12e551c\" data-element_type=\"widget\" data-e-type=\"widget\" data-widget_type=\"image-box.default\">\n\t\t\t\t<div class=\"elementor-widget-container\">\n\t\t\t\t\t<div class=\"elementor-image-box-wrapper\"><figure class=\"elementor-image-box-img\"><a href=\"https:\/\/moto-parts.eu\/cs\/kategorie-produktu\/online-obchod\/ostatni\/\" tabindex=\"-1\"><img loading=\"lazy\" decoding=\"async\" width=\"720\" height=\"409\" src=\"https:\/\/moto-parts.eu\/wp-content\/uploads\/2025\/06\/xpozostale.png\" class=\"elementor-animation-shrink attachment-full size-full wp-image-8067\" alt=\"\" srcset=\"https:\/\/moto-parts.eu\/wp-content\/uploads\/2025\/06\/xpozostale.png 720w, https:\/\/moto-parts.eu\/wp-content\/uploads\/2025\/06\/xpozostale-300x170.png 300w, https:\/\/moto-parts.eu\/wp-content\/uploads\/2025\/06\/xpozostale-18x10.png 18w, https:\/\/moto-parts.eu\/wp-content\/uploads\/2025\/06\/xpozostale-500x284.png 500w, https:\/\/moto-parts.eu\/wp-content\/uploads\/2025\/06\/xpozostale-600x341.png 600w, https:\/\/moto-parts.eu\/wp-content\/uploads\/2025\/06\/xpozostale-100x57.png 100w, https:\/\/moto-parts.eu\/wp-content\/uploads\/2025\/06\/xpozostale-64x36.png 64w\" sizes=\"(max-width: 720px) 100vw, 720px\" \/><\/a><\/figure><div class=\"elementor-image-box-content\"><h3 class=\"elementor-image-box-title\"><a href=\"https:\/\/moto-parts.eu\/cs\/kategorie-produktu\/online-obchod\/ostatni\/\">Ostatn\u00ed<\/a><\/h3><\/div><\/div>\t\t\t\t<\/div>\n\t\t\t\t<\/div>\n\t\t\t\t<\/div>\n\t\t\t\t\t<\/div>\n\t\t\t\t<\/div>\n\t\t<div class=\"elementor-element elementor-element-4027238 e-flex e-con-boxed e-con e-parent\" data-id=\"4027238\" data-element_type=\"container\" data-e-type=\"container\" data-settings=\"{&quot;background_background&quot;:&quot;classic&quot;}\">\n\t\t\t\t\t<div class=\"e-con-inner\">\n\t\t<div class=\"elementor-element elementor-element-36de76b e-grid e-con-full e-con e-child\" data-id=\"36de76b\" data-element_type=\"container\" data-e-type=\"container\">\n\t\t\t\t<div class=\"elementor-element elementor-element-a8c1297 elementor-position-top elementor-invisible elementor-widget elementor-widget-image-box\" data-id=\"a8c1297\" data-element_type=\"widget\" data-e-type=\"widget\" data-settings=\"{&quot;_animation&quot;:&quot;fadeIn&quot;,&quot;_animation_delay&quot;:400}\" data-widget_type=\"image-box.default\">\n\t\t\t\t<div class=\"elementor-widget-container\">\n\t\t\t\t\t<div class=\"elementor-image-box-wrapper\"><figure class=\"elementor-image-box-img\"><img loading=\"lazy\" decoding=\"async\" width=\"64\" height=\"64\" src=\"https:\/\/moto-parts.eu\/wp-content\/uploads\/2025\/06\/xoriginal-1.png\" class=\"attachment-full size-full wp-image-8073\" alt=\"\" srcset=\"https:\/\/moto-parts.eu\/wp-content\/uploads\/2025\/06\/xoriginal-1.png 64w, https:\/\/moto-parts.eu\/wp-content\/uploads\/2025\/06\/xoriginal-1-12x12.png 12w\" sizes=\"(max-width: 64px) 100vw, 64px\" \/><\/figure><div class=\"elementor-image-box-content\"><h3 class=\"elementor-image-box-title\">Pouze origin\u00e1ln\u00ed d\u00edly Honda <\/h3><\/div><\/div>\t\t\t\t<\/div>\n\t\t\t\t<\/div>\n\t\t\t\t<div class=\"elementor-element elementor-element-83a7e40 elementor-position-top elementor-invisible elementor-widget elementor-widget-image-box\" data-id=\"83a7e40\" data-element_type=\"widget\" data-e-type=\"widget\" data-settings=\"{&quot;_animation&quot;:&quot;fadeIn&quot;,&quot;_animation_delay&quot;:800}\" data-widget_type=\"image-box.default\">\n\t\t\t\t<div class=\"elementor-widget-container\">\n\t\t\t\t\t<div class=\"elementor-image-box-wrapper\"><figure class=\"elementor-image-box-img\"><img loading=\"lazy\" decoding=\"async\" width=\"64\" height=\"64\" src=\"https:\/\/moto-parts.eu\/wp-content\/uploads\/2025\/06\/xwarehouse-1.png\" class=\"attachment-full size-full wp-image-8074\" alt=\"\" srcset=\"https:\/\/moto-parts.eu\/wp-content\/uploads\/2025\/06\/xwarehouse-1.png 64w, https:\/\/moto-parts.eu\/wp-content\/uploads\/2025\/06\/xwarehouse-1-12x12.png 12w\" sizes=\"(max-width: 64px) 100vw, 64px\" \/><\/figure><div class=\"elementor-image-box-content\"><h3 class=\"elementor-image-box-title\">K dispozici ihned<\/h3><\/div><\/div>\t\t\t\t<\/div>\n\t\t\t\t<\/div>\n\t\t\t\t<div class=\"elementor-element elementor-element-05f42b7 elementor-position-top elementor-invisible elementor-widget elementor-widget-image-box\" data-id=\"05f42b7\" data-element_type=\"widget\" data-e-type=\"widget\" data-settings=\"{&quot;_animation&quot;:&quot;fadeIn&quot;,&quot;_animation_delay&quot;:1200}\" data-widget_type=\"image-box.default\">\n\t\t\t\t<div class=\"elementor-widget-container\">\n\t\t\t\t\t<div class=\"elementor-image-box-wrapper\"><figure class=\"elementor-image-box-img\"><img loading=\"lazy\" decoding=\"async\" width=\"64\" height=\"64\" src=\"https:\/\/moto-parts.eu\/wp-content\/uploads\/2025\/06\/xworldwide-1.png\" class=\"attachment-full size-full wp-image-8075\" alt=\"\" srcset=\"https:\/\/moto-parts.eu\/wp-content\/uploads\/2025\/06\/xworldwide-1.png 64w, https:\/\/moto-parts.eu\/wp-content\/uploads\/2025\/06\/xworldwide-1-12x12.png 12w\" sizes=\"(max-width: 64px) 100vw, 64px\" \/><\/figure><div class=\"elementor-image-box-content\"><h3 class=\"elementor-image-box-title\">Celosv\u011btov\u00e1 doprava <\/h3><\/div><\/div>\t\t\t\t<\/div>\n\t\t\t\t<\/div>\n\t\t\t\t<div class=\"elementor-element elementor-element-1828be2 elementor-position-top elementor-invisible elementor-widget elementor-widget-image-box\" data-id=\"1828be2\" data-element_type=\"widget\" data-e-type=\"widget\" data-settings=\"{&quot;_animation&quot;:&quot;fadeIn&quot;,&quot;_animation_delay&quot;:1600}\" data-widget_type=\"image-box.default\">\n\t\t\t\t<div class=\"elementor-widget-container\">\n\t\t\t\t\t<div class=\"elementor-image-box-wrapper\"><figure class=\"elementor-image-box-img\"><img loading=\"lazy\" decoding=\"async\" width=\"64\" height=\"64\" src=\"https:\/\/moto-parts.eu\/wp-content\/uploads\/2025\/06\/xxmotorcycle.png\" class=\"attachment-full size-full wp-image-8076\" alt=\"\" srcset=\"https:\/\/moto-parts.eu\/wp-content\/uploads\/2025\/06\/xxmotorcycle.png 64w, https:\/\/moto-parts.eu\/wp-content\/uploads\/2025\/06\/xxmotorcycle-12x12.png 12w\" sizes=\"(max-width: 64px) 100vw, 64px\" \/><\/figure><div class=\"elementor-image-box-content\"><h3 class=\"elementor-image-box-title\">Technick\u00e9 poradenstv\u00ed<\/h3><\/div><\/div>\t\t\t\t<\/div>\n\t\t\t\t<\/div>\n\t\t\t\t<\/div>\n\t\t\t\t\t<\/div>\n\t\t\t\t<\/div>\n\t\t\t\t<\/div>","protected":false},"excerpt":{"rendered":"<p>Importer nowych oryginalnych cz\u0119\u015bci do motocykli marki Honda HONDA CRF 1100 Africa Twin HONDA CRF 1000 Africa Twin HONDA NT [&hellip;]<\/p>\n","protected":false},"author":1,"featured_media":0,"parent":0,"menu_order":0,"comment_status":"closed","ping_status":"closed","template":"","meta":{"site-sidebar-layout":"no-sidebar","site-content-layout":"","ast-site-content-layout":"full-width-container","site-content-style":"default","site-sidebar-style":"default","ast-global-header-display":"","ast-banner-title-visibility":"","ast-main-header-display":"","ast-hfb-above-header-display":"","ast-hfb-below-header-display":"","ast-hfb-mobile-header-display":"","site-post-title":"disabled","ast-breadcrumbs-content":"","ast-featured-img":"disabled","footer-sml-layout":"","ast-disable-related-posts":"","theme-transparent-header-meta":"","adv-header-id-meta":"","stick-header-meta":"","header-above-stick-meta":"","header-main-stick-meta":"","header-below-stick-meta":"","astra-migrate-meta-layouts":"default","ast-page-background-enabled":"default","ast-page-background-meta":{"desktop":{"background-color":"var(--ast-global-color-5)","background-image":"","background-repeat":"repeat","background-position":"center center","background-size":"auto","background-attachment":"scroll","background-type":"","background-media":"","overlay-type":"","overlay-color":"","overlay-opacity":"","overlay-gradient":""},"tablet":{"background-color":"","background-image":"","background-repeat":"repeat","background-position":"center center","background-size":"auto","background-attachment":"scroll","background-type":"","background-media":"","overlay-type":"","overlay-color":"","overlay-opacity":"","overlay-gradient":""},"mobile":{"background-color":"","background-image":"","background-repeat":"repeat","background-position":"center center","background-size":"auto","background-attachment":"scroll","background-type":"","background-media":"","overlay-type":"","overlay-color":"","overlay-opacity":"","overlay-gradient":""}},"ast-content-background-meta":{"desktop":{"background-color":"var(--ast-global-color-4)","background-image":"","background-repeat":"repeat","background-position":"center center","background-size":"auto","background-attachment":"scroll","background-type":"","background-media":"","overlay-type":"","overlay-color":"","overlay-opacity":"","overlay-gradient":""},"tablet":{"background-color":"var(--ast-global-color-4)","background-image":"","background-repeat":"repeat","background-position":"center center","background-size":"auto","background-attachment":"scroll","background-type":"","background-media":"","overlay-type":"","overlay-color":"","overlay-opacity":"","overlay-gradient":""},"mobile":{"background-color":"var(--ast-global-color-4)","background-image":"","background-repeat":"repeat","background-position":"center center","background-size":"auto","background-attachment":"scroll","background-type":"","background-media":"","overlay-type":"","overlay-color":"","overlay-opacity":"","overlay-gradient":""}},"footnotes":""},"class_list":["post-25","page","type-page","status-publish","hentry"],"_links":{"self":[{"href":"https:\/\/moto-parts.eu\/cs\/wp-json\/wp\/v2\/pages\/25","targetHints":{"allow":["GET"]}}],"collection":[{"href":"https:\/\/moto-parts.eu\/cs\/wp-json\/wp\/v2\/pages"}],"about":[{"href":"https:\/\/moto-parts.eu\/cs\/wp-json\/wp\/v2\/types\/page"}],"author":[{"embeddable":true,"href":"https:\/\/moto-parts.eu\/cs\/wp-json\/wp\/v2\/users\/1"}],"replies":[{"embeddable":true,"href":"https:\/\/moto-parts.eu\/cs\/wp-json\/wp\/v2\/comments?post=25"}],"version-history":[{"count":0,"href":"https:\/\/moto-parts.eu\/cs\/wp-json\/wp\/v2\/pages\/25\/revisions"}],"wp:attachment":[{"href":"https:\/\/moto-parts.eu\/cs\/wp-json\/wp\/v2\/media?parent=25"}],"curies":[{"name":"wp","href":"https:\/\/api.w.org\/{rel}","templated":true}]}}